{"id":997,"date":"2016-03-01T12:31:36","date_gmt":"2016-03-01T12:31:36","guid":{"rendered":"http:\/\/www.ipcszeged.hu\/?page_id=997"},"modified":"2016-03-10T08:41:40","modified_gmt":"2016-03-10T08:41:40","slug":"informaciok","status":"publish","type":"page","link":"https:\/\/ipcszeged.hu\/index.php\/programok-ahol-megtalalsz-bennunket\/vitorla-2\/vitorla\/informaciok\/","title":{"rendered":"Inform\u00e1ci\u00f3k"},"content":{"rendered":"<p><a href=\"http:\/\/www.ipcszeged.hu\/wp-content\/uploads\/2016\/03\/vitorla_kozossegvezeto_kepzo_leporello-j\u00f3-page-001.jpg\"><img loading=\"lazy\" decoding=\"async\" class=\"wp-image-1007 aligncenter\" src=\"http:\/\/www.ipcszeged.hu\/wp-content\/uploads\/2016\/03\/vitorla_kozossegvezeto_kepzo_leporello-j\u00f3-page-001-1146x3072.jpg\" alt=\"vitorla_kozossegvezeto_kepzo_leporello j\u00f3-page-001\" width=\"489\" height=\"1311\" srcset=\"https:\/\/ipcszeged.hu\/wp-content\/uploads\/2016\/03\/vitorla_kozossegvezeto_kepzo_leporello-j\u00f3-page-001-1146x3072.jpg 1146w, https:\/\/ipcszeged.hu\/wp-content\/uploads\/2016\/03\/vitorla_kozossegvezeto_kepzo_leporello-j\u00f3-page-001-56x150.jpg 56w, https:\/\/ipcszeged.hu\/wp-content\/uploads\/2016\/03\/vitorla_kozossegvezeto_kepzo_leporello-j\u00f3-page-001-112x300.jpg 112w, https:\/\/ipcszeged.hu\/wp-content\/uploads\/2016\/03\/vitorla_kozossegvezeto_kepzo_leporello-j\u00f3-page-001-945x2533.jpg 945w, https:\/\/ipcszeged.hu\/wp-content\/uploads\/2016\/03\/vitorla_kozossegvezeto_kepzo_leporello-j\u00f3-page-001-600x1608.jpg 600w, https:\/\/ipcszeged.hu\/wp-content\/uploads\/2016\/03\/vitorla_kozossegvezeto_kepzo_leporello-j\u00f3-page-001.jpg 1961w\" sizes=\"auto, (max-width: 489px) 100vw, 489px\" \/><img loading=\"lazy\" decoding=\"async\" class=\"wp-image-1008 aligncenter\" src=\"http:\/\/www.ipcszeged.hu\/wp-content\/uploads\/2016\/03\/vitorla_kozossegvezeto_kepzo_leporello-j\u00f3-page-002-1146x3072.jpg\" alt=\"vitorla_kozossegvezeto_kepzo_leporello j\u00f3-page-002\" width=\"490\" height=\"1314\" srcset=\"https:\/\/ipcszeged.hu\/wp-content\/uploads\/2016\/03\/vitorla_kozossegvezeto_kepzo_leporello-j\u00f3-page-002-1146x3072.jpg 1146w, https:\/\/ipcszeged.hu\/wp-content\/uploads\/2016\/03\/vitorla_kozossegvezeto_kepzo_leporello-j\u00f3-page-002-56x150.jpg 56w, https:\/\/ipcszeged.hu\/wp-content\/uploads\/2016\/03\/vitorla_kozossegvezeto_kepzo_leporello-j\u00f3-page-002-112x300.jpg 112w, https:\/\/ipcszeged.hu\/wp-content\/uploads\/2016\/03\/vitorla_kozossegvezeto_kepzo_leporello-j\u00f3-page-002-945x2533.jpg 945w, https:\/\/ipcszeged.hu\/wp-content\/uploads\/2016\/03\/vitorla_kozossegvezeto_kepzo_leporello-j\u00f3-page-002-600x1608.jpg 600w, https:\/\/ipcszeged.hu\/wp-content\/uploads\/2016\/03\/vitorla_kozossegvezeto_kepzo_leporello-j\u00f3-page-002.jpg 1961w\" sizes=\"auto, (max-width: 490px) 100vw, 490px\" \/><\/a><\/p>\n<p>A leporell\u00f3 let\u00f6lthet\u0151 v\u00e1ltozata:\u00a0<a href=\"http:\/\/www.ipcszeged.hu\/wp-content\/uploads\/2016\/03\/vitorla_kozossegvezeto_kepzo_leporello-j\u00f3.pdf\">vitorla_kozossegvezeto_kepzo_leporello j\u00f3<\/a><\/p>\n ","protected":false},"excerpt":{"rendered":"<p>A leporell\u00f3 let\u00f6lthet\u0151 v\u00e1ltozata:\u00a0vitorla_kozossegvezeto_kepzo_leporello j\u00f3<\/p>\n","protected":false},"author":1,"featured_media":0,"parent":994,"menu_order":0,"comment_status":"closed","ping_status":"closed","template":"","meta":{"ngg_post_thumbnail":0,"footnotes":""},"class_list":["post-997","page","type-page","status-publish","hentry"],"_links":{"self":[{"href":"https:\/\/ipcszeged.hu\/index.php\/wp-json\/wp\/v2\/pages\/997","targetHints":{"allow":["GET"]}}],"collection":[{"href":"https:\/\/ipcszeged.hu\/index.php\/wp-json\/wp\/v2\/pages"}],"about":[{"href":"https:\/\/ipcszeged.hu\/index.php\/wp-json\/wp\/v2\/types\/page"}],"author":[{"embeddable":true,"href":"https:\/\/ipcszeged.hu\/index.php\/wp-json\/wp\/v2\/users\/1"}],"replies":[{"embeddable":true,"href":"https:\/\/ipcszeged.hu\/index.php\/wp-json\/wp\/v2\/comments?post=997"}],"version-history":[{"count":3,"href":"https:\/\/ipcszeged.hu\/index.php\/wp-json\/wp\/v2\/pages\/997\/revisions"}],"predecessor-version":[{"id":1009,"href":"https:\/\/ipcszeged.hu\/index.php\/wp-json\/wp\/v2\/pages\/997\/revisions\/1009"}],"up":[{"embeddable":true,"href":"https:\/\/ipcszeged.hu\/index.php\/wp-json\/wp\/v2\/pages\/994"}],"wp:attachment":[{"href":"https:\/\/ipcszeged.hu\/index.php\/wp-json\/wp\/v2\/media?parent=997"}],"curies":[{"name":"wp","href":"https:\/\/api.w.org\/{rel}","templated":true}]}}