{"id":8678,"date":"2018-11-26T13:53:35","date_gmt":"2018-11-26T13:53:35","guid":{"rendered":"http:\/\/www.ipcszeged.hu\/?page_id=8678"},"modified":"2018-11-26T13:53:35","modified_gmt":"2018-11-26T13:53:35","slug":"informaciok-2","status":"publish","type":"page","link":"https:\/\/ipcszeged.hu\/index.php\/programok-ahol-megtalalsz-bennunket\/egyhazmegyei-nyari-tabor\/xv-egyhazmegyei-nyari-tabor\/informaciok-2\/","title":{"rendered":"Inform\u00e1ci\u00f3k"},"content":{"rendered":"<h4>Id\u0151pont: 2018- j\u00fanius 25. &#8211; j\u00falius 1.<\/h4>\n<h4>Helysz\u00edn: Domasz\u00e9k-Z\u00f6ldf\u00e1s<\/h4>\n<h4>T\u00e9ma: AJ\u00c1ND\u00c9K<\/h4>\n<h4>Kik jelentkezhetnek?<\/h4>\n<ul>\n<li>\n<h4>13-18 \u00e9v k\u00f6zti fiatalok pl\u00e9b\u00e1nosi aj\u00e1nl\u00e1ssal.<\/h4>\n<\/li>\n<li>\n<h4>A jelentkez\u00e9seket id\u0151rendi sorrendben fogadjuk, az els\u0151 65 fiatal jelentkez\u00e9s\u00e9t tudjuk fogadni, de egy v\u00e1r\u00f3list\u00e1t is kialak\u00edtunk, a k\u00e9s\u0151bbi visszamond\u00e1sok miatt.&nbsp;<\/h4>\n<\/li>\n<\/ul>\n<h4>Meddig lehet jelentkezni?&nbsp;<\/h4>\n<ul>\n<li>\n<h4>2018. j\u00fanius 10-ig.<\/h4>\n<\/li>\n<\/ul>\n<h4>Mennyibe ker\u00fcl a t\u00e1bor?<\/h4>\n<ul>\n<li>\n<h4>A t\u00e1bort az EFOP 1.2.2-15-2016-00033 sz\u00e1m\u00fa projekt keretein bel\u00fcl szervezz\u00fck, \u00edgy a r\u00e9szv\u00e9tel d\u00edjtalan.<\/h4>\n<\/li>\n<\/ul>\n<p>&nbsp;<\/p>\n ","protected":false},"excerpt":{"rendered":"<p>Id\u0151pont: 2018- j\u00fanius 25. &#8211; j\u00falius 1. Helysz\u00edn: Domasz\u00e9k-Z\u00f6ldf\u00e1s T\u00e9ma: AJ\u00c1ND\u00c9K Kik jelentkezhetnek? 13-18 \u00e9v k\u00f6zti fiatalok pl\u00e9b\u00e1nosi aj\u00e1nl\u00e1ssal. A jelentkez\u00e9seket id\u0151rendi sorrendben fogadjuk, az els\u0151 65 fiatal jelentkez\u00e9s\u00e9t tudjuk fogadni, de egy v\u00e1r\u00f3list\u00e1t is kialak\u00edtunk, a k\u00e9s\u0151bbi visszamond\u00e1sok miatt.&nbsp; Meddig lehet jelentkezni?&nbsp; 2018. j\u00fanius 10-ig. Mennyibe ker\u00fcl a t\u00e1bor? A t\u00e1bort az EFOP 1.2.2-15-2016-00033&hellip; <br \/> <a class=\"read-more\" href=\"https:\/\/ipcszeged.hu\/index.php\/programok-ahol-megtalalsz-bennunket\/egyhazmegyei-nyari-tabor\/xv-egyhazmegyei-nyari-tabor\/informaciok-2\/\">Read more<\/a><\/p>\n","protected":false},"author":1,"featured_media":0,"parent":8674,"menu_order":0,"comment_status":"closed","ping_status":"closed","template":"","meta":{"ngg_post_thumbnail":0,"footnotes":""},"class_list":["post-8678","page","type-page","status-publish","hentry"],"_links":{"self":[{"href":"https:\/\/ipcszeged.hu\/index.php\/wp-json\/wp\/v2\/pages\/8678","targetHints":{"allow":["GET"]}}],"collection":[{"href":"https:\/\/ipcszeged.hu\/index.php\/wp-json\/wp\/v2\/pages"}],"about":[{"href":"https:\/\/ipcszeged.hu\/index.php\/wp-json\/wp\/v2\/types\/page"}],"author":[{"embeddable":true,"href":"https:\/\/ipcszeged.hu\/index.php\/wp-json\/wp\/v2\/users\/1"}],"replies":[{"embeddable":true,"href":"https:\/\/ipcszeged.hu\/index.php\/wp-json\/wp\/v2\/comments?post=8678"}],"version-history":[{"count":1,"href":"https:\/\/ipcszeged.hu\/index.php\/wp-json\/wp\/v2\/pages\/8678\/revisions"}],"predecessor-version":[{"id":8680,"href":"https:\/\/ipcszeged.hu\/index.php\/wp-json\/wp\/v2\/pages\/8678\/revisions\/8680"}],"up":[{"embeddable":true,"href":"https:\/\/ipcszeged.hu\/index.php\/wp-json\/wp\/v2\/pages\/8674"}],"wp:attachment":[{"href":"https:\/\/ipcszeged.hu\/index.php\/wp-json\/wp\/v2\/media?parent=8678"}],"curies":[{"name":"wp","href":"https:\/\/api.w.org\/{rel}","templated":true}]}}