{"id":8660,"date":"2018-05-04T09:27:02","date_gmt":"2018-05-04T09:27:02","guid":{"rendered":"http:\/\/www.ipcszeged.hu\/?page_id=8660"},"modified":"2019-07-29T13:07:29","modified_gmt":"2019-07-29T13:07:29","slug":"bit2018","status":"publish","type":"page","link":"https:\/\/ipcszeged.hu\/index.php\/programok-ahol-megtalalsz-bennunket\/bit-bekes-megyei-ifjusagi-talalkozo\/bit2018\/","title":{"rendered":"BIT 2018"},"content":{"rendered":"<h2 style=\"text-align: center;\">B\u00e9k\u00e9s Megyei Ifj\u00fas\u00e1gi Tal\u00e1lkoz\u00f3&nbsp;<\/h2>\n<h3 style=\"text-align: center;\">&#8220;\u00c9rt\u00e9kes Vagy!&#8221;<\/h3>\n<h3 style=\"text-align: center;\">2018. j\u00fanius 02. &#8211; B\u00e9k\u00e9scsaba Belv\u00e1rosi Pl\u00e9b\u00e1nia<\/h3>\n<h3 style=\"text-align: center;\">v\u00e1rjuk a 12-18 \u00e9v k\u00f6z\u00f6tti fiatalok jelentkez\u00e9s\u00e9t!<\/h3>\n<h3 style=\"text-align: center;\"><span style=\"color: #ff0000;\">Regisztr\u00e1ci\u00f3s Hat\u00e1rid\u0151: 2018. m\u00e1jus 25.<\/span><\/h3>\n<p><iframe loading=\"lazy\" src=\"https:\/\/docs.google.com\/forms\/d\/e\/1FAIpQLSf66CoczRwQmcVqJINplzw6xAn7AGVibqMSm0QfvE0HkPLgKw\/viewform?embedded=true\" width=\"1024\" height=\"760\" frameborder=\"0\" marginwidth=\"0\" marginheight=\"0\">Bet\u00f6lt\u00e9s&#8230;<\/iframe><\/p>\n<p>&nbsp;<\/p>\n ","protected":false},"excerpt":{"rendered":"<p>B\u00e9k\u00e9s Megyei Ifj\u00fas\u00e1gi Tal\u00e1lkoz\u00f3&nbsp; &#8220;\u00c9rt\u00e9kes Vagy!&#8221; 2018. j\u00fanius 02. &#8211; B\u00e9k\u00e9scsaba Belv\u00e1rosi Pl\u00e9b\u00e1nia v\u00e1rjuk a 12-18 \u00e9v k\u00f6z\u00f6tti fiatalok jelentkez\u00e9s\u00e9t! Regisztr\u00e1ci\u00f3s Hat\u00e1rid\u0151: 2018. m\u00e1jus 25. Bet\u00f6lt\u00e9s&#8230; &nbsp;<\/p>\n","protected":false},"author":1,"featured_media":0,"parent":16209,"menu_order":1,"comment_status":"closed","ping_status":"closed","template":"","meta":{"ngg_post_thumbnail":0,"footnotes":""},"class_list":["post-8660","page","type-page","status-publish","hentry"],"_links":{"self":[{"href":"https:\/\/ipcszeged.hu\/index.php\/wp-json\/wp\/v2\/pages\/8660","targetHints":{"allow":["GET"]}}],"collection":[{"href":"https:\/\/ipcszeged.hu\/index.php\/wp-json\/wp\/v2\/pages"}],"about":[{"href":"https:\/\/ipcszeged.hu\/index.php\/wp-json\/wp\/v2\/types\/page"}],"author":[{"embeddable":true,"href":"https:\/\/ipcszeged.hu\/index.php\/wp-json\/wp\/v2\/users\/1"}],"replies":[{"embeddable":true,"href":"https:\/\/ipcszeged.hu\/index.php\/wp-json\/wp\/v2\/comments?post=8660"}],"version-history":[{"count":2,"href":"https:\/\/ipcszeged.hu\/index.php\/wp-json\/wp\/v2\/pages\/8660\/revisions"}],"predecessor-version":[{"id":15774,"href":"https:\/\/ipcszeged.hu\/index.php\/wp-json\/wp\/v2\/pages\/8660\/revisions\/15774"}],"up":[{"embeddable":true,"href":"https:\/\/ipcszeged.hu\/index.php\/wp-json\/wp\/v2\/pages\/16209"}],"wp:attachment":[{"href":"https:\/\/ipcszeged.hu\/index.php\/wp-json\/wp\/v2\/media?parent=8660"}],"curies":[{"name":"wp","href":"https:\/\/api.w.org\/{rel}","templated":true}]}}