{"id":7374,"date":"2018-02-27T14:44:18","date_gmt":"2018-02-27T14:44:18","guid":{"rendered":"http:\/\/www.ipcszeged.hu\/?page_id=7374"},"modified":"2018-11-26T14:06:39","modified_gmt":"2018-11-26T14:06:39","slug":"fiatalokrol-fiataloknak","status":"publish","type":"page","link":"https:\/\/ipcszeged.hu\/index.php\/fiatalokrol-fiataloknak\/","title":{"rendered":"Fiatalokr\u00f3l fiataloknak"},"content":{"rendered":"<h2 style=\"text-align: center;\">Minden ami a FIATALOKR\u00d3L sz\u00f3l a Szeged-Csan\u00e1di Egyh\u00e1zmegy\u00e9ben!<a href=\"http:\/\/www.ipcszeged.hu\/index.php\/fiatalokrol-fiataloknak\/pexels-photo-325521\/\" rel=\"attachment wp-att-7375\"><br \/>\n<img loading=\"lazy\" decoding=\"async\" class=\"aligncenter size-full wp-image-7375\" src=\"http:\/\/www.ipcszeged.hu\/wp-content\/uploads\/2018\/02\/pexels-photo-325521.jpeg\" alt=\"\" width=\"2048\" height=\"1366\" srcset=\"https:\/\/ipcszeged.hu\/wp-content\/uploads\/2018\/02\/pexels-photo-325521.jpeg 2048w, https:\/\/ipcszeged.hu\/wp-content\/uploads\/2018\/02\/pexels-photo-325521-150x100.jpeg 150w, https:\/\/ipcszeged.hu\/wp-content\/uploads\/2018\/02\/pexels-photo-325521-300x200.jpeg 300w, https:\/\/ipcszeged.hu\/wp-content\/uploads\/2018\/02\/pexels-photo-325521-768x512.jpeg 768w, https:\/\/ipcszeged.hu\/wp-content\/uploads\/2018\/02\/pexels-photo-325521-1024x683.jpeg 1024w, https:\/\/ipcszeged.hu\/wp-content\/uploads\/2018\/02\/pexels-photo-325521-1619x1080.jpeg 1619w\" sizes=\"auto, (max-width: 2048px) 100vw, 2048px\" \/><\/a><\/h2>\n ","protected":false},"excerpt":{"rendered":"<p>Minden ami a FIATALOKR\u00d3L sz\u00f3l a Szeged-Csan\u00e1di Egyh\u00e1zmegy\u00e9ben!<\/p>\n","protected":false},"author":1,"featured_media":0,"parent":0,"menu_order":5,"comment_status":"closed","ping_status":"closed","template":"","meta":{"ngg_post_thumbnail":0,"footnotes":""},"class_list":["post-7374","page","type-page","status-publish","hentry"],"_links":{"self":[{"href":"https:\/\/ipcszeged.hu\/index.php\/wp-json\/wp\/v2\/pages\/7374","targetHints":{"allow":["GET"]}}],"collection":[{"href":"https:\/\/ipcszeged.hu\/index.php\/wp-json\/wp\/v2\/pages"}],"about":[{"href":"https:\/\/ipcszeged.hu\/index.php\/wp-json\/wp\/v2\/types\/page"}],"author":[{"embeddable":true,"href":"https:\/\/ipcszeged.hu\/index.php\/wp-json\/wp\/v2\/users\/1"}],"replies":[{"embeddable":true,"href":"https:\/\/ipcszeged.hu\/index.php\/wp-json\/wp\/v2\/comments?post=7374"}],"version-history":[{"count":2,"href":"https:\/\/ipcszeged.hu\/index.php\/wp-json\/wp\/v2\/pages\/7374\/revisions"}],"predecessor-version":[{"id":7378,"href":"https:\/\/ipcszeged.hu\/index.php\/wp-json\/wp\/v2\/pages\/7374\/revisions\/7378"}],"wp:attachment":[{"href":"https:\/\/ipcszeged.hu\/index.php\/wp-json\/wp\/v2\/media?parent=7374"}],"curies":[{"name":"wp","href":"https:\/\/api.w.org\/{rel}","templated":true}]}}