{"id":7244,"date":"2018-02-14T20:20:45","date_gmt":"2018-02-14T20:20:45","guid":{"rendered":"http:\/\/www.ipcszeged.hu\/index.php\/mesmerize\/"},"modified":"2026-03-31T09:53:58","modified_gmt":"2026-03-31T08:53:58","slug":"mesmerize","status":"publish","type":"page","link":"https:\/\/ipcszeged.hu\/","title":{"rendered":"F\u0151oldal"},"content":{"rendered":"<div  class=\"wp-block-group is-nowrap is-layout-flex wp-container-core-group-is-layout-ad2f72ca wp-block-group-is-layout-flex\">\n<div  id=\"about-1\" class=\"about-9 content-section content-section-spacing\" style=\"background-color: #ffffff;\" data-label=\"About\" data-id=\"about--1\" data-export-id=\"about-9\" data-category=\"about\">\n<div  class=\"gridContainer\">\n<div  class=\"row middle-sm text-center\">\n<div  class=\"col-sm-5 space-bottom-xs content-column content-right-sm\" data-type=\"column\">\n\n\n\n\n\n<\/div>\n<div  class=\"col-sm-7 flexbox flexbox middle-xs center-xs space-bottom-xs\">\n<div  class=\"overlay-box flexbox middle-xs center-xs overlay-holder \">\n<p ><img  decoding=\"async\" class=\"flexbox shadow-large img1\" title=\"cropped-adventfeszt2025-ok-1.jpg\" src=\"https:\/\/ipcszeged.hu\/wp-content\/uploads\/2025\/10\/cropped-adventfeszt2025-ok-1.jpg\" alt=\"\" data-size=\"600x400\"><\/p>\n<\/div>\n<\/div>\n<\/div>\n<\/div>\n<\/div>\n<\/div><p ><\/p><div  data-label=\"About\" data-id=\"about--1\" data-export-id=\"about-10\" data-category=\"about\" class=\"about-10 content-section content-section-spacing\" id=\"about-1\" style=\"background-color: rgb(255, 255, 255);\"><div  class=\"gridContainer\"> <div  class=\"row middle-sm text-center\"><div  class=\"col-sm-5 space-bottom-xs content-column content-right-sm\" data-type=\"column\"> <h5  class=\"\">XXIII. Egyh\u00e1zmegyei Ny\u00e1ri T\u00e1bor<\/h5> <h2  class=\"\"><font  face=\"Playfair Display, sans-serif\"><i >,,Ti vagytok a vil\u00e1g vil\u00e1goss\u00e1ga.\u201d (Mt 5,14)<\/i><\/font>&nbsp;<\/h2> <p  class=\"\">A Szeged\u2013Csan\u00e1di Egyh\u00e1zmegye id\u00e9n m\u00e1r XXIII. alkalommal szervezi meg ifj\u00fas\u00e1gi ny\u00e1ri t\u00e1bor\u00e1t..\n<br ><br >\n<br >A t\u00e1bor lehet\u0151s\u00e9get ad arra, hogy az egyh\u00e1zmegy\u00e9ben l\u00e9v\u0151 k\u00fcl\u00f6nb\u00f6z\u0151 pl\u00e9b\u00e1ni\u00e1k fiataljai megismerj\u00e9k egym\u00e1st, egy\u00fctt \u00f6r\u00fcljenek, im\u00e1dkozzanak \u00e9s er\u0151s\u00edts\u00e9k egym\u00e1sban az egyh\u00e1zmegyei identit\u00e1st.<\/p> <a  class=\"button color1\" href=\"https:\/\/ipcszeged.hu\/index.php\/regisztracio-egyhazmegyei-nyari-tabor\" target=\"_blank\" data-cp-link=\"1\">Regisztr\u00e1ci\u00f3<\/a><a  class=\"button blue\" href=\"https:\/\/ipcszeged.hu\/index.php\/tabor-programterve-2026\" target=\"_blank\" data-cp-link=\"1\">Program<\/a><a  class=\"button blue\" href=\"https:\/\/ipcszeged.hu\/index.php\/csoportvezetok-2026\" target=\"_blank\" data-cp-link=\"1\">Csoportvezet\u0151k<\/a><\/div> <div  class=\"col-sm-7 flexbox middle-xs center-xs space-bottom-xs\"><div  class=\"overlay-box middle-xs center-xs flexbox\"> <div  class=\"overlay-box-offset offset-border shadow-medium border-color1 hide-xs\"><\/div> <img  decoding=\"async\" class=\"shadow-large\" data-size=\"485x705\" src=\"https:\/\/ipcszeged.hu\/wp-content\/uploads\/2026\/03\/cropped-nyari-tabor2026-ok_page-0001-scaled-1.jpg\" title=\"nyari-tabor2026-ok_page-0001\" alt=\"\"><\/div> <\/div><\/div> <\/div><\/div> ","protected":false},"excerpt":{"rendered":"<p>XXIII. Egyh\u00e1zmegyei Ny\u00e1ri T\u00e1bor ,,Ti vagytok a vil\u00e1g vil\u00e1goss\u00e1ga.\u201d (Mt 5,14)&nbsp; A Szeged\u2013Csan\u00e1di Egyh\u00e1zmegye id\u00e9n m\u00e1r XXIII. alkalommal szervezi meg ifj\u00fas\u00e1gi ny\u00e1ri t\u00e1bor\u00e1t.. A t\u00e1bor lehet\u0151s\u00e9get ad arra, hogy az egyh\u00e1zmegy\u00e9ben l\u00e9v\u0151 k\u00fcl\u00f6nb\u00f6z\u0151 pl\u00e9b\u00e1ni\u00e1k fiataljai megismerj\u00e9k egym\u00e1st, egy\u00fctt \u00f6r\u00fcljenek, im\u00e1dkozzanak \u00e9s er\u0151s\u00edts\u00e9k egym\u00e1sban az egyh\u00e1zmegyei identit\u00e1st. Regisztr\u00e1ci\u00f3ProgramCsoportvezet\u0151k<\/p>\n","protected":false},"author":1,"featured_media":2363,"parent":0,"menu_order":0,"comment_status":"closed","ping_status":"closed","template":"page-templates\/homepage.php","meta":{"ngg_post_thumbnail":0,"footnotes":""},"class_list":["post-7244","page","type-page","status-publish","has-post-thumbnail","hentry"],"_links":{"self":[{"href":"https:\/\/ipcszeged.hu\/index.php\/wp-json\/wp\/v2\/pages\/7244","targetHints":{"allow":["GET"]}}],"collection":[{"href":"https:\/\/ipcszeged.hu\/index.php\/wp-json\/wp\/v2\/pages"}],"about":[{"href":"https:\/\/ipcszeged.hu\/index.php\/wp-json\/wp\/v2\/types\/page"}],"author":[{"embeddable":true,"href":"https:\/\/ipcszeged.hu\/index.php\/wp-json\/wp\/v2\/users\/1"}],"replies":[{"embeddable":true,"href":"https:\/\/ipcszeged.hu\/index.php\/wp-json\/wp\/v2\/comments?post=7244"}],"version-history":[{"count":261,"href":"https:\/\/ipcszeged.hu\/index.php\/wp-json\/wp\/v2\/pages\/7244\/revisions"}],"predecessor-version":[{"id":18715,"href":"https:\/\/ipcszeged.hu\/index.php\/wp-json\/wp\/v2\/pages\/7244\/revisions\/18715"}],"wp:featuredmedia":[{"embeddable":true,"href":"https:\/\/ipcszeged.hu\/index.php\/wp-json\/wp\/v2\/media\/2363"}],"wp:attachment":[{"href":"https:\/\/ipcszeged.hu\/index.php\/wp-json\/wp\/v2\/media?parent=7244"}],"curies":[{"name":"wp","href":"https:\/\/api.w.org\/{rel}","templated":true}]}}