{"id":719,"date":"2016-02-12T10:39:08","date_gmt":"2016-02-12T10:39:08","guid":{"rendered":"http:\/\/www.ipcszeged.hu\/?page_id=719"},"modified":"2016-02-12T13:10:12","modified_gmt":"2016-02-12T13:10:12","slug":"hamvazkodjal-hivo-lelek","status":"publish","type":"page","link":"https:\/\/ipcszeged.hu\/index.php\/letoltesek\/segedanyagok\/nagybojt\/hamvazkodjal-hivo-lelek\/","title":{"rendered":"Hamvazkodj\u00e1l h\u00edv\u0151 l\u00e9lek!"},"content":{"rendered":"<p>&nbsp;<\/p>\n<div style=\"width: 1920px;\" class=\"wp-video\"><video class=\"wp-video-shortcode\" id=\"video-719-1\" width=\"1920\" height=\"1080\" preload=\"metadata\" controls=\"controls\"><source type=\"video\/mp4\" src=\"http:\/\/www.ipcszeged.hu\/wp-content\/uploads\/2016\/02\/hamvazkodj.mp4?_=1\" \/><a href=\"http:\/\/www.ipcszeged.hu\/wp-content\/uploads\/2016\/02\/hamvazkodj.mp4\">http:\/\/www.ipcszeged.hu\/wp-content\/uploads\/2016\/02\/hamvazkodj.mp4<\/a><\/video><\/div>\n<p>A vide\u00f3 ppt form\u00e1tumban is let\u00f6lthet\u0151.<\/p>\n<ul>\n<li>\u00a0<a href=\"http:\/\/www.ipcszeged.hu\/wp-content\/uploads\/2016\/02\/hamvaz\u00f3szerda2014.ppt\">hamvaz\u00f3szerda2016<\/a>\u00a0(dalok sz\u00f6veg\u00e9vel);<\/li>\n<li><a href=\"http:\/\/www.ipcszeged.hu\/wp-content\/uploads\/2016\/02\/hamvaz\u00f3szerda2016.ppt\">hamvaz\u00f3szerda2016<\/a>\u00a0(r\u00f6vid\u00edtett v\u00e1ltozat)<\/li>\n<\/ul>\n ","protected":false},"excerpt":{"rendered":"<p>&nbsp; A vide\u00f3 ppt form\u00e1tumban is let\u00f6lthet\u0151. \u00a0hamvaz\u00f3szerda2016\u00a0(dalok sz\u00f6veg\u00e9vel); hamvaz\u00f3szerda2016\u00a0(r\u00f6vid\u00edtett v\u00e1ltozat)<\/p>\n","protected":false},"author":1,"featured_media":0,"parent":729,"menu_order":0,"comment_status":"closed","ping_status":"closed","template":"","meta":{"ngg_post_thumbnail":0,"footnotes":""},"class_list":["post-719","page","type-page","status-publish","hentry"],"_links":{"self":[{"href":"https:\/\/ipcszeged.hu\/index.php\/wp-json\/wp\/v2\/pages\/719","targetHints":{"allow":["GET"]}}],"collection":[{"href":"https:\/\/ipcszeged.hu\/index.php\/wp-json\/wp\/v2\/pages"}],"about":[{"href":"https:\/\/ipcszeged.hu\/index.php\/wp-json\/wp\/v2\/types\/page"}],"author":[{"embeddable":true,"href":"https:\/\/ipcszeged.hu\/index.php\/wp-json\/wp\/v2\/users\/1"}],"replies":[{"embeddable":true,"href":"https:\/\/ipcszeged.hu\/index.php\/wp-json\/wp\/v2\/comments?post=719"}],"version-history":[{"count":3,"href":"https:\/\/ipcszeged.hu\/index.php\/wp-json\/wp\/v2\/pages\/719\/revisions"}],"predecessor-version":[{"id":723,"href":"https:\/\/ipcszeged.hu\/index.php\/wp-json\/wp\/v2\/pages\/719\/revisions\/723"}],"up":[{"embeddable":true,"href":"https:\/\/ipcszeged.hu\/index.php\/wp-json\/wp\/v2\/pages\/729"}],"wp:attachment":[{"href":"https:\/\/ipcszeged.hu\/index.php\/wp-json\/wp\/v2\/media?parent=719"}],"curies":[{"name":"wp","href":"https:\/\/api.w.org\/{rel}","templated":true}]}}