{"id":690,"date":"2016-01-26T11:39:10","date_gmt":"2016-01-26T11:39:10","guid":{"rendered":"http:\/\/www.ipcszeged.hu\/?page_id=690"},"modified":"2016-01-26T11:44:35","modified_gmt":"2016-01-26T11:44:35","slug":"bordanyban-jartunk","status":"publish","type":"page","link":"https:\/\/ipcszeged.hu\/index.php\/programok-ahol-megtalalsz-bennunket\/korzeti-ifjusagi-talalkozo\/bordanyban-jartunk\/","title":{"rendered":"Bord\u00e1nyban j\u00e1rtunk&#8230;.."},"content":{"rendered":"<h4 style=\"text-align: center;\"><img decoding=\"async\" class=\"aligncenter\" src=\"https:\/\/s-media-cache-ak0.pinimg.com\/736x\/ee\/8f\/18\/ee8f18e28f93293ab8b0e1d7eda42c6f.jpg\" alt=\"\" \/><\/h4>\n<p style=\"text-align: center;\">2016.01.23-\u00e1n a Forr\u00e1sk\u00fati K\u00f6rzet k\u00f6zel 90 fiatalja tal\u00e1lkozott Bord\u00e1nyban, hogy egy\u00fctt k\u00e9sz\u00fclhessenek a farsangra \u00e1larcok, csuh\u00e9 vir\u00e1gok, vessz\u0151karik\u00e1k \u00e9s k\u00f6nyvjelz\u0151csk\u00e9k k\u00e9sz\u00edt\u00e9s\u00e9vel. A tal\u00e1lkoz\u00f3 cs\u00facsa a f\u00e1nk s\u00fct\u00e9s \u00e9s ev\u00e9s volt, amelynek levezet\u00e9se alkalm\u00e1b\u00f3l, t\u00e1nch\u00e1zban vehettek r\u00e9szt a fiatalok. A programot az IPC \u00e9s a helyi hitoktat\u00f3k tervezt\u00e9k \u00e9s koordin\u00e1lt\u00e1k.<\/p>\n<h3 style=\"text-align: center;\"><a href=\"http:\/\/www.ipcszeged.hu\/index.php\/2016\/01\/25\/bordanyban-jartunk\/\" target=\"_blank\">K\u00e9pek a tal\u00e1lkoz\u00f3r\u00f3l<\/a><\/h3>\n ","protected":false},"excerpt":{"rendered":"<p>2016.01.23-\u00e1n a Forr\u00e1sk\u00fati K\u00f6rzet k\u00f6zel 90 fiatalja tal\u00e1lkozott Bord\u00e1nyban, hogy egy\u00fctt k\u00e9sz\u00fclhessenek a farsangra \u00e1larcok, csuh\u00e9 vir\u00e1gok, vessz\u0151karik\u00e1k \u00e9s k\u00f6nyvjelz\u0151csk\u00e9k k\u00e9sz\u00edt\u00e9s\u00e9vel. A tal\u00e1lkoz\u00f3 cs\u00facsa a f\u00e1nk s\u00fct\u00e9s \u00e9s ev\u00e9s volt, amelynek levezet\u00e9se alkalm\u00e1b\u00f3l, t\u00e1nch\u00e1zban vehettek r\u00e9szt a fiatalok. A programot az IPC \u00e9s a helyi hitoktat\u00f3k tervezt\u00e9k \u00e9s koordin\u00e1lt\u00e1k. K\u00e9pek a tal\u00e1lkoz\u00f3r\u00f3l<\/p>\n","protected":false},"author":1,"featured_media":0,"parent":277,"menu_order":0,"comment_status":"closed","ping_status":"closed","template":"","meta":{"ngg_post_thumbnail":0,"footnotes":""},"class_list":["post-690","page","type-page","status-publish","hentry"],"_links":{"self":[{"href":"https:\/\/ipcszeged.hu\/index.php\/wp-json\/wp\/v2\/pages\/690","targetHints":{"allow":["GET"]}}],"collection":[{"href":"https:\/\/ipcszeged.hu\/index.php\/wp-json\/wp\/v2\/pages"}],"about":[{"href":"https:\/\/ipcszeged.hu\/index.php\/wp-json\/wp\/v2\/types\/page"}],"author":[{"embeddable":true,"href":"https:\/\/ipcszeged.hu\/index.php\/wp-json\/wp\/v2\/users\/1"}],"replies":[{"embeddable":true,"href":"https:\/\/ipcszeged.hu\/index.php\/wp-json\/wp\/v2\/comments?post=690"}],"version-history":[{"count":3,"href":"https:\/\/ipcszeged.hu\/index.php\/wp-json\/wp\/v2\/pages\/690\/revisions"}],"predecessor-version":[{"id":693,"href":"https:\/\/ipcszeged.hu\/index.php\/wp-json\/wp\/v2\/pages\/690\/revisions\/693"}],"up":[{"embeddable":true,"href":"https:\/\/ipcszeged.hu\/index.php\/wp-json\/wp\/v2\/pages\/277"}],"wp:attachment":[{"href":"https:\/\/ipcszeged.hu\/index.php\/wp-json\/wp\/v2\/media?parent=690"}],"curies":[{"name":"wp","href":"https:\/\/api.w.org\/{rel}","templated":true}]}}