{"id":6762,"date":"2017-11-30T07:41:59","date_gmt":"2017-11-30T07:41:59","guid":{"rendered":"http:\/\/www.ipcszeged.hu\/?page_id=6762"},"modified":"2017-11-30T07:41:59","modified_gmt":"2017-11-30T07:41:59","slug":"szeged-csanadi-egyhazmegye","status":"publish","type":"page","link":"https:\/\/ipcszeged.hu\/index.php\/szeged-csanadi-egyhazmegye\/","title":{"rendered":"Szeged-Csan\u00e1di Egyh\u00e1zmegye"},"content":{"rendered":"<h3><a href=\"http:\/\/www.szeged-csanad.hu\/\" target=\"_blank\" rel=\"noopener\">A Szeged-Csan\u00e1di Egyh\u00e1zmegye Honlapja<\/a><\/h3>\n<p>&nbsp;<\/p>\n<p><strong>Kedvezm\u00e9nyezett neve<\/strong>: Szeged-Csan\u00e1di Egyh\u00e1zmegye<\/p>\n<p><strong>A projekt c\u00edme:<\/strong> Az Ifj\u00fas\u00e1gi k\u00f6z\u00f6ss\u00e9gi aktivit\u00e1st el\u0151seg\u00edt\u0151 programok megval\u00f3s\u00edt\u00e1sa a Szeged-Csan\u00e1di<br \/>\nEgyh\u00e1zmegy\u00e9ben<\/p>\n<p><strong>A szerz\u0151d\u00f6tt t\u00e1mogat\u00e1s \u00f6sszege:<\/strong> 24 929 764.- Ft<\/p>\n<p><strong>A t\u00e1mogat\u00e1s m\u00e9rt\u00e9ke<\/strong> (%-ban): 100%<\/p>\n<p><strong>A projekt tartalm\u00e1nak bemutat\u00e1sa:<\/strong><br \/>\nA projektben lehet\u0151s\u00e9g ny\u00edlik olyan programok \u00e9s rendezv\u00e9nyek megszervez\u00e9s\u00e9re \u00e9s lebonyol\u00edt\u00e1s\u00e1ra,<br \/>\namelyek el\u0151seg\u00edtik a projektben neves\u00edtett indik\u00e1tornak min\u0151s\u00fcl\u0151 15-29 \u00e9ves koroszt\u00e1ly sz\u00e1m\u00e1ra a<br \/>\nk\u00f6z\u00f6ss\u00e9gi aktivit\u00e1st. A projektben 27 db esem\u00e9nyt val\u00f3s\u00edt meg a Szeged- Csan\u00e1di Egyh\u00e1zmegye.<br \/>\nAz \u00f6nk\u00e9ntes programokban r\u00e9sztvev\u0151k sz\u00e1ma 2020.01.15-ig 5 132 f\u0151<br \/>\n25 \u00e9ven aluli r\u00e9sztvev\u0151k sz\u00e1ma 3 510 f\u0151<\/p>\n<p><strong>A projekt tervezett befejez\u00e9si d\u00e1tuma:<\/strong> 2020.01.15.<\/p>\n<p>Projekt azonos\u00edt\u00f3 sz\u00e1ma: <strong>EFOP \u2013 1.2.2-15- 2016-00033<\/strong><\/p>\n<p><a href=\"http:\/\/www.ipcszeged.hu\/index.php\/efop-1-2-2-15\/infoblokk_kedv_final_cmyk_-esza\/\" rel=\"attachment wp-att-2363\"><img loading=\"lazy\" decoding=\"async\" class=\"wp-image-2363 alignright\" src=\"http:\/\/www.ipcszeged.hu\/wp-content\/uploads\/2017\/01\/infoblokk_kedv_final_CMYK_-ESZA.jpg\" alt=\"\" width=\"324\" height=\"224\" srcset=\"https:\/\/ipcszeged.hu\/wp-content\/uploads\/2017\/01\/infoblokk_kedv_final_CMYK_-ESZA.jpg 1453w, https:\/\/ipcszeged.hu\/wp-content\/uploads\/2017\/01\/infoblokk_kedv_final_CMYK_-ESZA-150x104.jpg 150w, https:\/\/ipcszeged.hu\/wp-content\/uploads\/2017\/01\/infoblokk_kedv_final_CMYK_-ESZA-300x207.jpg 300w, https:\/\/ipcszeged.hu\/wp-content\/uploads\/2017\/01\/infoblokk_kedv_final_CMYK_-ESZA-768x531.jpg 768w, https:\/\/ipcszeged.hu\/wp-content\/uploads\/2017\/01\/infoblokk_kedv_final_CMYK_-ESZA-945x653.jpg 945w, https:\/\/ipcszeged.hu\/wp-content\/uploads\/2017\/01\/infoblokk_kedv_final_CMYK_-ESZA-600x415.jpg 600w\" sizes=\"auto, (max-width: 324px) 100vw, 324px\" \/><\/a><\/p>\n ","protected":false},"excerpt":{"rendered":"<p>A Szeged-Csan\u00e1di Egyh\u00e1zmegye Honlapja &nbsp; Kedvezm\u00e9nyezett neve: Szeged-Csan\u00e1di Egyh\u00e1zmegye A projekt c\u00edme: Az Ifj\u00fas\u00e1gi k\u00f6z\u00f6ss\u00e9gi aktivit\u00e1st el\u0151seg\u00edt\u0151 programok megval\u00f3s\u00edt\u00e1sa a Szeged-Csan\u00e1di Egyh\u00e1zmegy\u00e9ben A szerz\u0151d\u00f6tt t\u00e1mogat\u00e1s \u00f6sszege: 24 929 764.- Ft A t\u00e1mogat\u00e1s m\u00e9rt\u00e9ke (%-ban): 100% A projekt tartalm\u00e1nak bemutat\u00e1sa: A projektben lehet\u0151s\u00e9g ny\u00edlik olyan programok \u00e9s rendezv\u00e9nyek megszervez\u00e9s\u00e9re \u00e9s lebonyol\u00edt\u00e1s\u00e1ra, amelyek el\u0151seg\u00edtik a projektben neves\u00edtett&hellip; <br \/> <a class=\"read-more\" href=\"https:\/\/ipcszeged.hu\/index.php\/szeged-csanadi-egyhazmegye\/\">Read more<\/a><\/p>\n","protected":false},"author":1,"featured_media":0,"parent":0,"menu_order":0,"comment_status":"closed","ping_status":"closed","template":"","meta":{"ngg_post_thumbnail":0,"footnotes":""},"class_list":["post-6762","page","type-page","status-publish","hentry"],"_links":{"self":[{"href":"https:\/\/ipcszeged.hu\/index.php\/wp-json\/wp\/v2\/pages\/6762","targetHints":{"allow":["GET"]}}],"collection":[{"href":"https:\/\/ipcszeged.hu\/index.php\/wp-json\/wp\/v2\/pages"}],"about":[{"href":"https:\/\/ipcszeged.hu\/index.php\/wp-json\/wp\/v2\/types\/page"}],"author":[{"embeddable":true,"href":"https:\/\/ipcszeged.hu\/index.php\/wp-json\/wp\/v2\/users\/1"}],"replies":[{"embeddable":true,"href":"https:\/\/ipcszeged.hu\/index.php\/wp-json\/wp\/v2\/comments?post=6762"}],"version-history":[{"count":1,"href":"https:\/\/ipcszeged.hu\/index.php\/wp-json\/wp\/v2\/pages\/6762\/revisions"}],"predecessor-version":[{"id":6763,"href":"https:\/\/ipcszeged.hu\/index.php\/wp-json\/wp\/v2\/pages\/6762\/revisions\/6763"}],"wp:attachment":[{"href":"https:\/\/ipcszeged.hu\/index.php\/wp-json\/wp\/v2\/media?parent=6762"}],"curies":[{"name":"wp","href":"https:\/\/api.w.org\/{rel}","templated":true}]}}