{"id":6726,"date":"2017-11-15T09:56:07","date_gmt":"2017-11-15T09:56:07","guid":{"rendered":"http:\/\/www.ipcszeged.hu\/?page_id=6726"},"modified":"2018-02-27T14:46:02","modified_gmt":"2018-02-27T14:46:02","slug":"szia-2018-szinodus-a-fiatalokert","status":"publish","type":"page","link":"https:\/\/ipcszeged.hu\/index.php\/fiatalokrol-fiataloknak\/szia-2018-szinodus-a-fiatalokert\/","title":{"rendered":"SZIA 2018 &#8211; Szin\u00f3dus A Fiatalok\u00e9rt"},"content":{"rendered":"<h3 style=\"text-align: center;\"><b>Hallottad?<\/b><\/h3>\n<p>&nbsp;<\/p>\n<p><a href=\"http:\/\/www.ipcszeged.hu\/index.php\/szia-2018-szinodus-a-fiatalokert\/szia2018\/\" rel=\"attachment wp-att-6727\"><img loading=\"lazy\" decoding=\"async\" class=\"aligncenter wp-image-6727 size-full\" src=\"http:\/\/www.ipcszeged.hu\/wp-content\/uploads\/2017\/11\/szia2018.jpg\" alt=\"\" width=\"1303\" height=\"413\" srcset=\"https:\/\/ipcszeged.hu\/wp-content\/uploads\/2017\/11\/szia2018.jpg 1303w, https:\/\/ipcszeged.hu\/wp-content\/uploads\/2017\/11\/szia2018-150x48.jpg 150w, https:\/\/ipcszeged.hu\/wp-content\/uploads\/2017\/11\/szia2018-300x95.jpg 300w, https:\/\/ipcszeged.hu\/wp-content\/uploads\/2017\/11\/szia2018-768x243.jpg 768w\" sizes=\"auto, (max-width: 1303px) 100vw, 1303px\" \/><\/a><\/p>\n<p style=\"text-align: center;\">2018 \u0151sz\u00e9n nagy esem\u00e9nyre ker\u00fcl sor a katolikus egyh\u00e1zban. Az okt\u00f3berben megrendezend\u0151 p\u00fcsp\u00f6ki szin\u00f3dus f\u0151szerepl\u0151i mi lesz\u00fcnk, a fiatalok! \u00c9lj\u00fcnk b\u00e1rmilyen f\u00f6ldr\u00e9szen, besz\u00e9lj\u00fcnk b\u00e1rmilyen nyelvet, legyen b\u00e1rmilyen a b\u0151rsz\u00edn\u00fcnk, az iskolai v\u00e9gzetts\u00e9g\u00fcnk, Ferenc p\u00e1pa azt \u00fczeni, k\u00edv\u00e1ncsi r\u00e1nk, a v\u00e9lem\u00e9ny\u00fcnkre, arra, hogy milyen egyh\u00e1zban szeretn\u00e9nk \u00e9lni.<\/p>\n<p>&nbsp;<\/p>\n<p><a href=\"http:\/\/szia.katolikus.hu\/\">http:\/\/szia.katolikus.hu\/<\/a><\/p>\n ","protected":false},"excerpt":{"rendered":"<p>Hallottad? &nbsp; 2018 \u0151sz\u00e9n nagy esem\u00e9nyre ker\u00fcl sor a katolikus egyh\u00e1zban. Az okt\u00f3berben megrendezend\u0151 p\u00fcsp\u00f6ki szin\u00f3dus f\u0151szerepl\u0151i mi lesz\u00fcnk, a fiatalok! \u00c9lj\u00fcnk b\u00e1rmilyen f\u00f6ldr\u00e9szen, besz\u00e9lj\u00fcnk b\u00e1rmilyen nyelvet, legyen b\u00e1rmilyen a b\u0151rsz\u00edn\u00fcnk, az iskolai v\u00e9gzetts\u00e9g\u00fcnk, Ferenc p\u00e1pa azt \u00fczeni, k\u00edv\u00e1ncsi r\u00e1nk, a v\u00e9lem\u00e9ny\u00fcnkre, arra, hogy milyen egyh\u00e1zban szeretn\u00e9nk \u00e9lni. &nbsp; http:\/\/szia.katolikus.hu\/<\/p>\n","protected":false},"author":1,"featured_media":6727,"parent":7374,"menu_order":1,"comment_status":"closed","ping_status":"closed","template":"","meta":{"ngg_post_thumbnail":0,"footnotes":""},"class_list":["post-6726","page","type-page","status-publish","has-post-thumbnail","hentry"],"_links":{"self":[{"href":"https:\/\/ipcszeged.hu\/index.php\/wp-json\/wp\/v2\/pages\/6726","targetHints":{"allow":["GET"]}}],"collection":[{"href":"https:\/\/ipcszeged.hu\/index.php\/wp-json\/wp\/v2\/pages"}],"about":[{"href":"https:\/\/ipcszeged.hu\/index.php\/wp-json\/wp\/v2\/types\/page"}],"author":[{"embeddable":true,"href":"https:\/\/ipcszeged.hu\/index.php\/wp-json\/wp\/v2\/users\/1"}],"replies":[{"embeddable":true,"href":"https:\/\/ipcszeged.hu\/index.php\/wp-json\/wp\/v2\/comments?post=6726"}],"version-history":[{"count":3,"href":"https:\/\/ipcszeged.hu\/index.php\/wp-json\/wp\/v2\/pages\/6726\/revisions"}],"predecessor-version":[{"id":7379,"href":"https:\/\/ipcszeged.hu\/index.php\/wp-json\/wp\/v2\/pages\/6726\/revisions\/7379"}],"up":[{"embeddable":true,"href":"https:\/\/ipcszeged.hu\/index.php\/wp-json\/wp\/v2\/pages\/7374"}],"wp:featuredmedia":[{"embeddable":true,"href":"https:\/\/ipcszeged.hu\/index.php\/wp-json\/wp\/v2\/media\/6727"}],"wp:attachment":[{"href":"https:\/\/ipcszeged.hu\/index.php\/wp-json\/wp\/v2\/media?parent=6726"}],"curies":[{"name":"wp","href":"https:\/\/api.w.org\/{rel}","templated":true}]}}