{"id":5909,"date":"2017-09-27T09:35:38","date_gmt":"2017-09-27T09:35:38","guid":{"rendered":"http:\/\/www.ipcszeged.hu\/?page_id=5909"},"modified":"2017-09-27T11:03:54","modified_gmt":"2017-09-27T11:03:54","slug":"kitartas-galeria","status":"publish","type":"page","link":"https:\/\/ipcszeged.hu\/index.php\/programok-ahol-megtalalsz-bennunket\/szent-gellert-ifjusagi-talalkozo\/gellert-nap-2017\/kitartas-galeria\/","title":{"rendered":"Kitart\u00e1s &#8211; Gal\u00e9ria"},"content":{"rendered":"<p>A hideg szeles id\u0151 ellen\u00e9re is kitartottunk! V\u00e9get \u00e9rt a Szent Gell\u00e9rt Ifj\u00fas\u00e1gi Tal\u00e1lkoz\u00f3. K\u00f6zel 350 fiatal, \u00f6nk\u00e9ntesek, katek\u00e9t\u00e1k \u00e9s k\u00eds\u00e9r\u0151k sokas\u00e1ga \u00fcnnepelhette a tal\u00e1lkoz\u00e1s \u00f6r\u00f6m\u00e9t.&nbsp; A napot v\u00e9gig k\u00eds\u00e9r\u0151 j\u00f3kedv m\u00e1r a reggeli \u00f3r\u00e1kban megjelent a k\u00f6z\u00f6s flashmob tanul\u00e1snak k\u00f6sz\u00f6nhet\u0151en. Az itt k\u00e9sz\u00fclt felv\u00e9teleket k\u00e9s\u0151bb k\u00f6z\u00f6lj\u00fck! \ud83d\ude42&nbsp;<\/p>\nngg_shortcode_0_placeholder\n<p>Fot\u00f3: Kiss Gergely<\/p>\n ","protected":false},"excerpt":{"rendered":"<p>A hideg szeles id\u0151 ellen\u00e9re is kitartottunk! V\u00e9get \u00e9rt a Szent Gell\u00e9rt Ifj\u00fas\u00e1gi Tal\u00e1lkoz\u00f3. K\u00f6zel 350 fiatal, \u00f6nk\u00e9ntesek, katek\u00e9t\u00e1k \u00e9s k\u00eds\u00e9r\u0151k sokas\u00e1ga \u00fcnnepelhette a tal\u00e1lkoz\u00e1s \u00f6r\u00f6m\u00e9t.&nbsp; A napot v\u00e9gig k\u00eds\u00e9r\u0151 j\u00f3kedv m\u00e1r a reggeli \u00f3r\u00e1kban megjelent a k\u00f6z\u00f6s flashmob tanul\u00e1snak k\u00f6sz\u00f6nhet\u0151en. Az itt k\u00e9sz\u00fclt felv\u00e9teleket k\u00e9s\u0151bb k\u00f6z\u00f6lj\u00fck! \ud83d\ude42&nbsp; &#8221; order_by=&#8221;sortorder&#8221; order_direction=&#8221;ASC&#8221; returns=&#8221;included&#8221; maximum_entity_count=&#8221;500&#8243;] Fot\u00f3: Kiss&hellip; <br \/> <a class=\"read-more\" href=\"https:\/\/ipcszeged.hu\/index.php\/programok-ahol-megtalalsz-bennunket\/szent-gellert-ifjusagi-talalkozo\/gellert-nap-2017\/kitartas-galeria\/\">Read more<\/a><\/p>\n","protected":false},"author":1,"featured_media":6470,"parent":5879,"menu_order":0,"comment_status":"closed","ping_status":"closed","template":"","meta":{"ngg_post_thumbnail":0,"footnotes":""},"class_list":["post-5909","page","type-page","status-publish","has-post-thumbnail","hentry"],"_links":{"self":[{"href":"https:\/\/ipcszeged.hu\/index.php\/wp-json\/wp\/v2\/pages\/5909","targetHints":{"allow":["GET"]}}],"collection":[{"href":"https:\/\/ipcszeged.hu\/index.php\/wp-json\/wp\/v2\/pages"}],"about":[{"href":"https:\/\/ipcszeged.hu\/index.php\/wp-json\/wp\/v2\/types\/page"}],"author":[{"embeddable":true,"href":"https:\/\/ipcszeged.hu\/index.php\/wp-json\/wp\/v2\/users\/1"}],"replies":[{"embeddable":true,"href":"https:\/\/ipcszeged.hu\/index.php\/wp-json\/wp\/v2\/comments?post=5909"}],"version-history":[{"count":6,"href":"https:\/\/ipcszeged.hu\/index.php\/wp-json\/wp\/v2\/pages\/5909\/revisions"}],"predecessor-version":[{"id":6480,"href":"https:\/\/ipcszeged.hu\/index.php\/wp-json\/wp\/v2\/pages\/5909\/revisions\/6480"}],"up":[{"embeddable":true,"href":"https:\/\/ipcszeged.hu\/index.php\/wp-json\/wp\/v2\/pages\/5879"}],"wp:featuredmedia":[{"embeddable":true,"href":"https:\/\/ipcszeged.hu\/index.php\/wp-json\/wp\/v2\/media\/6470"}],"wp:attachment":[{"href":"https:\/\/ipcszeged.hu\/index.php\/wp-json\/wp\/v2\/media?parent=5909"}],"curies":[{"name":"wp","href":"https:\/\/api.w.org\/{rel}","templated":true}]}}