{"id":5884,"date":"2017-09-05T08:50:36","date_gmt":"2017-09-05T08:50:36","guid":{"rendered":"http:\/\/www.ipcszeged.hu\/?page_id=5884"},"modified":"2017-09-13T09:10:41","modified_gmt":"2017-09-13T09:10:41","slug":"program","status":"publish","type":"page","link":"https:\/\/ipcszeged.hu\/index.php\/programok-ahol-megtalalsz-bennunket\/szent-gellert-ifjusagi-talalkozo\/gellert-nap-2017\/program\/","title":{"rendered":"Program"},"content":{"rendered":"<h4><a href=\"http:\/\/www.ipcszeged.hu\/index.php\/gellert-nap-2017\/program\/program-page-001\/\" rel=\"attachment wp-att-5895\"><img loading=\"lazy\" decoding=\"async\" class=\"aligncenter size-full wp-image-5895\" src=\"http:\/\/www.ipcszeged.hu\/wp-content\/uploads\/2017\/09\/Program-page-001.jpg\" alt=\"\" width=\"2481\" height=\"3508\" srcset=\"https:\/\/ipcszeged.hu\/wp-content\/uploads\/2017\/09\/Program-page-001.jpg 2481w, https:\/\/ipcszeged.hu\/wp-content\/uploads\/2017\/09\/Program-page-001-106x150.jpg 106w, https:\/\/ipcszeged.hu\/wp-content\/uploads\/2017\/09\/Program-page-001-212x300.jpg 212w, https:\/\/ipcszeged.hu\/wp-content\/uploads\/2017\/09\/Program-page-001-768x1086.jpg 768w\" sizes=\"auto, (max-width: 2481px) 100vw, 2481px\" \/><\/a><\/h4>\n<h4>&nbsp;<\/h4>\n<p>*<span style=\"color: #ff0000;\">A programok az id\u0151j\u00e1r\u00e1snak megfelel\u0151 helysz\u00edneken val\u00f3sulnak meg!<\/span><\/p>\n<p>&nbsp;<\/p>\n ","protected":false},"excerpt":{"rendered":"<p>&nbsp; *A programok az id\u0151j\u00e1r\u00e1snak megfelel\u0151 helysz\u00edneken val\u00f3sulnak meg! &nbsp;<\/p>\n","protected":false},"author":1,"featured_media":5881,"parent":5879,"menu_order":0,"comment_status":"closed","ping_status":"closed","template":"","meta":{"ngg_post_thumbnail":0,"footnotes":""},"class_list":["post-5884","page","type-page","status-publish","has-post-thumbnail","hentry"],"_links":{"self":[{"href":"https:\/\/ipcszeged.hu\/index.php\/wp-json\/wp\/v2\/pages\/5884","targetHints":{"allow":["GET"]}}],"collection":[{"href":"https:\/\/ipcszeged.hu\/index.php\/wp-json\/wp\/v2\/pages"}],"about":[{"href":"https:\/\/ipcszeged.hu\/index.php\/wp-json\/wp\/v2\/types\/page"}],"author":[{"embeddable":true,"href":"https:\/\/ipcszeged.hu\/index.php\/wp-json\/wp\/v2\/users\/1"}],"replies":[{"embeddable":true,"href":"https:\/\/ipcszeged.hu\/index.php\/wp-json\/wp\/v2\/comments?post=5884"}],"version-history":[{"count":3,"href":"https:\/\/ipcszeged.hu\/index.php\/wp-json\/wp\/v2\/pages\/5884\/revisions"}],"predecessor-version":[{"id":5896,"href":"https:\/\/ipcszeged.hu\/index.php\/wp-json\/wp\/v2\/pages\/5884\/revisions\/5896"}],"up":[{"embeddable":true,"href":"https:\/\/ipcszeged.hu\/index.php\/wp-json\/wp\/v2\/pages\/5879"}],"wp:featuredmedia":[{"embeddable":true,"href":"https:\/\/ipcszeged.hu\/index.php\/wp-json\/wp\/v2\/media\/5881"}],"wp:attachment":[{"href":"https:\/\/ipcszeged.hu\/index.php\/wp-json\/wp\/v2\/media?parent=5884"}],"curies":[{"name":"wp","href":"https:\/\/api.w.org\/{rel}","templated":true}]}}