{"id":509,"date":"2016-01-20T12:01:42","date_gmt":"2016-01-20T12:01:42","guid":{"rendered":"http:\/\/www.ipcszeged.hu\/?page_id=509"},"modified":"2019-07-29T13:07:08","modified_gmt":"2019-07-29T13:07:08","slug":"tesz-vesz-tavasz-2016","status":"publish","type":"page","link":"https:\/\/ipcszeged.hu\/index.php\/programok-ahol-megtalalsz-bennunket\/tesz-vesz-tavasz\/tesz-vesz-tavasz-2016\/","title":{"rendered":"IX. Tesz-Vesz Tavasz 2016"},"content":{"rendered":"<h3 style=\"text-align: center;\">Az \u00f6nk\u00e9ntess\u00e9g ereje legyen veled!<\/h3>\n<p style=\"text-align: center;\">Id\u00e9n is v\u00e1rjuk a Teszveszel\u0151k jelentkez\u00e9s\u00e9t, akik szeretn\u00e9nek tenni k\u00f6rnyezet\u00fck javul\u00e1sa, sz\u00e9p\u00edt\u00e9se \u00e9rdek\u00e9ben. Igyekezt\u00fcnk lehet\u0151s\u00e9get biztos\u00edtani minden tenni v\u00e1gy\u00f3 sz\u00e1m\u00e1ra, \u00edgy egy hetesre tervezt\u00fck a tavaszi megmozdul\u00e1sunkat.<\/p>\n<h2 style=\"text-align: center;\">Tesz Vesz Tavasz id\u0151pontja: 2016.03.07-13<\/h2>\n<h2 style=\"text-align: center;\">Regisztr\u00e1ci\u00f3 hat\u00e1rideje: febru\u00e1r 29.<\/h2>\n<h2 style=\"text-align: center;\"><a href=\"http:\/\/goo.gl\/forms\/4Iv8s4YDLd\" target=\"_blank\" rel=\"noopener noreferrer\">Regisztr\u00e1ci\u00f3s \u0171rlap<\/a><\/h2>\n ","protected":false},"excerpt":{"rendered":"<p>Az \u00f6nk\u00e9ntess\u00e9g ereje legyen veled! Id\u00e9n is v\u00e1rjuk a Teszveszel\u0151k jelentkez\u00e9s\u00e9t, akik szeretn\u00e9nek tenni k\u00f6rnyezet\u00fck javul\u00e1sa, sz\u00e9p\u00edt\u00e9se \u00e9rdek\u00e9ben. Igyekezt\u00fcnk lehet\u0151s\u00e9get biztos\u00edtani minden tenni v\u00e1gy\u00f3 sz\u00e1m\u00e1ra, \u00edgy egy hetesre tervezt\u00fck a tavaszi megmozdul\u00e1sunkat. Tesz Vesz Tavasz id\u0151pontja: 2016.03.07-13 Regisztr\u00e1ci\u00f3 hat\u00e1rideje: febru\u00e1r 29. Regisztr\u00e1ci\u00f3s \u0171rlap<\/p>\n","protected":false},"author":1,"featured_media":541,"parent":268,"menu_order":3,"comment_status":"closed","ping_status":"closed","template":"","meta":{"ngg_post_thumbnail":0,"footnotes":""},"class_list":["post-509","page","type-page","status-publish","has-post-thumbnail","hentry"],"_links":{"self":[{"href":"https:\/\/ipcszeged.hu\/index.php\/wp-json\/wp\/v2\/pages\/509","targetHints":{"allow":["GET"]}}],"collection":[{"href":"https:\/\/ipcszeged.hu\/index.php\/wp-json\/wp\/v2\/pages"}],"about":[{"href":"https:\/\/ipcszeged.hu\/index.php\/wp-json\/wp\/v2\/types\/page"}],"author":[{"embeddable":true,"href":"https:\/\/ipcszeged.hu\/index.php\/wp-json\/wp\/v2\/users\/1"}],"replies":[{"embeddable":true,"href":"https:\/\/ipcszeged.hu\/index.php\/wp-json\/wp\/v2\/comments?post=509"}],"version-history":[{"count":7,"href":"https:\/\/ipcszeged.hu\/index.php\/wp-json\/wp\/v2\/pages\/509\/revisions"}],"predecessor-version":[{"id":16215,"href":"https:\/\/ipcszeged.hu\/index.php\/wp-json\/wp\/v2\/pages\/509\/revisions\/16215"}],"up":[{"embeddable":true,"href":"https:\/\/ipcszeged.hu\/index.php\/wp-json\/wp\/v2\/pages\/268"}],"wp:featuredmedia":[{"embeddable":true,"href":"https:\/\/ipcszeged.hu\/index.php\/wp-json\/wp\/v2\/media\/541"}],"wp:attachment":[{"href":"https:\/\/ipcszeged.hu\/index.php\/wp-json\/wp\/v2\/media?parent=509"}],"curies":[{"name":"wp","href":"https:\/\/api.w.org\/{rel}","templated":true}]}}