{"id":449,"date":"2016-01-05T15:05:15","date_gmt":"2016-01-05T15:05:15","guid":{"rendered":"http:\/\/www.ipcszeged.hu\/?page_id=449"},"modified":"2016-01-05T15:05:15","modified_gmt":"2016-01-05T15:05:15","slug":"linkek-web-oldalak-a-nagyvilagbol-az-ivt-rol","status":"publish","type":"page","link":"https:\/\/ipcszeged.hu\/index.php\/programok-ahol-megtalalsz-bennunket\/ivt-krakko-2016\/informaciok\/linkek-web-oldalak-a-nagyvilagbol-az-ivt-rol\/","title":{"rendered":"Linkek, web oldalak, a nagyvil\u00e1gb\u00f3l az IVT-r\u0151l"},"content":{"rendered":"<p><a href=\"http:\/\/www.krakko2016.hu\" target=\"_blank\">Minden amit tudni szeretn\u00e9l az IVt-r\u0151l, amit egy magyar zar\u00e1ndoknak tudni kell.<\/a><\/p>\n<p><a href=\"http:\/\/www.krakow2016.com\" target=\"_blank\">Ha l\u00e1tni szeretn\u00e9d a nemzetk\u00f6zi szervez\u00e9s kulissza titkait, csak kattints!<\/a><\/p>\n<p><a href=\"https:\/\/www.youtube.com\/channel\/UCTlVvFrKlgNixy3t9I-fQ7w\" target=\"_blank\">Ha megn\u00e9zn\u00e9d a Vil\u00e1gtal\u00e1lkoz\u00f3 legszuperebb vide\u00f3it, vagy csak meghallgatn\u00e1d a Tal\u00e1lkoz\u00f3 himnusz\u00e1t?! Akkor itt a helyed!<\/a><\/p>\n<p>&nbsp;<\/p>\n ","protected":false},"excerpt":{"rendered":"<p>Minden amit tudni szeretn\u00e9l az IVt-r\u0151l, amit egy magyar zar\u00e1ndoknak tudni kell. Ha l\u00e1tni szeretn\u00e9d a nemzetk\u00f6zi szervez\u00e9s kulissza titkait, csak kattints! Ha megn\u00e9zn\u00e9d a Vil\u00e1gtal\u00e1lkoz\u00f3 legszuperebb vide\u00f3it, vagy csak meghallgatn\u00e1d a Tal\u00e1lkoz\u00f3 himnusz\u00e1t?! Akkor itt a helyed! &nbsp;<\/p>\n","protected":false},"author":1,"featured_media":0,"parent":240,"menu_order":1,"comment_status":"closed","ping_status":"closed","template":"template-fullwidth.php","meta":{"ngg_post_thumbnail":0,"footnotes":""},"class_list":["post-449","page","type-page","status-publish","hentry"],"_links":{"self":[{"href":"https:\/\/ipcszeged.hu\/index.php\/wp-json\/wp\/v2\/pages\/449","targetHints":{"allow":["GET"]}}],"collection":[{"href":"https:\/\/ipcszeged.hu\/index.php\/wp-json\/wp\/v2\/pages"}],"about":[{"href":"https:\/\/ipcszeged.hu\/index.php\/wp-json\/wp\/v2\/types\/page"}],"author":[{"embeddable":true,"href":"https:\/\/ipcszeged.hu\/index.php\/wp-json\/wp\/v2\/users\/1"}],"replies":[{"embeddable":true,"href":"https:\/\/ipcszeged.hu\/index.php\/wp-json\/wp\/v2\/comments?post=449"}],"version-history":[{"count":1,"href":"https:\/\/ipcszeged.hu\/index.php\/wp-json\/wp\/v2\/pages\/449\/revisions"}],"predecessor-version":[{"id":450,"href":"https:\/\/ipcszeged.hu\/index.php\/wp-json\/wp\/v2\/pages\/449\/revisions\/450"}],"up":[{"embeddable":true,"href":"https:\/\/ipcszeged.hu\/index.php\/wp-json\/wp\/v2\/pages\/240"}],"wp:attachment":[{"href":"https:\/\/ipcszeged.hu\/index.php\/wp-json\/wp\/v2\/media?parent=449"}],"curies":[{"name":"wp","href":"https:\/\/api.w.org\/{rel}","templated":true}]}}