{"id":447,"date":"2016-01-05T14:58:33","date_gmt":"2016-01-05T14:58:33","guid":{"rendered":"http:\/\/www.ipcszeged.hu\/?page_id=447"},"modified":"2016-01-05T14:58:33","modified_gmt":"2016-01-05T14:58:33","slug":"legfrissebb-informaciok-az-ivt-rol","status":"publish","type":"page","link":"https:\/\/ipcszeged.hu\/index.php\/programok-ahol-megtalalsz-bennunket\/ivt-krakko-2016\/informaciok\/legfrissebb-informaciok-az-ivt-rol\/","title":{"rendered":"Legfrissebb inform\u00e1ci\u00f3k az IVT-r\u0151l"},"content":{"rendered":"<p align=\"center\"><span style=\"font-size: large;\"><b>Kedves Fiatalok!<\/b><\/span><\/p>\n<p align=\"justify\">K\u00f6sz\u00f6nj\u00fck, hogy id\u0151ben jelezt\u00e9tek r\u00e9szv\u00e9teli sz\u00e1nd\u00e9kotokat a 2016-os Krakk\u00f3i Ifj\u00fas\u00e1gi Vil\u00e1gtal\u00e1lkoz\u00f3ra. A mai napig a 98 helyre 85 szem\u00e9ly jelentkezett. A level\u00fcnkben minden (jelenleg ismert) fontos inform\u00e1ci\u00f3t megtal\u00e1lhattok az IVT-vel kapcsolatban.<\/p>\n<p align=\"justify\"><span style=\"color: #ff3333;\"><span style=\"font-size: large;\"><b>Tal\u00e1lkoz\u00f3 helysz\u00edne: <\/b><\/span><\/span><\/p>\n<ul>\n<li>\n<p align=\"justify\">el\u0151tal\u00e1lkoz\u00f3: 2016. 07. 20 \u2013 25. Radom egyh\u00e1zmegye<\/p>\n<\/li>\n<li>\n<p align=\"justify\"><span style=\"color: #222222;\"><span style=\"font-family: 'Liberation Serif', serif;\"><span style=\"font-size: medium;\">vil\u00e1gtal\u00e1lkoz\u00f3: 2016. 07. 25 \u2013 31. Krakk\u00f3<\/span><\/span><\/span><\/p>\n<\/li>\n<\/ul>\n<p align=\"justify\"><span style=\"color: #3333ff;\"><span style=\"font-family: 'Liberation Serif', serif;\"><span style=\"font-size: large;\"><b>Az el\u0151tal\u00e1lkoz\u00f3 id\u0151pontja \u00e9s tervezett programja: 2016. 07. 20-25. Radom v\u00e1ros\u00e1ban.<\/b><\/span><\/span><\/span><\/p>\n<ul>\n<li>\n<p align=\"justify\"><span style=\"color: #222222;\"><span style=\"font-family: 'Liberation Serif', serif;\"><span style=\"font-size: medium;\">07.20 Szerda: \u00c9rkez\u00e9s<\/span><\/span><\/span><\/p>\n<\/li>\n<li>\n<p align=\"justify\"><span style=\"color: #222222;\"><span style=\"font-family: 'Liberation Serif', serif;\"><span style=\"font-size: medium;\">07.21 Cs\u00fct\u00f6rt\u00f6k: Turisztikai nap (helyi nevezetess\u00e9gek) <\/span><\/span><\/span><\/p>\n<\/li>\n<li>\n<p align=\"justify\"><span style=\"color: #222222;\"><span style=\"font-family: 'Liberation Serif', serif;\"><span style=\"font-size: medium;\">07.22 P\u00e9ntek: Eg\u00e9sz napos gyalogos zar\u00e1ndoklat<\/span><\/span><\/span><\/p>\n<\/li>\n<li>\n<p align=\"justify\"><span style=\"color: #222222;\"><span style=\"font-family: 'Liberation Serif', serif;\"><span style=\"font-size: medium;\">07.23 Szombat: Fesztiv\u00e1l<\/span><\/span><\/span><\/p>\n<\/li>\n<li>\n<p align=\"justify\"><span style=\"color: #222222;\"><span style=\"font-family: 'Liberation Serif', serif;\"><span style=\"font-size: medium;\">07.24 Vas\u00e1rnap: A napot mindenki a sz\u00e1ll\u00e1sad\u00f3 csal\u00e1dj\u00e1n\u00e1l t\u00f6lti<\/span><\/span><\/span><\/p>\n<\/li>\n<li>\n<p align=\"justify\"><span style=\"color: #222222;\"><span style=\"font-family: 'Liberation Serif', serif;\"><span style=\"font-size: medium;\">07.25 H\u00e9tf\u0151: Ir\u00e1ny Krakk\u00f3!<\/span><\/span><\/span><\/p>\n<\/li>\n<\/ul>\n<p align=\"justify\"><span style=\"color: #3333ff;\"><span style=\"font-family: 'Liberation Serif', serif;\"><span style=\"font-size: large;\"><b>A krakk\u00f3i tal\u00e1lkoz\u00f3 id\u0151pontja: 2016. 07. 25-31.<\/b><\/span><\/span><\/span><\/p>\n<ul>\n<li>\n<p align=\"justify\"><span style=\"color: #222222;\"><span style=\"font-family: 'Liberation Serif', serif;\"><span style=\"font-size: medium;\">katek\u00e9zisek<\/span><\/span><\/span><\/p>\n<\/li>\n<li>\n<p align=\"justify\"><span style=\"color: #222222;\"><span style=\"font-family: 'Liberation Serif', serif;\"><span style=\"font-size: medium;\">Ferenc p\u00e1p\u00e1val val\u00f3 tal\u00e1lkoz\u00e1s \u00e9s virraszt\u00e1s<\/span><\/span><\/span><\/p>\n<\/li>\n<li>\n<p align=\"justify\"><span style=\"color: #222222;\"><span style=\"font-family: 'Liberation Serif', serif;\"><span style=\"font-size: medium;\">Fesztiv\u00e1l<\/span><\/span><\/span><\/p>\n<\/li>\n<\/ul>\n<p align=\"justify\"><span style=\"color: #006600;\"><span style=\"font-size: large;\"><b>Sz\u00e1ll\u00e1shelyek:<\/b><\/span><\/span><\/p>\n<ul>\n<li>\n<p align=\"justify\">el\u0151tal\u00e1lkoz\u00f3 ideje alatt a Radom egyh\u00e1zmegyei pl\u00e9b\u00e1ni\u00e1k \u00e9s csal\u00e1dok l\u00e1tnak vend\u00e9g\u00fcl benn\u00fcnket.<\/p>\n<\/li>\n<li>\n<p align=\"justify\">Vil\u00e1gtal\u00e1lkoz\u00f3 ideje alatt Krakk\u00f3 k\u00f6zponti r\u00e9sz\u00e9ben k\u00f6zel a virraszt\u00e1s helysz\u00edn\u00e9hez egy sz\u00e1lloda konferencia term\u00e9ben laticelekkel \u00e9s h\u00e1l\u00f3zs\u00e1kokkal.<\/p>\n<\/li>\n<\/ul>\n<p align=\"justify\"><span style=\"color: #ff0000;\"><span style=\"font-family: 'Times New Roman', serif;\"><span style=\"font-size: large;\"><b>Koroszt\u00e1ly: 18-35 \u00e9v.<\/b><\/span><\/span><\/span><\/p>\n<p align=\"justify\"><span style=\"color: #ff6600;\"><span style=\"font-size: large;\"><b>K\u00f6lts\u00e9gek:<\/b> <\/span><\/span><\/p>\n<table width=\"100%\" cellspacing=\"0\" cellpadding=\"4\">\n<colgroup>\n<col width=\"51*\" \/>\n<col width=\"51*\" \/>\n<col width=\"51*\" \/>\n<col width=\"51*\" \/>\n<col width=\"51*\" \/> <\/colgroup>\n<tbody>\n<tr valign=\"top\">\n<td width=\"20%\">\n<p align=\"center\"><b>Egy f\u0151re jut\u00f3 \u00f6sszk\u00f6lts\u00e9g<\/b><\/p>\n<\/td>\n<td width=\"20%\">\n<p align=\"center\">MKPK t\u00e1mogat\u00e1sa\/f\u0151<\/p>\n<\/td>\n<td width=\"20%\">\n<p align=\"center\">Pl\u00e9b\u00e1niai t\u00e1mogat\u00e1s*\/f\u0151<\/p>\n<\/td>\n<td width=\"20%\">\n<p align=\"center\">P\u00fcsp\u00f6ks\u00e9gi t\u00e1mogat\u00e1s\/f\u0151<\/p>\n<\/td>\n<td width=\"20%\">\n<p align=\"center\"><span style=\"font-size: large;\"><b>Fiatal \u00f6nk\u00f6lts\u00e9ge<\/b><\/span><\/p>\n<\/td>\n<\/tr>\n<tr valign=\"top\">\n<td width=\"20%\">\n<p align=\"center\">108. 300 Ft<\/p>\n<\/td>\n<td width=\"20%\">\n<p align=\"center\">6. 300 Ft<\/p>\n<\/td>\n<td width=\"20%\">\n<p align=\"center\">20. 000 Ft<\/p>\n<\/td>\n<td width=\"20%\">\n<p align=\"center\">35. 000 Ft<\/p>\n<\/td>\n<td width=\"20%\">\n<p align=\"center\"><span style=\"font-size: large;\"><b>47. 000 Ft<\/b><\/span><\/p>\n<\/td>\n<\/tr>\n<\/tbody>\n<\/table>\n<p align=\"justify\">* <u>A pl\u00e9b\u00e1niai t\u00e1mogat\u00e1st mindenki saj\u00e1t mag int\u00e9zi a saj\u00e1t pl\u00e9b\u00e1nos\u00e1val, <\/u><u>ez\u00e9rt mindenki <\/u><u>m<\/u><u>aga keresse fel a lakhelye szerinti pl\u00e9b\u00e1ni\u00e1t, \u00e9s t\u00e1j\u00e9koztassa a pl\u00e9b\u00e1nos aty\u00e1t a r\u00e9szletekr\u0151l. <\/u><u>Amennyiben nem siker\u00fcl pl\u00e9b\u00e1niai t\u00e1mogat\u00e1st szereznie az \u00f6nk\u00f6lts\u00e9ge 20.000 Ft-tal n\u0151.<\/u><\/p>\n<p align=\"justify\"><span style=\"color: #ff0000;\"><span style=\"font-size: large;\"><b>Fizet\u00e9s \u00fctemez\u00e9se:<\/b><\/span><\/span><\/p>\n<ul>\n<li>\n<h4 align=\"justify\"><u><b>I. r\u00e9szlet: 15. 000 Ft fizet\u00e9si hat\u00e1rideje 2016. Febru\u00e1r 1. *<\/b><\/u><\/h4>\n<\/li>\n<li>\n<p align=\"justify\"><b>II. r\u00e9szlet: 15. 000 Ft fizet\u00e9si hat\u00e1rideje 2016. \u00c1prilis 1.<\/b><\/p>\n<\/li>\n<li>\n<p align=\"justify\"><b>III. r\u00e9szlet: 17. 000 Ft fizet\u00e9si hat\u00e1rideje 2016. M\u00e1jus 30. <\/b><\/p>\n<\/li>\n<\/ul>\n<p align=\"justify\"><b>* A REGISZTR\u00c1CI\u00d3 \u00c9S EGYBEN A R\u00c9SZV\u00c9TEL CSAK AZ ELS\u0150 R\u00c9SZLET \u00c1TUTAL\u00c1SA UT\u00c1N V\u00c1LIK AKT\u00cdVV\u00c1.<\/b><\/p>\n<p align=\"justify\"><span style=\"color: #ff0000;\"><span style=\"font-size: large;\"><b>Fizet\u00e9s technikai felt\u00e9telei:<\/b><\/span><\/span><\/p>\n<p align=\"justify\">K\u00e9rj\u00fck a r\u00e9szleteket a Szeged-Csan\u00e1di Egyh\u00e1zmegye sz\u00e1ml\u00e1j\u00e1ra <span style=\"font-size: large;\"><b>SZEGED-CSAN\u00c1DI EGYH\u00c1ZMEGYE 11735005-26031527<\/b><\/span><b> OTP BANK NYRT.<\/b> utalni. Nagyon fontos, hogy a <span style=\"font-size: large;\"><b>megjegyz\u00e9s rovatba<\/b><\/span> a k\u00f6vetkez\u0151 inform\u00e1ci\u00f3k ker\u00fcljenek: <span style=\"font-size: large;\"><b>VIL\u00c1GTAL\u00c1LKOZ\u00d32016, (FIATAL NEVE). <\/b><\/span><span style=\"font-size: large;\">Az Egyh\u00e1zmegye minden befizet\u0151nek n\u00e9vre sz\u00f3l\u00f3 sz\u00e1ml\u00e1t \u00e1ll\u00edt ki.<\/span><\/p>\n<p align=\"justify\">A pl\u00e9b\u00e1niai t\u00e1mogat\u00e1st a pl\u00e9b\u00e1ni\u00e1k c\u00e9lzott t\u00e1mogat\u00e1sk\u00e9nt kell befizetni\u00fck a fent eml\u00edtett sz\u00e1mlasz\u00e1mra <span style=\"font-size: large;\"><b>megjegyz\u00e9s rovatba: C\u00c9LZOTT T\u00c1MOGAT\u00c1S VIL\u00c1GTAL\u00c1LKOZ\u00d3 2016, (FIATAL NEVE)<\/b><\/span><b> <\/b><\/p>\n<p align=\"justify\"><span style=\"color: #990066;\"><span style=\"font-size: large;\"><b>A tal\u00e1lkoz\u00f3r\u00f3l b\u0151vebb \u00e9s folyamatosan friss\u00fcl\u0151 inform\u00e1ci\u00f3 tal\u00e1lhat\u00f3:<\/b><\/span><\/span><\/p>\n<p align=\"justify\"><a href=\"http:\/\/www.krakko2016.hu\/\">www.krakko2016.hu<\/a><\/p>\n<p align=\"justify\"><a href=\"http:\/\/www.krakow2016.com\/\">www.krakow2016.com<\/a><\/p>\n<p align=\"justify\"><a href=\"http:\/\/www.ipcszeged.hu\/index.php\/ivt-krakko-2016\/informaciok\/\">www.ipcszeged.hu\/index.php\/ivt-krakko-2016\/informaciok\/<\/a><\/p>\n<p align=\"justify\"><a href=\"http:\/\/www.facebook.com\/ifjusagpasztoraciosiroda.hu\">www.facebook.com\/ifjusagpasztoraciosiroda.hu<\/a><\/p>\n<p align=\"justify\">m\u00e9dia: <a href=\"https:\/\/www.youtube.com\/channel\/UCTlVvFrKlgNixy3t9I-fQ7w\">https:\/\/www.youtube.com\/channel\/UCTlVvFrKlgNixy3t9I-fQ7w<\/a><\/p>\n<p align=\"justify\">e-mail: <a href=\"mailto:ipc.szeged@gmail.com\">ipc.szeged@gmail.com<\/a><\/p>\n<p align=\"justify\">telefon: 8:00-16:00 k\u00f6z\u00f6tt h\u00edvhat\u00f3\u00a0<a href=\"tel:%2B36208289173\" target=\"_blank\">+36208289173<\/a> vagy 06 62 420 932 (129-es mell\u00e9k)<\/p>\n<p align=\"justify\">\n<p align=\"justify\">A lev\u00e9l \u00e9s az inform\u00e1ci\u00f3k pdf form\u00e1tumban is el\u00e9rhet\u0151ek a k\u00f6vetkez\u0151 linken:<\/p>\n<p align=\"justify\"><a href=\"http:\/\/www.ipcszeged.hu\/index.php\/ivt-krakko-2016\/informaciok\/informacios-level-fizetesrol-20160105\/\" rel=\"attachment wp-att-445\">INFORM\u00c1CI\u00d3S LEV\u00c9L FIZET\u00c9SR\u00d3L 20160105<\/a><\/p>\n<p align=\"justify\">\n ","protected":false},"excerpt":{"rendered":"<p>Kedves Fiatalok! K\u00f6sz\u00f6nj\u00fck, hogy id\u0151ben jelezt\u00e9tek r\u00e9szv\u00e9teli sz\u00e1nd\u00e9kotokat a 2016-os Krakk\u00f3i Ifj\u00fas\u00e1gi Vil\u00e1gtal\u00e1lkoz\u00f3ra. A mai napig a 98 helyre 85 szem\u00e9ly jelentkezett. A level\u00fcnkben minden (jelenleg ismert) fontos inform\u00e1ci\u00f3t megtal\u00e1lhattok az IVT-vel kapcsolatban. Tal\u00e1lkoz\u00f3 helysz\u00edne: el\u0151tal\u00e1lkoz\u00f3: 2016. 07. 20 \u2013 25. Radom egyh\u00e1zmegye vil\u00e1gtal\u00e1lkoz\u00f3: 2016. 07. 25 \u2013 31. Krakk\u00f3 Az el\u0151tal\u00e1lkoz\u00f3 id\u0151pontja \u00e9s tervezett&hellip; <br \/> <a class=\"read-more\" href=\"https:\/\/ipcszeged.hu\/index.php\/programok-ahol-megtalalsz-bennunket\/ivt-krakko-2016\/informaciok\/legfrissebb-informaciok-az-ivt-rol\/\">Read more<\/a><\/p>\n","protected":false},"author":1,"featured_media":436,"parent":240,"menu_order":0,"comment_status":"closed","ping_status":"closed","template":"template-fullwidth.php","meta":{"ngg_post_thumbnail":0,"footnotes":""},"class_list":["post-447","page","type-page","status-publish","has-post-thumbnail","hentry"],"_links":{"self":[{"href":"https:\/\/ipcszeged.hu\/index.php\/wp-json\/wp\/v2\/pages\/447","targetHints":{"allow":["GET"]}}],"collection":[{"href":"https:\/\/ipcszeged.hu\/index.php\/wp-json\/wp\/v2\/pages"}],"about":[{"href":"https:\/\/ipcszeged.hu\/index.php\/wp-json\/wp\/v2\/types\/page"}],"author":[{"embeddable":true,"href":"https:\/\/ipcszeged.hu\/index.php\/wp-json\/wp\/v2\/users\/1"}],"replies":[{"embeddable":true,"href":"https:\/\/ipcszeged.hu\/index.php\/wp-json\/wp\/v2\/comments?post=447"}],"version-history":[{"count":1,"href":"https:\/\/ipcszeged.hu\/index.php\/wp-json\/wp\/v2\/pages\/447\/revisions"}],"predecessor-version":[{"id":448,"href":"https:\/\/ipcszeged.hu\/index.php\/wp-json\/wp\/v2\/pages\/447\/revisions\/448"}],"up":[{"embeddable":true,"href":"https:\/\/ipcszeged.hu\/index.php\/wp-json\/wp\/v2\/pages\/240"}],"wp:featuredmedia":[{"embeddable":true,"href":"https:\/\/ipcszeged.hu\/index.php\/wp-json\/wp\/v2\/media\/436"}],"wp:attachment":[{"href":"https:\/\/ipcszeged.hu\/index.php\/wp-json\/wp\/v2\/media?parent=447"}],"curies":[{"name":"wp","href":"https:\/\/api.w.org\/{rel}","templated":true}]}}