{"id":431,"date":"2015-12-20T10:56:38","date_gmt":"2015-12-20T10:56:38","guid":{"rendered":"http:\/\/www.ipcszeged.hu\/?page_id=431"},"modified":"2015-12-20T10:58:38","modified_gmt":"2015-12-20T10:58:38","slug":"ivt-youtube-csatorna","status":"publish","type":"page","link":"https:\/\/ipcszeged.hu\/index.php\/programok-ahol-megtalalsz-bennunket\/ivt-krakko-2016\/ivt-youtube-csatorna\/","title":{"rendered":"IVT Youtube csatorna"},"content":{"rendered":"<div class='embed-container'><iframe loading=\"lazy\" width=\"1920\" height=\"1080\" src=\"https:\/\/www.youtube.com\/embed\/2lvUcNgVJFA?feature=oembed\" frameborder=\"0\" allow=\"autoplay; encrypted-media\" allowfullscreen><\/iframe><\/div>\n<p>Elindult az IVT hivatalos Youtube csatorn\u00e1ja, ahol sok \u00e9rdekess\u00e9get \u00e9s izgalmat tal\u00e1lhattok a Tal\u00e1lkoz\u00f3val kapcsolatban.<\/p>\n<p>&nbsp;<\/p>\n<p>J\u00f3 b\u00f6ng\u00e9szget\u00e9st!!<\/p>\n<p><a href=\"https:\/\/www.youtube.com\/channel\/UCTlVvFrKlgNixy3t9I-fQ7w\" target=\"_blank\">https:\/\/www.youtube.com\/channel\/UCTlVvFrKlgNixy3t9I-fQ7w<\/a><\/p>\n ","protected":false},"excerpt":{"rendered":"<p>Elindult az IVT hivatalos Youtube csatorn\u00e1ja, ahol sok \u00e9rdekess\u00e9get \u00e9s izgalmat tal\u00e1lhattok a Tal\u00e1lkoz\u00f3val kapcsolatban. &nbsp; J\u00f3 b\u00f6ng\u00e9szget\u00e9st!! https:\/\/www.youtube.com\/channel\/UCTlVvFrKlgNixy3t9I-fQ7w<\/p>\n","protected":false},"author":1,"featured_media":0,"parent":202,"menu_order":0,"comment_status":"closed","ping_status":"closed","template":"","meta":{"ngg_post_thumbnail":0,"footnotes":""},"class_list":["post-431","page","type-page","status-publish","hentry"],"_links":{"self":[{"href":"https:\/\/ipcszeged.hu\/index.php\/wp-json\/wp\/v2\/pages\/431","targetHints":{"allow":["GET"]}}],"collection":[{"href":"https:\/\/ipcszeged.hu\/index.php\/wp-json\/wp\/v2\/pages"}],"about":[{"href":"https:\/\/ipcszeged.hu\/index.php\/wp-json\/wp\/v2\/types\/page"}],"author":[{"embeddable":true,"href":"https:\/\/ipcszeged.hu\/index.php\/wp-json\/wp\/v2\/users\/1"}],"replies":[{"embeddable":true,"href":"https:\/\/ipcszeged.hu\/index.php\/wp-json\/wp\/v2\/comments?post=431"}],"version-history":[{"count":2,"href":"https:\/\/ipcszeged.hu\/index.php\/wp-json\/wp\/v2\/pages\/431\/revisions"}],"predecessor-version":[{"id":433,"href":"https:\/\/ipcszeged.hu\/index.php\/wp-json\/wp\/v2\/pages\/431\/revisions\/433"}],"up":[{"embeddable":true,"href":"https:\/\/ipcszeged.hu\/index.php\/wp-json\/wp\/v2\/pages\/202"}],"wp:attachment":[{"href":"https:\/\/ipcszeged.hu\/index.php\/wp-json\/wp\/v2\/media?parent=431"}],"curies":[{"name":"wp","href":"https:\/\/api.w.org\/{rel}","templated":true}]}}