{"id":369,"date":"2015-11-25T12:16:19","date_gmt":"2015-11-25T12:16:19","guid":{"rendered":"http:\/\/www.ipcszeged.hu\/?page_id=369"},"modified":"2020-08-28T10:10:15","modified_gmt":"2020-08-28T10:10:15","slug":"taboros-temak","status":"publish","type":"page","link":"https:\/\/ipcszeged.hu\/index.php\/programok-ahol-megtalalsz-bennunket\/egyhazmegyei-nyari-tabor\/taboros-temak\/","title":{"rendered":"T\u00e1boros t\u00e9m\u00e1k"},"content":{"rendered":"<p>2013 Kell egy csapat!<\/p>\n<p>2012 Felel\u0151s vagyok a r\u00f3zs\u00e1m\u00e9rt<\/p>\n<p>2011 Csetepat\u00e9ink<\/p>\n<p>2010 Mesters\u00e9gem c\u00edmere<\/p>\n<p>2009 \u00daton \u00fatf\u00e9len&#8230;..<\/p>\n<p>2008 Vedd \u00e9szre Gondold \u00e1t<\/p>\n<p>2007 Hitv\u00e9delem<\/p>\n<p>2006 Gy\u00f6kereink \u00e9s gy\u00fcm\u00f6lcseink<\/p>\n<p>2005 Rombol\u00e1s \u00e9s alkot\u00e1s<\/p>\n<p>2004 Szabads\u00e1g<\/p>\n ","protected":false},"excerpt":{"rendered":"<p>2013 Kell egy csapat! 2012 Felel\u0151s vagyok a r\u00f3zs\u00e1m\u00e9rt 2011 Csetepat\u00e9ink 2010 Mesters\u00e9gem c\u00edmere 2009 \u00daton \u00fatf\u00e9len&#8230;.. 2008 Vedd \u00e9szre Gondold \u00e1t 2007 Hitv\u00e9delem 2006 Gy\u00f6kereink \u00e9s gy\u00fcm\u00f6lcseink 2005 Rombol\u00e1s \u00e9s alkot\u00e1s 2004 Szabads\u00e1g<\/p>\n","protected":false},"author":1,"featured_media":0,"parent":274,"menu_order":6,"comment_status":"closed","ping_status":"closed","template":"","meta":{"ngg_post_thumbnail":0,"footnotes":""},"class_list":["post-369","page","type-page","status-publish","hentry"],"_links":{"self":[{"href":"https:\/\/ipcszeged.hu\/index.php\/wp-json\/wp\/v2\/pages\/369","targetHints":{"allow":["GET"]}}],"collection":[{"href":"https:\/\/ipcszeged.hu\/index.php\/wp-json\/wp\/v2\/pages"}],"about":[{"href":"https:\/\/ipcszeged.hu\/index.php\/wp-json\/wp\/v2\/types\/page"}],"author":[{"embeddable":true,"href":"https:\/\/ipcszeged.hu\/index.php\/wp-json\/wp\/v2\/users\/1"}],"replies":[{"embeddable":true,"href":"https:\/\/ipcszeged.hu\/index.php\/wp-json\/wp\/v2\/comments?post=369"}],"version-history":[{"count":1,"href":"https:\/\/ipcszeged.hu\/index.php\/wp-json\/wp\/v2\/pages\/369\/revisions"}],"predecessor-version":[{"id":370,"href":"https:\/\/ipcszeged.hu\/index.php\/wp-json\/wp\/v2\/pages\/369\/revisions\/370"}],"up":[{"embeddable":true,"href":"https:\/\/ipcszeged.hu\/index.php\/wp-json\/wp\/v2\/pages\/274"}],"wp:attachment":[{"href":"https:\/\/ipcszeged.hu\/index.php\/wp-json\/wp\/v2\/media?parent=369"}],"curies":[{"name":"wp","href":"https:\/\/api.w.org\/{rel}","templated":true}]}}