{"id":3512,"date":"2017-06-19T13:02:16","date_gmt":"2017-06-19T13:02:16","guid":{"rendered":"http:\/\/www.ipcszeged.hu\/?page_id=3512"},"modified":"2017-06-19T13:02:16","modified_gmt":"2017-06-19T13:02:16","slug":"minden-amit-tudnod-kell-a-taborozasrol","status":"publish","type":"page","link":"https:\/\/ipcszeged.hu\/index.php\/programok-ahol-megtalalsz-bennunket\/egyhazmegyei-nyari-tabor\/xiv-egyhazmegyei-nyari-tabor\/minden-amit-tudnod-kell-a-taborozasrol\/","title":{"rendered":"Minden, amit tudnod kell a t\u00e1boroz\u00e1sr\u00f3l"},"content":{"rendered":"<p><strong>Kedves T\u00e1boroz\u00f3k!<\/strong><\/p>\n<p>&nbsp;<\/p>\n<p>\u00d6r\u00f6mmel vett\u00fck jelentkez\u00e9seteket a XIV. Egyh\u00e1zmegyei Ny\u00e1ri T\u00e1borra, amelynek id\u00e9n Szent L\u00e1szl\u00f3 lesz a &#8220;vend\u00e9ge \u00e9s v\u00e9dn\u00f6ke&#8221;!<\/p>\n<p>Szent L\u00e1szl\u00f3 nagyon pozit\u00edvan gondolkodik, hisz a t\u00e1bori mott\u00f3ja Kir\u00e1ly vagy! Azonban \u00f3vatoss\u00e1gra \u00e9s figyelemre int minden t\u00e1boroz\u00f3t, hogy alaposan \u00e9s gondosan k\u00e9sz\u00fcl\u0151dj\u00f6n a t\u00e1borra az al\u00e1bb le\u00edrtak szerint:<\/p>\n<ul>\n<li><strong>\u00c9rkez\u00e9s \u00e9s regisztr\u00e1ci\u00f3<\/strong>: 2017.06.26. 10:00-11:00 ig<\/li>\n<li>A <strong>r\u00e9szv\u00e9teli d\u00edj<\/strong>at is itt tudod majd befizetni<\/li>\n<li>Hozd magaddal az <strong>Eg\u00e9szs\u00e9g\u00fcgyi Nyilatkozat<\/strong>ot, amelyet a sz\u00fcleid al\u00e1\u00edrtak! Innen le tudod t\u00f6lteni: <a href=\"http:\/\/www.ipcszeged.hu\/index.php\/xiv-egyhazmegyei-nyari-tabor\/minden-amit-tudnod-kell-a-taborozasrol\/eu-nyilatkozat_2017\/\" rel=\"attachment wp-att-3513\">e\u00fc nyilatkozat_2017<\/a><\/li>\n<li>Minden<strong> fontos inf\u00f3<\/strong>t arr\u00f3l, hogy mit \u00e9rdemes hozni \u00e9s mit nem \u00e9rdemes hozni magatokkal a t\u00e1borba, megtal\u00e1lj\u00e1tok itt: <a href=\"http:\/\/www.ipcszeged.hu\/index.php\/xiv-egyhazmegyei-nyari-tabor\/minden-amit-tudnod-kell-a-taborozasrol\/informacios-fuzet\/\" rel=\"attachment wp-att-3514\">Inform\u00e1ci\u00f3s F\u00fczet<\/a><\/li>\n<\/ul>\n ","protected":false},"excerpt":{"rendered":"<p>Kedves T\u00e1boroz\u00f3k! &nbsp; \u00d6r\u00f6mmel vett\u00fck jelentkez\u00e9seteket a XIV. Egyh\u00e1zmegyei Ny\u00e1ri T\u00e1borra, amelynek id\u00e9n Szent L\u00e1szl\u00f3 lesz a &#8220;vend\u00e9ge \u00e9s v\u00e9dn\u00f6ke&#8221;! Szent L\u00e1szl\u00f3 nagyon pozit\u00edvan gondolkodik, hisz a t\u00e1bori mott\u00f3ja Kir\u00e1ly vagy! Azonban \u00f3vatoss\u00e1gra \u00e9s figyelemre int minden t\u00e1boroz\u00f3t, hogy alaposan \u00e9s gondosan k\u00e9sz\u00fcl\u0151dj\u00f6n a t\u00e1borra az al\u00e1bb le\u00edrtak szerint: \u00c9rkez\u00e9s \u00e9s regisztr\u00e1ci\u00f3: 2017.06.26. 10:00-11:00 ig&hellip; <br \/> <a class=\"read-more\" href=\"https:\/\/ipcszeged.hu\/index.php\/programok-ahol-megtalalsz-bennunket\/egyhazmegyei-nyari-tabor\/xiv-egyhazmegyei-nyari-tabor\/minden-amit-tudnod-kell-a-taborozasrol\/\">Read more<\/a><\/p>\n","protected":false},"author":1,"featured_media":2559,"parent":2395,"menu_order":0,"comment_status":"closed","ping_status":"closed","template":"","meta":{"ngg_post_thumbnail":0,"footnotes":""},"class_list":["post-3512","page","type-page","status-publish","has-post-thumbnail","hentry"],"_links":{"self":[{"href":"https:\/\/ipcszeged.hu\/index.php\/wp-json\/wp\/v2\/pages\/3512","targetHints":{"allow":["GET"]}}],"collection":[{"href":"https:\/\/ipcszeged.hu\/index.php\/wp-json\/wp\/v2\/pages"}],"about":[{"href":"https:\/\/ipcszeged.hu\/index.php\/wp-json\/wp\/v2\/types\/page"}],"author":[{"embeddable":true,"href":"https:\/\/ipcszeged.hu\/index.php\/wp-json\/wp\/v2\/users\/1"}],"replies":[{"embeddable":true,"href":"https:\/\/ipcszeged.hu\/index.php\/wp-json\/wp\/v2\/comments?post=3512"}],"version-history":[{"count":2,"href":"https:\/\/ipcszeged.hu\/index.php\/wp-json\/wp\/v2\/pages\/3512\/revisions"}],"predecessor-version":[{"id":3516,"href":"https:\/\/ipcszeged.hu\/index.php\/wp-json\/wp\/v2\/pages\/3512\/revisions\/3516"}],"up":[{"embeddable":true,"href":"https:\/\/ipcszeged.hu\/index.php\/wp-json\/wp\/v2\/pages\/2395"}],"wp:featuredmedia":[{"embeddable":true,"href":"https:\/\/ipcszeged.hu\/index.php\/wp-json\/wp\/v2\/media\/2559"}],"wp:attachment":[{"href":"https:\/\/ipcszeged.hu\/index.php\/wp-json\/wp\/v2\/media?parent=3512"}],"curies":[{"name":"wp","href":"https:\/\/api.w.org\/{rel}","templated":true}]}}