{"id":279,"date":"2015-11-12T12:51:46","date_gmt":"2015-11-12T12:51:46","guid":{"rendered":"http:\/\/www.ipcszeged.hu\/?page_id=279"},"modified":"2015-11-12T12:52:43","modified_gmt":"2015-11-12T12:52:43","slug":"felrazas-napok","status":"publish","type":"page","link":"https:\/\/ipcszeged.hu\/index.php\/programok-ahol-megtalalsz-bennunket\/felrazas-napok\/","title":{"rendered":"Felr\u00e1z\u00e1s napok"},"content":{"rendered":"<p style=\"text-align: justify;\"><span style=\"color: #333333;\"><span style=\"font-family: Roboto, Helvetica, sans-serif;\"><span style=\"font-size: medium;\">Az IPC igyekszik\u00a0seg\u00edteni azokat a pl\u00e9b\u00e1ni\u00e1kat, ahol \u00f6nelhat\u00e1roz\u00e1sb\u00f3l a pl\u00e9b\u00e1nia akt\u00edv tagjai szerveznek egy ifj\u00fas\u00e1gi programot vagy csal\u00e1di d\u00e9lut\u00e1nt a helyieknek. Itt lehet\u0151s\u00e9g ny\u00edlik a pl\u00e9b\u00e1nia alaposabb megismer\u00e9s\u00e9re, az aty\u00e1kkal \u00e9s m\u00e1s \u00f6nk\u00e9ntesekkel val\u00f3 kommunik\u00e1l\u00e1sra is. Fontosnak \u00e9rezz\u00fck a j\u00e1t\u00e9k \u00e9s a kult\u00fara szerep\u00e9t is ezeken az alkalmakon, \u00edgy minden ilyen jelleg\u0171 nap a j\u00e1t\u00e9kok mellett f\u0151k\u00e9nt a helyi nevezetess\u00e9geket, kultur\u00e1lis \u00e9rt\u00e9keket pr\u00f3b\u00e1ljuk kiemelni. A j\u00f3 hangulat \u00e9s az egy\u00fcttl\u00e9t mellett fontos megeml\u00edteni, hogy f\u0151 c\u00e9lunk ezeken a pl\u00e9b\u00e1ni\u00e1kon, hogy a szervez\u0151k egy er\u0151s \u00e9s kreat\u00edv munkacsoportt\u00e1 is avanzs\u00e1l\u00f3djanak. Az \u00f6sszekov\u00e1csol\u00e1sukat seg\u00edtik a tervez\u0151 megbesz\u00e9l\u00e9sek \u00e9s az alkalmak lez\u00e1r\u00e1s\u00e1t jelent\u0151 ki\u00e9rt\u00e9kel\u00e9sek is.<\/span><\/span><\/span><\/p>\n ","protected":false},"excerpt":{"rendered":"<p>Az IPC igyekszik\u00a0seg\u00edteni azokat a pl\u00e9b\u00e1ni\u00e1kat, ahol \u00f6nelhat\u00e1roz\u00e1sb\u00f3l a pl\u00e9b\u00e1nia akt\u00edv tagjai szerveznek egy ifj\u00fas\u00e1gi programot vagy csal\u00e1di d\u00e9lut\u00e1nt a helyieknek. Itt lehet\u0151s\u00e9g ny\u00edlik a pl\u00e9b\u00e1nia alaposabb megismer\u00e9s\u00e9re, az aty\u00e1kkal \u00e9s m\u00e1s \u00f6nk\u00e9ntesekkel val\u00f3 kommunik\u00e1l\u00e1sra is. Fontosnak \u00e9rezz\u00fck a j\u00e1t\u00e9k \u00e9s a kult\u00fara szerep\u00e9t is ezeken az alkalmakon, \u00edgy minden ilyen jelleg\u0171 nap a j\u00e1t\u00e9kok&hellip; <br \/> <a class=\"read-more\" href=\"https:\/\/ipcszeged.hu\/index.php\/programok-ahol-megtalalsz-bennunket\/felrazas-napok\/\">Read more<\/a><\/p>\n","protected":false},"author":1,"featured_media":0,"parent":162,"menu_order":5,"comment_status":"closed","ping_status":"closed","template":"template-fullwidth.php","meta":{"ngg_post_thumbnail":0,"footnotes":""},"class_list":["post-279","page","type-page","status-publish","hentry"],"_links":{"self":[{"href":"https:\/\/ipcszeged.hu\/index.php\/wp-json\/wp\/v2\/pages\/279","targetHints":{"allow":["GET"]}}],"collection":[{"href":"https:\/\/ipcszeged.hu\/index.php\/wp-json\/wp\/v2\/pages"}],"about":[{"href":"https:\/\/ipcszeged.hu\/index.php\/wp-json\/wp\/v2\/types\/page"}],"author":[{"embeddable":true,"href":"https:\/\/ipcszeged.hu\/index.php\/wp-json\/wp\/v2\/users\/1"}],"replies":[{"embeddable":true,"href":"https:\/\/ipcszeged.hu\/index.php\/wp-json\/wp\/v2\/comments?post=279"}],"version-history":[{"count":1,"href":"https:\/\/ipcszeged.hu\/index.php\/wp-json\/wp\/v2\/pages\/279\/revisions"}],"predecessor-version":[{"id":280,"href":"https:\/\/ipcszeged.hu\/index.php\/wp-json\/wp\/v2\/pages\/279\/revisions\/280"}],"up":[{"embeddable":true,"href":"https:\/\/ipcszeged.hu\/index.php\/wp-json\/wp\/v2\/pages\/162"}],"wp:attachment":[{"href":"https:\/\/ipcszeged.hu\/index.php\/wp-json\/wp\/v2\/media?parent=279"}],"curies":[{"name":"wp","href":"https:\/\/api.w.org\/{rel}","templated":true}]}}