{"id":277,"date":"2015-11-12T12:51:08","date_gmt":"2015-11-12T12:51:08","guid":{"rendered":"http:\/\/www.ipcszeged.hu\/?page_id=277"},"modified":"2017-03-17T09:29:12","modified_gmt":"2017-03-17T09:29:12","slug":"korzeti-ifjusagi-talalkozo","status":"publish","type":"page","link":"https:\/\/ipcszeged.hu\/index.php\/programok-ahol-megtalalsz-bennunket\/korzeti-ifjusagi-talalkozo\/","title":{"rendered":"K\u00f6rzeti Ifj\u00fas\u00e1gi Tal\u00e1lkoz\u00f3"},"content":{"rendered":"<p style=\"text-align: justify;\"><a href=\"http:\/\/www.ipcszeged.hu\/index.php\/efop-1-2-2-15\/infoblokk_kedv_final_felso_cmyk_esza\/\" rel=\"attachment wp-att-2365\"><img loading=\"lazy\" decoding=\"async\" class=\"wp-image-2365 alignright\" src=\"http:\/\/www.ipcszeged.hu\/wp-content\/uploads\/2017\/01\/infoblokk_kedv_final_felso_cmyk_ESZA.jpg\" alt=\"\" width=\"358\" height=\"247\" srcset=\"https:\/\/ipcszeged.hu\/wp-content\/uploads\/2017\/01\/infoblokk_kedv_final_felso_cmyk_ESZA.jpg 1453w, https:\/\/ipcszeged.hu\/wp-content\/uploads\/2017\/01\/infoblokk_kedv_final_felso_cmyk_ESZA-150x104.jpg 150w, https:\/\/ipcszeged.hu\/wp-content\/uploads\/2017\/01\/infoblokk_kedv_final_felso_cmyk_ESZA-300x207.jpg 300w, https:\/\/ipcszeged.hu\/wp-content\/uploads\/2017\/01\/infoblokk_kedv_final_felso_cmyk_ESZA-768x531.jpg 768w, https:\/\/ipcszeged.hu\/wp-content\/uploads\/2017\/01\/infoblokk_kedv_final_felso_cmyk_ESZA-945x653.jpg 945w, https:\/\/ipcszeged.hu\/wp-content\/uploads\/2017\/01\/infoblokk_kedv_final_felso_cmyk_ESZA-600x415.jpg 600w\" sizes=\"auto, (max-width: 358px) 100vw, 358px\" \/><\/a><\/p>\n<p style=\"text-align: justify;\"><span style=\"color: #333333;\"><span style=\"font-family: Roboto, Helvetica, sans-serif;\"><span style=\"font-size: medium;\">A Szeged-Csan\u00e1di Egyh\u00e1zmegy\u00e9ben t\u00f6bb k\u00f6rzetet alak\u00edtott ki az Iroda az \u00e9vek sor\u00e1n. F\u0151 c\u00e9lunk, hogy k\u00f6rzeteink az eg\u00e9sz Egyh\u00e1zmegye ter\u00fclet\u00e9t lefedj\u00e9k. Egy &#8211; egy k\u00f6rzetekhez 4-5 vagy ak\u00e1r 6 telep\u00fcl\u00e9s is tartozik. A k\u00f6rzetek \u00e1ltal\u00e1ban egy \u00e9vben k\u00e9t alkalommal is megtartj\u00e1k tal\u00e1lkoz\u00f3jukat. A tal\u00e1lkoz\u00f3k el\u0151k\u00e9sz\u00edt\u00e9s\u00e9ben a helyi hitoktat\u00f3k, lelkip\u00e1sztorok \u00e9s \u00f6nk\u00e9ntesek vesznek r\u00e9szt. A tal\u00e1lkoz\u00f3k a liturgikus \u00e9vnek megfelel\u0151en mindig egy adott t\u00e9ma k\u00f6r\u00e9 \u00e9p\u00fclnek, \u00edgy Adventben \u00e9s Nagyb\u00f6jtben lelkibb, im\u00e1ds\u00e1gosabb jeleg\u0171, m\u00edg tavasszal \u00e9s \u0151sszel mozgalmasabb programokat tervez a szervez\u0151k csapata a fiatalok sz\u00e1m\u00e1ra. Jelenleg 6 k\u00f6rzet m\u0171k\u00f6dik akt\u00edvan az Egyh\u00e1zmegye ter\u00fclet\u00e9n: Forr\u00e1sk\u00fati-, M\u00f3rahalmi-, Kisteleki-, Gyomaendr\u0151di-, Orosh\u00e1zi-, Eleki &#8211; k\u00f6rzet. A hitoktat\u00f3k, \u00f6nk\u00e9ntesek \u00e9s lelkip\u00e1sztorok a tervez\u0151 alkalmaknak \u00e9s a programoknak k\u00f6sz\u00f6nhet\u0151en az id\u0151 m\u00fal\u00e1s\u00e1val egy munkacsoportt\u00e1 kov\u00e1csol\u00f3dtak, \u00edgy besz\u00e1molhatunk olyan esetekr\u0151l is, amikor szomsz\u00e9dos telep\u00fcl\u00e9sek hitoktat\u00f3 \u00f6nszervez\u0151dve egy\u00fctt \u00a0val\u00f3s\u00edtottak meg egy-egy ifj\u00fas\u00e1gi programot.<\/span><\/span><\/span><\/p>\n<p style=\"text-align: justify;\"><span style=\"color: #333333;\"><span style=\"font-family: Roboto, Helvetica, sans-serif;\"><span style=\"font-size: medium;\">A ifj\u00fas\u00e1g k\u00f6rzeti tal\u00e1lkoz\u00f3k &#8211; azaz KIT-ek &#8211; nem csak a szervez\u0151 csapatokb\u00f3l kov\u00e1csol munkak\u00f6z\u00f6ss\u00e9get, hanem lehet\u0151s\u00e9get ad t\u00f6bb fiatal sz\u00e1m\u00e1ra, hogy a szomsz\u00e9dos telep\u00fcl\u00e9s fiataljait is megismerje.<\/span><\/span><\/span><\/p>\n ","protected":false},"excerpt":{"rendered":"<p>A Szeged-Csan\u00e1di Egyh\u00e1zmegy\u00e9ben t\u00f6bb k\u00f6rzetet alak\u00edtott ki az Iroda az \u00e9vek sor\u00e1n. F\u0151 c\u00e9lunk, hogy k\u00f6rzeteink az eg\u00e9sz Egyh\u00e1zmegye ter\u00fclet\u00e9t lefedj\u00e9k. Egy &#8211; egy k\u00f6rzetekhez 4-5 vagy ak\u00e1r 6 telep\u00fcl\u00e9s is tartozik. A k\u00f6rzetek \u00e1ltal\u00e1ban egy \u00e9vben k\u00e9t alkalommal is megtartj\u00e1k tal\u00e1lkoz\u00f3jukat. A tal\u00e1lkoz\u00f3k el\u0151k\u00e9sz\u00edt\u00e9s\u00e9ben a helyi hitoktat\u00f3k, lelkip\u00e1sztorok \u00e9s \u00f6nk\u00e9ntesek vesznek r\u00e9szt. A tal\u00e1lkoz\u00f3k&hellip; <br \/> <a class=\"read-more\" href=\"https:\/\/ipcszeged.hu\/index.php\/programok-ahol-megtalalsz-bennunket\/korzeti-ifjusagi-talalkozo\/\">Read more<\/a><\/p>\n","protected":false},"author":1,"featured_media":0,"parent":162,"menu_order":4,"comment_status":"closed","ping_status":"closed","template":"template-fullwidth.php","meta":{"ngg_post_thumbnail":0,"footnotes":""},"class_list":["post-277","page","type-page","status-publish","hentry"],"_links":{"self":[{"href":"https:\/\/ipcszeged.hu\/index.php\/wp-json\/wp\/v2\/pages\/277","targetHints":{"allow":["GET"]}}],"collection":[{"href":"https:\/\/ipcszeged.hu\/index.php\/wp-json\/wp\/v2\/pages"}],"about":[{"href":"https:\/\/ipcszeged.hu\/index.php\/wp-json\/wp\/v2\/types\/page"}],"author":[{"embeddable":true,"href":"https:\/\/ipcszeged.hu\/index.php\/wp-json\/wp\/v2\/users\/1"}],"replies":[{"embeddable":true,"href":"https:\/\/ipcszeged.hu\/index.php\/wp-json\/wp\/v2\/comments?post=277"}],"version-history":[{"count":2,"href":"https:\/\/ipcszeged.hu\/index.php\/wp-json\/wp\/v2\/pages\/277\/revisions"}],"predecessor-version":[{"id":2375,"href":"https:\/\/ipcszeged.hu\/index.php\/wp-json\/wp\/v2\/pages\/277\/revisions\/2375"}],"up":[{"embeddable":true,"href":"https:\/\/ipcszeged.hu\/index.php\/wp-json\/wp\/v2\/pages\/162"}],"wp:attachment":[{"href":"https:\/\/ipcszeged.hu\/index.php\/wp-json\/wp\/v2\/media?parent=277"}],"curies":[{"name":"wp","href":"https:\/\/api.w.org\/{rel}","templated":true}]}}