{"id":274,"date":"2015-11-12T12:50:33","date_gmt":"2015-11-12T12:50:33","guid":{"rendered":"http:\/\/www.ipcszeged.hu\/?page_id=274"},"modified":"2017-03-17T09:01:15","modified_gmt":"2017-03-17T09:01:15","slug":"egyhazmegyei-nyari-tabor","status":"publish","type":"page","link":"https:\/\/ipcszeged.hu\/index.php\/programok-ahol-megtalalsz-bennunket\/egyhazmegyei-nyari-tabor\/","title":{"rendered":"Egyh\u00e1zmegyei Ny\u00e1ri T\u00e1bor"},"content":{"rendered":"<h2 style=\"text-align: left;\">EGYH\u00c1ZMEGYEI NY\u00c1RI T\u00c1BOR<a href=\"http:\/\/www.ipcszeged.hu\/index.php\/efop-1-2-2-15\/infoblokk_kedv_final_felso_cmyk_esza\/\" rel=\"attachment wp-att-2365\"><img loading=\"lazy\" decoding=\"async\" class=\"wp-image-2365 alignright\" src=\"http:\/\/www.ipcszeged.hu\/wp-content\/uploads\/2017\/01\/infoblokk_kedv_final_felso_cmyk_ESZA.jpg\" alt=\"\" width=\"362\" height=\"251\" srcset=\"https:\/\/ipcszeged.hu\/wp-content\/uploads\/2017\/01\/infoblokk_kedv_final_felso_cmyk_ESZA.jpg 1453w, https:\/\/ipcszeged.hu\/wp-content\/uploads\/2017\/01\/infoblokk_kedv_final_felso_cmyk_ESZA-150x104.jpg 150w, https:\/\/ipcszeged.hu\/wp-content\/uploads\/2017\/01\/infoblokk_kedv_final_felso_cmyk_ESZA-300x207.jpg 300w, https:\/\/ipcszeged.hu\/wp-content\/uploads\/2017\/01\/infoblokk_kedv_final_felso_cmyk_ESZA-768x531.jpg 768w, https:\/\/ipcszeged.hu\/wp-content\/uploads\/2017\/01\/infoblokk_kedv_final_felso_cmyk_ESZA-945x653.jpg 945w, https:\/\/ipcszeged.hu\/wp-content\/uploads\/2017\/01\/infoblokk_kedv_final_felso_cmyk_ESZA-600x415.jpg 600w\" sizes=\"auto, (max-width: 362px) 100vw, 362px\" \/><\/a><\/h2>\n<p style=\"text-align: center;\">\n<h3 style=\"text-align: left;\"><span style=\"color: #333333;\"><span style=\"font-family: Roboto, Helvetica, sans-serif;\"><span style=\"font-size: medium;\">Az<strong> Egyh\u00e1zmegyei Ny\u00e1ri T\u00e1bor<\/strong>t 2004-ben ind\u00edtott\u00e1k Domasz\u00e9k &#8211; Z\u00f6ldf\u00e1son. A t\u00e1bor akkoriban lehet\u0151s\u00e9get ny\u00fajtott a fiatalok sz\u00e1m\u00e1ra, hogy megismerkedjenek m\u00e1s telep\u00fcl\u00e9sr\u0151l \u00e9rkez\u0151 \u00e9s hasonl\u00f3 gondolkod\u00e1s\u00fa fiatalokkal. A t\u00e1bor minden \u00e9vben m\u00e1s t\u00e9ma alapj\u00e1n \u00e9p\u00fclt fel, \u00fagy hogy a t\u00e1bor tematik\u00e1ja k\u00f6vette a Szent Gell\u00e9rt Ifj\u00fas\u00e1gi Tal\u00e1lkoz\u00f3 t\u00e9m\u00e1j\u00e1t. A t\u00e1borban egy h\u00e9t alatt a fiatalok csoportfoglalkoz\u00e1sokon, kreat\u00edv imaalkalmakon, szentmis\u00e9n , reggeli \u00e9s esti im\u00e1n, filmklubbon, k\u00e9zm\u0171ves foglalkoz\u00e1sokon, szombat esti matin\u00e9 m\u0171soron, strandol\u00e1sokon \u00e9s kir\u00e1ndul\u00e1sokon vehetnek r\u00e9szt. A kir\u00e1ndul\u00e1sok c\u00e9lja, hogy a fiatalok jobban megismerj\u00e9k Egyh\u00e1zmegy\u00e9j\u00fck telep\u00fcl\u00e9seit \u00e9s nevezetess\u00e9geit. A t\u00e1bor 11 \u00e9ves m\u00faltj\u00e1ra visszatekintve nagyon sok bar\u00e1ts\u00e1g k\u00f6t\u0151d\u00f6tt \u00e9s m\u00e1r t\u00f6bb h\u00e1zass\u00e1g is sz\u00fcletett a t\u00e1bornak k\u00f6sz\u00f6nhet\u0151en.<\/span><\/span><\/span><\/h3>\n<h4><a href=\"https:\/\/vimeo.com\/135127878\">\u00cdgy t\u00e1boroztak szabadon a Szeged-csan\u00e1di egyh\u00e1zmegye ifjai 2015-ben<\/a><\/h4>\n<hr \/>\n ","protected":false},"excerpt":{"rendered":"<p>EGYH\u00c1ZMEGYEI NY\u00c1RI T\u00c1BOR Az Egyh\u00e1zmegyei Ny\u00e1ri T\u00e1bort 2004-ben ind\u00edtott\u00e1k Domasz\u00e9k &#8211; Z\u00f6ldf\u00e1son. A t\u00e1bor akkoriban lehet\u0151s\u00e9get ny\u00fajtott a fiatalok sz\u00e1m\u00e1ra, hogy megismerkedjenek m\u00e1s telep\u00fcl\u00e9sr\u0151l \u00e9rkez\u0151 \u00e9s hasonl\u00f3 gondolkod\u00e1s\u00fa fiatalokkal. A t\u00e1bor minden \u00e9vben m\u00e1s t\u00e9ma alapj\u00e1n \u00e9p\u00fclt fel, \u00fagy hogy a t\u00e1bor tematik\u00e1ja k\u00f6vette a Szent Gell\u00e9rt Ifj\u00fas\u00e1gi Tal\u00e1lkoz\u00f3 t\u00e9m\u00e1j\u00e1t. A t\u00e1borban egy h\u00e9t alatt&hellip; <br \/> <a class=\"read-more\" href=\"https:\/\/ipcszeged.hu\/index.php\/programok-ahol-megtalalsz-bennunket\/egyhazmegyei-nyari-tabor\/\">Read more<\/a><\/p>\n","protected":false},"author":1,"featured_media":275,"parent":162,"menu_order":0,"comment_status":"closed","ping_status":"closed","template":"template-fullwidth.php","meta":{"ngg_post_thumbnail":0,"footnotes":""},"class_list":["post-274","page","type-page","status-publish","has-post-thumbnail","hentry"],"_links":{"self":[{"href":"https:\/\/ipcszeged.hu\/index.php\/wp-json\/wp\/v2\/pages\/274","targetHints":{"allow":["GET"]}}],"collection":[{"href":"https:\/\/ipcszeged.hu\/index.php\/wp-json\/wp\/v2\/pages"}],"about":[{"href":"https:\/\/ipcszeged.hu\/index.php\/wp-json\/wp\/v2\/types\/page"}],"author":[{"embeddable":true,"href":"https:\/\/ipcszeged.hu\/index.php\/wp-json\/wp\/v2\/users\/1"}],"replies":[{"embeddable":true,"href":"https:\/\/ipcszeged.hu\/index.php\/wp-json\/wp\/v2\/comments?post=274"}],"version-history":[{"count":2,"href":"https:\/\/ipcszeged.hu\/index.php\/wp-json\/wp\/v2\/pages\/274\/revisions"}],"predecessor-version":[{"id":2369,"href":"https:\/\/ipcszeged.hu\/index.php\/wp-json\/wp\/v2\/pages\/274\/revisions\/2369"}],"up":[{"embeddable":true,"href":"https:\/\/ipcszeged.hu\/index.php\/wp-json\/wp\/v2\/pages\/162"}],"wp:featuredmedia":[{"embeddable":true,"href":"https:\/\/ipcszeged.hu\/index.php\/wp-json\/wp\/v2\/media\/275"}],"wp:attachment":[{"href":"https:\/\/ipcszeged.hu\/index.php\/wp-json\/wp\/v2\/media?parent=274"}],"curies":[{"name":"wp","href":"https:\/\/api.w.org\/{rel}","templated":true}]}}