{"id":272,"date":"2015-11-12T12:47:57","date_gmt":"2015-11-12T12:47:57","guid":{"rendered":"http:\/\/www.ipcszeged.hu\/?page_id=272"},"modified":"2016-01-26T11:59:00","modified_gmt":"2016-01-26T11:59:00","slug":"iget-talalkozo-bekescsaba-jamina","status":"publish","type":"page","link":"https:\/\/ipcszeged.hu\/index.php\/programok-ahol-megtalalsz-bennunket\/iget-talalkozo-bekescsaba-jamina\/","title":{"rendered":"IG\u00c9T tal\u00e1lkoz\u00f3 B\u00e9k\u00e9scsaba Jamina"},"content":{"rendered":"<p style=\"text-align: center;\"><img decoding=\"async\" src=\"http:\/\/www.templom.hu\/phpwcms\/bekescsaba_jamina-rk\/P1100457.JPG\" alt=\"\" \/><\/p>\n<p style=\"text-align: center;\"><span style=\"color: #333333;\"><span style=\"font-family: Roboto, Helvetica, sans-serif;\"><span style=\"font-size: medium;\">Minden \u00e9v m\u00e1jus\u00e1ban megszervezz\u00fck a B\u00e9k\u00e9scsabai Ifj\u00fas\u00e1gi tal\u00e1lkoz\u00f3t, ahov\u00e1 f\u0151k\u00e9nt a B\u00e9k\u00e9s megyei fiatalokat v\u00e1rjuk.. Hasonl\u00f3an a Szent Gell\u00e9rt Ifj\u00fas\u00e1gi Tal\u00e1lkoz\u00f3hoz itt is egy t\u00e9ma k\u00f6r\u00e9 szervez\u0151dik a tal\u00e1lkoz\u00f3. Egy- egy \u00a0tal\u00e1lkoz\u00f3n k\u00f6r\u00fclbel\u00fcl 100 fiatal van jelen.<\/span><\/span><\/span><\/p>\n ","protected":false},"excerpt":{"rendered":"<p>Minden \u00e9v m\u00e1jus\u00e1ban megszervezz\u00fck a B\u00e9k\u00e9scsabai Ifj\u00fas\u00e1gi tal\u00e1lkoz\u00f3t, ahov\u00e1 f\u0151k\u00e9nt a B\u00e9k\u00e9s megyei fiatalokat v\u00e1rjuk.. Hasonl\u00f3an a Szent Gell\u00e9rt Ifj\u00fas\u00e1gi Tal\u00e1lkoz\u00f3hoz itt is egy t\u00e9ma k\u00f6r\u00e9 szervez\u0151dik a tal\u00e1lkoz\u00f3. Egy- egy \u00a0tal\u00e1lkoz\u00f3n k\u00f6r\u00fclbel\u00fcl 100 fiatal van jelen.<\/p>\n","protected":false},"author":1,"featured_media":0,"parent":162,"menu_order":4,"comment_status":"closed","ping_status":"closed","template":"template-fullwidth.php","meta":{"ngg_post_thumbnail":0,"footnotes":""},"class_list":["post-272","page","type-page","status-publish","hentry"],"_links":{"self":[{"href":"https:\/\/ipcszeged.hu\/index.php\/wp-json\/wp\/v2\/pages\/272","targetHints":{"allow":["GET"]}}],"collection":[{"href":"https:\/\/ipcszeged.hu\/index.php\/wp-json\/wp\/v2\/pages"}],"about":[{"href":"https:\/\/ipcszeged.hu\/index.php\/wp-json\/wp\/v2\/types\/page"}],"author":[{"embeddable":true,"href":"https:\/\/ipcszeged.hu\/index.php\/wp-json\/wp\/v2\/users\/1"}],"replies":[{"embeddable":true,"href":"https:\/\/ipcszeged.hu\/index.php\/wp-json\/wp\/v2\/comments?post=272"}],"version-history":[{"count":2,"href":"https:\/\/ipcszeged.hu\/index.php\/wp-json\/wp\/v2\/pages\/272\/revisions"}],"predecessor-version":[{"id":696,"href":"https:\/\/ipcszeged.hu\/index.php\/wp-json\/wp\/v2\/pages\/272\/revisions\/696"}],"up":[{"embeddable":true,"href":"https:\/\/ipcszeged.hu\/index.php\/wp-json\/wp\/v2\/pages\/162"}],"wp:attachment":[{"href":"https:\/\/ipcszeged.hu\/index.php\/wp-json\/wp\/v2\/media?parent=272"}],"curies":[{"name":"wp","href":"https:\/\/api.w.org\/{rel}","templated":true}]}}