{"id":264,"date":"2015-11-12T12:44:00","date_gmt":"2015-11-12T12:44:00","guid":{"rendered":"http:\/\/www.ipcszeged.hu\/?page_id=264"},"modified":"2017-03-17T09:21:22","modified_gmt":"2017-03-17T09:21:22","slug":"szent-gellert-ifjusagi-talalkozo","status":"publish","type":"page","link":"https:\/\/ipcszeged.hu\/index.php\/programok-ahol-megtalalsz-bennunket\/szent-gellert-ifjusagi-talalkozo\/","title":{"rendered":"Szent Gell\u00e9rt Ifj\u00fas\u00e1gi Tal\u00e1lkoz\u00f3"},"content":{"rendered":"<h4 style=\"text-align: right;\"><a href=\"http:\/\/www.ipcszeged.hu\/index.php\/efop-1-2-2-15\/infoblokk_kedv_final_felso_cmyk_esza\/\" rel=\"attachment wp-att-2365\"><img loading=\"lazy\" decoding=\"async\" class=\"wp-image-2365 alignnone\" src=\"http:\/\/www.ipcszeged.hu\/wp-content\/uploads\/2017\/01\/infoblokk_kedv_final_felso_cmyk_ESZA.jpg\" alt=\"\" width=\"294\" height=\"203\" srcset=\"https:\/\/ipcszeged.hu\/wp-content\/uploads\/2017\/01\/infoblokk_kedv_final_felso_cmyk_ESZA.jpg 1453w, https:\/\/ipcszeged.hu\/wp-content\/uploads\/2017\/01\/infoblokk_kedv_final_felso_cmyk_ESZA-150x104.jpg 150w, https:\/\/ipcszeged.hu\/wp-content\/uploads\/2017\/01\/infoblokk_kedv_final_felso_cmyk_ESZA-300x207.jpg 300w, https:\/\/ipcszeged.hu\/wp-content\/uploads\/2017\/01\/infoblokk_kedv_final_felso_cmyk_ESZA-768x531.jpg 768w, https:\/\/ipcszeged.hu\/wp-content\/uploads\/2017\/01\/infoblokk_kedv_final_felso_cmyk_ESZA-945x653.jpg 945w, https:\/\/ipcszeged.hu\/wp-content\/uploads\/2017\/01\/infoblokk_kedv_final_felso_cmyk_ESZA-600x415.jpg 600w\" sizes=\"auto, (max-width: 294px) 100vw, 294px\" \/><\/a><\/h4>\n<h4>\u00c9vente egyszer Egyh\u00e1zmegy\u00e9nk v\u00e9d\u0151szentj\u00e9nek megeml\u00e9kez\u00e9sek\u00e9nt szervezz\u00fck meg az eg\u00e9sz egyh\u00e1zmegye ter\u00fclet\u00e9n l\u00e9v\u0151 fiatalok sz\u00e1m\u00e1ra a Szent Gell\u00e9rt Ifj\u00fas\u00e1gi Tal\u00e1lkoz\u00f3t Szegeden. A nap programja sor\u00e1n a fiatalok el\u0151ad\u00e1sokon, csoportfoglalkoz\u00e1sokon \u00e9s j\u00e1t\u00e9kos foglalkoz\u00e1sokon vehetnek r\u00e9szt a tal\u00e1lkoz\u00e1s \u00f6r\u00f6m\u00e9nek n\u00e9vjegy\u00e9ben. Minden \u00e9vben egy meghat\u00e1rozott t\u00e9m\u00e1ra \u00e9p\u00edtj\u00fck a napot. A tavalyi \u00e9vt\u0151l kezd\u0151d\u0151en egyetemist\u00e1k sz\u00e1m\u00e1ra is megnyitottuk a tal\u00e1lkoz\u00f3t k\u00fcl\u00f6n el\u0151ad\u00e1sokkal \u00e9s az egyetemista koroszt\u00e1lynak megfelel\u0151 m\u0171helyfoglalkoz\u00e1sokkal. Id\u00e9n a r\u00e9sztvev\u0151k l\u00e9tsz\u00e1ma el\u00e9rte az 1000 f\u0151t.<\/h4>\n<h4>A Szent Gell\u00e9rt Ifj\u00fas\u00e1gi Tal\u00e1lkoz\u00f3 j\u00f6v\u0151re (2016) \u00fcnnepli jubileumi 40. \u00e9v\u00e9t.<\/h4>\n<h4 style=\"text-align: center;\"><span style=\"color: #333333;\"><span style=\"font-family: Roboto, Helvetica, sans-serif;\"><span style=\"font-size: medium;\"><a href=\"https:\/\/vimeo.com\/110347111\">V\u00e1god? &#8230;hogy \u00e9rts\u00fck egym\u00e1st &#8211; tal\u00e1lkoz\u00f3 Szegeden 2014<\/a><\/span><\/span><\/span><\/h4>\n ","protected":false},"excerpt":{"rendered":"<p>\u00c9vente egyszer Egyh\u00e1zmegy\u00e9nk v\u00e9d\u0151szentj\u00e9nek megeml\u00e9kez\u00e9sek\u00e9nt szervezz\u00fck meg az eg\u00e9sz egyh\u00e1zmegye ter\u00fclet\u00e9n l\u00e9v\u0151 fiatalok sz\u00e1m\u00e1ra a Szent Gell\u00e9rt Ifj\u00fas\u00e1gi Tal\u00e1lkoz\u00f3t Szegeden. A nap programja sor\u00e1n a fiatalok el\u0151ad\u00e1sokon, csoportfoglalkoz\u00e1sokon \u00e9s j\u00e1t\u00e9kos foglalkoz\u00e1sokon vehetnek r\u00e9szt a tal\u00e1lkoz\u00e1s \u00f6r\u00f6m\u00e9nek n\u00e9vjegy\u00e9ben. Minden \u00e9vben egy meghat\u00e1rozott t\u00e9m\u00e1ra \u00e9p\u00edtj\u00fck a napot. A tavalyi \u00e9vt\u0151l kezd\u0151d\u0151en egyetemist\u00e1k sz\u00e1m\u00e1ra is megnyitottuk a tal\u00e1lkoz\u00f3t&hellip; <br \/> <a class=\"read-more\" href=\"https:\/\/ipcszeged.hu\/index.php\/programok-ahol-megtalalsz-bennunket\/szent-gellert-ifjusagi-talalkozo\/\">Read more<\/a><\/p>\n","protected":false},"author":1,"featured_media":265,"parent":162,"menu_order":1,"comment_status":"closed","ping_status":"closed","template":"template-fullwidth.php","meta":{"ngg_post_thumbnail":0,"footnotes":""},"class_list":["post-264","page","type-page","status-publish","has-post-thumbnail","hentry"],"_links":{"self":[{"href":"https:\/\/ipcszeged.hu\/index.php\/wp-json\/wp\/v2\/pages\/264","targetHints":{"allow":["GET"]}}],"collection":[{"href":"https:\/\/ipcszeged.hu\/index.php\/wp-json\/wp\/v2\/pages"}],"about":[{"href":"https:\/\/ipcszeged.hu\/index.php\/wp-json\/wp\/v2\/types\/page"}],"author":[{"embeddable":true,"href":"https:\/\/ipcszeged.hu\/index.php\/wp-json\/wp\/v2\/users\/1"}],"replies":[{"embeddable":true,"href":"https:\/\/ipcszeged.hu\/index.php\/wp-json\/wp\/v2\/comments?post=264"}],"version-history":[{"count":6,"href":"https:\/\/ipcszeged.hu\/index.php\/wp-json\/wp\/v2\/pages\/264\/revisions"}],"predecessor-version":[{"id":2372,"href":"https:\/\/ipcszeged.hu\/index.php\/wp-json\/wp\/v2\/pages\/264\/revisions\/2372"}],"up":[{"embeddable":true,"href":"https:\/\/ipcszeged.hu\/index.php\/wp-json\/wp\/v2\/pages\/162"}],"wp:featuredmedia":[{"embeddable":true,"href":"https:\/\/ipcszeged.hu\/index.php\/wp-json\/wp\/v2\/media\/265"}],"wp:attachment":[{"href":"https:\/\/ipcszeged.hu\/index.php\/wp-json\/wp\/v2\/media?parent=264"}],"curies":[{"name":"wp","href":"https:\/\/api.w.org\/{rel}","templated":true}]}}