{"id":250,"date":"2015-11-12T12:13:17","date_gmt":"2015-11-12T12:13:17","guid":{"rendered":"http:\/\/www.ipcszeged.hu\/?page_id=250"},"modified":"2016-01-05T15:30:28","modified_gmt":"2016-01-05T15:30:28","slug":"adventi-anyagok","status":"publish","type":"page","link":"https:\/\/ipcszeged.hu\/index.php\/letoltesek\/segedanyagok\/adventi-anyagok\/","title":{"rendered":"Adventi anyagok"},"content":{"rendered":"<p>2015 Advent:<\/p>\n<p><a href=\"http:\/\/www.ipcszeged.hu\/index.php\/letoltesek\/segedanyagok\/adventi-anyagok\/adventi-csoportanyag-1-vasarnap\/\" rel=\"attachment wp-att-476\">Adventi csoportanyag 1. vas\u00e1rnap<\/a><\/p>\n<p><a href=\"http:\/\/www.ipcszeged.hu\/index.php\/letoltesek\/segedanyagok\/adventi-anyagok\/adventi-csoportanyag-2-vasarnap\/\" rel=\"attachment wp-att-477\">Adventi csoportanyag 2. <\/a><a href=\"http:\/\/www.ipcszeged.hu\/index.php\/letoltesek\/segedanyagok\/adventi-anyagok\/adventi-csoportanyag-2-vasarnap\/\" rel=\"attachment wp-att-477\">vas\u00e1rnap<\/a><\/p>\n<p><a href=\"http:\/\/www.ipcszeged.hu\/index.php\/letoltesek\/segedanyagok\/adventi-anyagok\/adventi-csoportanyag-3-vasarnap\/\" rel=\"attachment wp-att-478\">Adventi csoportanyag 3. vas\u00e1rnap<\/a><\/p>\n<p><a href=\"http:\/\/www.ipcszeged.hu\/index.php\/letoltesek\/segedanyagok\/adventi-anyagok\/adventi-csoportanyag-4-vasarnap\/\" rel=\"attachment wp-att-480\">Adventi csoportanyag 4. vas\u00e1rnap<\/a><\/p>\n ","protected":false},"excerpt":{"rendered":"<p>2015 Advent: Adventi csoportanyag 1. vas\u00e1rnap Adventi csoportanyag 2. vas\u00e1rnap Adventi csoportanyag 3. vas\u00e1rnap Adventi csoportanyag 4. vas\u00e1rnap<\/p>\n","protected":false},"author":1,"featured_media":0,"parent":238,"menu_order":0,"comment_status":"closed","ping_status":"closed","template":"","meta":{"ngg_post_thumbnail":0,"footnotes":""},"class_list":["post-250","page","type-page","status-publish","hentry"],"_links":{"self":[{"href":"https:\/\/ipcszeged.hu\/index.php\/wp-json\/wp\/v2\/pages\/250","targetHints":{"allow":["GET"]}}],"collection":[{"href":"https:\/\/ipcszeged.hu\/index.php\/wp-json\/wp\/v2\/pages"}],"about":[{"href":"https:\/\/ipcszeged.hu\/index.php\/wp-json\/wp\/v2\/types\/page"}],"author":[{"embeddable":true,"href":"https:\/\/ipcszeged.hu\/index.php\/wp-json\/wp\/v2\/users\/1"}],"replies":[{"embeddable":true,"href":"https:\/\/ipcszeged.hu\/index.php\/wp-json\/wp\/v2\/comments?post=250"}],"version-history":[{"count":3,"href":"https:\/\/ipcszeged.hu\/index.php\/wp-json\/wp\/v2\/pages\/250\/revisions"}],"predecessor-version":[{"id":481,"href":"https:\/\/ipcszeged.hu\/index.php\/wp-json\/wp\/v2\/pages\/250\/revisions\/481"}],"up":[{"embeddable":true,"href":"https:\/\/ipcszeged.hu\/index.php\/wp-json\/wp\/v2\/pages\/238"}],"wp:attachment":[{"href":"https:\/\/ipcszeged.hu\/index.php\/wp-json\/wp\/v2\/media?parent=250"}],"curies":[{"name":"wp","href":"https:\/\/api.w.org\/{rel}","templated":true}]}}