{"id":2410,"date":"2017-04-20T08:58:56","date_gmt":"2017-04-20T08:58:56","guid":{"rendered":"http:\/\/www.ipcszeged.hu\/?page_id=2410"},"modified":"2019-07-29T13:07:23","modified_gmt":"2019-07-29T13:07:23","slug":"bit-2017","status":"publish","type":"page","link":"https:\/\/ipcszeged.hu\/index.php\/programok-ahol-megtalalsz-bennunket\/bit-bekes-megyei-ifjusagi-talalkozo\/bit-2017\/","title":{"rendered":"BIT 2017"},"content":{"rendered":"<h3 style=\"text-align: center;\">&nbsp;<\/h3>\n<p>&nbsp;<\/p>\n<h3 style=\"text-align: center;\"><strong>A programon val\u00f3 r\u00e9szv\u00e9tel <a href=\"https:\/\/goo.gl\/forms\/SqJYCvdw65WPzYC62\">REGISZTR\u00c1CI\u00d3HOZ<\/a> k\u00f6t\u00f6tt!<\/strong><\/h3>\n<p><a href=\"http:\/\/www.ipcszeged.hu\/index.php\/bit-2017\/bit_szorolap-page-001\/\" rel=\"attachment wp-att-2411\"><img loading=\"lazy\" decoding=\"async\" class=\"aligncenter wp-image-2411\" src=\"http:\/\/www.ipcszeged.hu\/wp-content\/uploads\/2017\/04\/Bit_szorolap-page-001.jpg\" alt=\"\" width=\"611\" height=\"867\" srcset=\"https:\/\/ipcszeged.hu\/wp-content\/uploads\/2017\/04\/Bit_szorolap-page-001.jpg 1748w, https:\/\/ipcszeged.hu\/wp-content\/uploads\/2017\/04\/Bit_szorolap-page-001-106x150.jpg 106w, https:\/\/ipcszeged.hu\/wp-content\/uploads\/2017\/04\/Bit_szorolap-page-001-211x300.jpg 211w, https:\/\/ipcszeged.hu\/wp-content\/uploads\/2017\/04\/Bit_szorolap-page-001-768x1090.jpg 768w, https:\/\/ipcszeged.hu\/wp-content\/uploads\/2017\/04\/Bit_szorolap-page-001-945x1341.jpg 945w, https:\/\/ipcszeged.hu\/wp-content\/uploads\/2017\/04\/Bit_szorolap-page-001-600x851.jpg 600w\" sizes=\"auto, (max-width: 611px) 100vw, 611px\" \/><\/a><\/p>\n<p>&nbsp;<\/p>\n ","protected":false},"excerpt":{"rendered":"<p>&nbsp; &nbsp; A programon val\u00f3 r\u00e9szv\u00e9tel REGISZTR\u00c1CI\u00d3HOZ k\u00f6t\u00f6tt! &nbsp;<\/p>\n","protected":false},"author":1,"featured_media":0,"parent":16209,"menu_order":2,"comment_status":"closed","ping_status":"closed","template":"","meta":{"ngg_post_thumbnail":0,"footnotes":""},"class_list":["post-2410","page","type-page","status-publish","hentry"],"_links":{"self":[{"href":"https:\/\/ipcszeged.hu\/index.php\/wp-json\/wp\/v2\/pages\/2410","targetHints":{"allow":["GET"]}}],"collection":[{"href":"https:\/\/ipcszeged.hu\/index.php\/wp-json\/wp\/v2\/pages"}],"about":[{"href":"https:\/\/ipcszeged.hu\/index.php\/wp-json\/wp\/v2\/types\/page"}],"author":[{"embeddable":true,"href":"https:\/\/ipcszeged.hu\/index.php\/wp-json\/wp\/v2\/users\/1"}],"replies":[{"embeddable":true,"href":"https:\/\/ipcszeged.hu\/index.php\/wp-json\/wp\/v2\/comments?post=2410"}],"version-history":[{"count":3,"href":"https:\/\/ipcszeged.hu\/index.php\/wp-json\/wp\/v2\/pages\/2410\/revisions"}],"predecessor-version":[{"id":5868,"href":"https:\/\/ipcszeged.hu\/index.php\/wp-json\/wp\/v2\/pages\/2410\/revisions\/5868"}],"up":[{"embeddable":true,"href":"https:\/\/ipcszeged.hu\/index.php\/wp-json\/wp\/v2\/pages\/16209"}],"wp:attachment":[{"href":"https:\/\/ipcszeged.hu\/index.php\/wp-json\/wp\/v2\/media?parent=2410"}],"curies":[{"name":"wp","href":"https:\/\/api.w.org\/{rel}","templated":true}]}}