{"id":2357,"date":"2017-03-16T14:44:14","date_gmt":"2017-03-16T14:44:14","guid":{"rendered":"http:\/\/www.ipcszeged.hu\/?page_id=2357"},"modified":"2017-04-11T10:47:32","modified_gmt":"2017-04-11T10:47:32","slug":"regisztracio-az-i-egyhazmegyei-ifjusagi-konferenciara","status":"publish","type":"page","link":"https:\/\/ipcszeged.hu\/index.php\/fiatalokrol-fiataloknak\/i-egyhazmegyei-ifjusagpasztorcios-konferencia\/regisztracio-az-i-egyhazmegyei-ifjusagi-konferenciara\/","title":{"rendered":"Regisztr\u00e1ci\u00f3 az I. Egyh\u00e1zmegyei Ifj\u00fas\u00e1gi Konferenci\u00e1ra"},"content":{"rendered":"<h2 style=\"text-align: center;\"><a href=\"http:\/\/www.ipcszeged.hu\/index.php\/i-egyhazmegyei-ifjusagpasztorcios-konferencia\/regisztracio-az-i-egyhazmegyei-ifjusagi-konferenciara\/meghivo-i-page-001\/\" rel=\"attachment wp-att-2386\"><img loading=\"lazy\" decoding=\"async\" class=\"aligncenter  wp-image-2386\" src=\"http:\/\/www.ipcszeged.hu\/wp-content\/uploads\/2017\/03\/megh\u00edv\u00f3-I.-page-001.jpg\" alt=\"\" width=\"472\" height=\"664\" srcset=\"https:\/\/ipcszeged.hu\/wp-content\/uploads\/2017\/03\/megh\u00edv\u00f3-I.-page-001.jpg 1241w, https:\/\/ipcszeged.hu\/wp-content\/uploads\/2017\/03\/megh\u00edv\u00f3-I.-page-001-106x150.jpg 106w, https:\/\/ipcszeged.hu\/wp-content\/uploads\/2017\/03\/megh\u00edv\u00f3-I.-page-001-213x300.jpg 213w, https:\/\/ipcszeged.hu\/wp-content\/uploads\/2017\/03\/megh\u00edv\u00f3-I.-page-001-768x1082.jpg 768w, https:\/\/ipcszeged.hu\/wp-content\/uploads\/2017\/03\/megh\u00edv\u00f3-I.-page-001-945x1332.jpg 945w\" sizes=\"auto, (max-width: 472px) 100vw, 472px\" \/><\/a><\/h2>\n<p>&nbsp;<\/p>\n<h2 style=\"text-align: center;\">\u00a0<a href=\"https:\/\/goo.gl\/forms\/sOuWTakqi83fRfA02\">Regisztr\u00e1lok<\/a> a konferenci\u00e1n val\u00f3 r\u00e9szv\u00e9telre!<span style=\"color: #ff0000;\">*<\/span><\/h2>\n<h3 style=\"text-align: center;\">\u00a0<span style=\"color: #ff0000;\"> \u00a0 <strong>Regisztr\u00e1ci\u00f3s hat\u00e1rid\u0151 2017. m\u00e1jus 15.<\/strong><\/span><a href=\"http:\/\/www.ipcszeged.hu\/ipc-iroda\/\"><img loading=\"lazy\" decoding=\"async\" class=\"wp-image-6 aligncenter\" src=\"http:\/\/www.ipcszeged.hu\/wp-content\/uploads\/2015\/11\/IPC-iroda.jpg\" alt=\"\" width=\"374\" height=\"150\" srcset=\"https:\/\/ipcszeged.hu\/wp-content\/uploads\/2015\/11\/IPC-iroda.jpg 1296w, https:\/\/ipcszeged.hu\/wp-content\/uploads\/2015\/11\/IPC-iroda-300x120.jpg 300w, https:\/\/ipcszeged.hu\/wp-content\/uploads\/2015\/11\/IPC-iroda-1024x411.jpg 1024w, https:\/\/ipcszeged.hu\/wp-content\/uploads\/2015\/11\/IPC-iroda-945x379.jpg 945w, https:\/\/ipcszeged.hu\/wp-content\/uploads\/2015\/11\/IPC-iroda-600x241.jpg 600w\" sizes=\"auto, (max-width: 374px) 100vw, 374px\" \/><\/a><\/h3>\n<p><a href=\"http:\/\/www.ipcszeged.hu\/index.php\/vitorla\/i-egyhazmegyei-ifjusagpasztorcios-konferencia\/regisztracio-az-i-egyhazmegyei-ifjusagi-konferenciara\/szeged-csanadi_cimer_kicsi\/\" rel=\"attachment wp-att-2361\"><img loading=\"lazy\" decoding=\"async\" class=\"wp-image-2360 aligncenter\" src=\"http:\/\/www.ipcszeged.hu\/wp-content\/uploads\/2017\/03\/Renovabis-Logo.svg_.png\" alt=\"\" width=\"276\" height=\"140\" srcset=\"https:\/\/ipcszeged.hu\/wp-content\/uploads\/2017\/03\/Renovabis-Logo.svg_.png 1280w, https:\/\/ipcszeged.hu\/wp-content\/uploads\/2017\/03\/Renovabis-Logo.svg_-150x76.png 150w, https:\/\/ipcszeged.hu\/wp-content\/uploads\/2017\/03\/Renovabis-Logo.svg_-300x152.png 300w, https:\/\/ipcszeged.hu\/wp-content\/uploads\/2017\/03\/Renovabis-Logo.svg_-768x389.png 768w, https:\/\/ipcszeged.hu\/wp-content\/uploads\/2017\/03\/Renovabis-Logo.svg_-945x479.png 945w, https:\/\/ipcszeged.hu\/wp-content\/uploads\/2017\/03\/Renovabis-Logo.svg_-600x304.png 600w\" sizes=\"auto, (max-width: 276px) 100vw, 276px\" \/><\/a><\/p>\n<p><a href=\"http:\/\/www.ipcszeged.hu\/index.php\/vitorla\/i-egyhazmegyei-ifjusagpasztorcios-konferencia\/regisztracio-az-i-egyhazmegyei-ifjusagi-konferenciara\/szeged-csanadi_cimer_kicsi\/\" rel=\"attachment wp-att-2361\"><img loading=\"lazy\" decoding=\"async\" class=\"wp-image-2361 aligncenter\" src=\"http:\/\/www.ipcszeged.hu\/wp-content\/uploads\/2017\/03\/Szeged-Csanadi_cimer_kicsi.jpg\" width=\"132\" height=\"156\" srcset=\"https:\/\/ipcszeged.hu\/wp-content\/uploads\/2017\/03\/Szeged-Csanadi_cimer_kicsi.jpg 295w, https:\/\/ipcszeged.hu\/wp-content\/uploads\/2017\/03\/Szeged-Csanadi_cimer_kicsi-126x150.jpg 126w, https:\/\/ipcszeged.hu\/wp-content\/uploads\/2017\/03\/Szeged-Csanadi_cimer_kicsi-253x300.jpg 253w\" sizes=\"auto, (max-width: 132px) 100vw, 132px\" \/><\/a><\/p>\n<h5><span style=\"color: #ff0000;\">*<\/span> A jelentkez\u00e9seket be\u00e9rkez\u00e9si sorrendben fogadjuk! Akik a megszabott limit felett jelentkeznek, v\u00e1r\u00f3list\u00e1ra ker\u00fclnek.<\/h5>\n<p><strong><a href=\"http:\/\/www.ipcszeged.hu\/index.php\/i-egyhazmegyei-ifjusagpasztorcios-konferencia\/regisztracio-az-i-egyhazmegyei-ifjusagi-konferenciara\/meghivo-i\/\" rel=\"attachment wp-att-2385\">A megh\u00edv\u00f3 pdf form\u00e1tumban let\u00f6lthet\u0151!<\/a><\/strong><\/p>\n ","protected":false},"excerpt":{"rendered":"<p>&nbsp; \u00a0Regisztr\u00e1lok a konferenci\u00e1n val\u00f3 r\u00e9szv\u00e9telre!* \u00a0 \u00a0 Regisztr\u00e1ci\u00f3s hat\u00e1rid\u0151 2017. m\u00e1jus 15. * A jelentkez\u00e9seket be\u00e9rkez\u00e9si sorrendben fogadjuk! Akik a megszabott limit felett jelentkeznek, v\u00e1r\u00f3list\u00e1ra ker\u00fclnek. A megh\u00edv\u00f3 pdf form\u00e1tumban let\u00f6lthet\u0151!<\/p>\n","protected":false},"author":1,"featured_media":0,"parent":2353,"menu_order":0,"comment_status":"closed","ping_status":"closed","template":"","meta":{"ngg_post_thumbnail":0,"footnotes":""},"class_list":["post-2357","page","type-page","status-publish","hentry"],"_links":{"self":[{"href":"https:\/\/ipcszeged.hu\/index.php\/wp-json\/wp\/v2\/pages\/2357","targetHints":{"allow":["GET"]}}],"collection":[{"href":"https:\/\/ipcszeged.hu\/index.php\/wp-json\/wp\/v2\/pages"}],"about":[{"href":"https:\/\/ipcszeged.hu\/index.php\/wp-json\/wp\/v2\/types\/page"}],"author":[{"embeddable":true,"href":"https:\/\/ipcszeged.hu\/index.php\/wp-json\/wp\/v2\/users\/1"}],"replies":[{"embeddable":true,"href":"https:\/\/ipcszeged.hu\/index.php\/wp-json\/wp\/v2\/comments?post=2357"}],"version-history":[{"count":4,"href":"https:\/\/ipcszeged.hu\/index.php\/wp-json\/wp\/v2\/pages\/2357\/revisions"}],"predecessor-version":[{"id":2387,"href":"https:\/\/ipcszeged.hu\/index.php\/wp-json\/wp\/v2\/pages\/2357\/revisions\/2387"}],"up":[{"embeddable":true,"href":"https:\/\/ipcszeged.hu\/index.php\/wp-json\/wp\/v2\/pages\/2353"}],"wp:attachment":[{"href":"https:\/\/ipcszeged.hu\/index.php\/wp-json\/wp\/v2\/media?parent=2357"}],"curies":[{"name":"wp","href":"https:\/\/api.w.org\/{rel}","templated":true}]}}