{"id":2353,"date":"2017-03-16T14:40:02","date_gmt":"2017-03-16T14:40:02","guid":{"rendered":"http:\/\/www.ipcszeged.hu\/?page_id=2353"},"modified":"2018-02-27T14:45:18","modified_gmt":"2018-02-27T14:45:18","slug":"i-egyhazmegyei-ifjusagpasztorcios-konferencia","status":"publish","type":"page","link":"https:\/\/ipcszeged.hu\/index.php\/fiatalokrol-fiataloknak\/i-egyhazmegyei-ifjusagpasztorcios-konferencia\/","title":{"rendered":"I. Egyh\u00e1zmegyei Ifj\u00fas\u00e1gpasztorci\u00f3s Konferencia"},"content":{"rendered":"<div id=\"attachment_2354\" style=\"width: 542px\" class=\"wp-caption aligncenter\"><a href=\"http:\/\/www.ipcszeged.hu\/index.php\/vitorla\/i-egyhazmegyei-ifjusagpasztorcios-konferencia\/38927492-tree-hands-and-hearts-figures-logo-icon-vector\/\" rel=\"attachment wp-att-2354\"><img loading=\"lazy\" decoding=\"async\" aria-describedby=\"caption-attachment-2354\" class=\" wp-image-2354\" src=\"http:\/\/www.ipcszeged.hu\/wp-content\/uploads\/2017\/03\/38927492_l.jpg\" alt=\"\" width=\"532\" height=\"560\" srcset=\"https:\/\/ipcszeged.hu\/wp-content\/uploads\/2017\/03\/38927492_l.jpg 1996w, https:\/\/ipcszeged.hu\/wp-content\/uploads\/2017\/03\/38927492_l-143x150.jpg 143w, https:\/\/ipcszeged.hu\/wp-content\/uploads\/2017\/03\/38927492_l-285x300.jpg 285w, https:\/\/ipcszeged.hu\/wp-content\/uploads\/2017\/03\/38927492_l-768x808.jpg 768w, https:\/\/ipcszeged.hu\/wp-content\/uploads\/2017\/03\/38927492_l-945x995.jpg 945w, https:\/\/ipcszeged.hu\/wp-content\/uploads\/2017\/03\/38927492_l-600x632.jpg 600w\" sizes=\"auto, (max-width: 532px) 100vw, 532px\" \/><\/a><p id=\"caption-attachment-2354\" class=\"wp-caption-text\">Program<\/p><\/div>\n<h5><strong>2017.05.26. P\u00e9ntek<\/strong><\/h5>\n<p>18:30 \u00c9rkez\u00e9s<\/p>\n<p>19:00 \u2013 21:00 Az ifj\u00fas\u00e1gi vezet\u0151 attit\u0171djei Guly\u00e1s P\u00e9ter (nagy el\u0151ad\u00f3) 21:15 Szents\u00e9gim\u00e1d\u00e1s (templom)<\/p>\n<p>&nbsp;<\/p>\n<h5>2017.05.27. Szombat<\/h5>\n<p>8:15 &nbsp;Gy\u00fclekez\u0151<\/p>\n<p>8:45 K\u00f6sz\u00f6nt\u00e9s<\/p>\n<p>9:00 &nbsp;A magyar katolikus egyh\u00e1z ifj\u00fas\u00e1gpasztor\u00e1ci\u00f3s strat\u00e9gi\u00e1ja&nbsp; \u2013 G\u00e1bor Mikl\u00f3s \u00e9s K\u00e1m\u00e1n Veronika<\/p>\n<p>9:35 Utak az ifj\u00fas\u00e1gpasztor\u00e1ci\u00f3ban: megsz\u00f3l\u00edtani \u00e9s lelkes\u00edteni k\u00f6z\u00f6ss\u00e9gvezet\u0151ket \u2013 F\u00e1bry Korn\u00e9l<\/p>\n<p>10:25 &nbsp;Minden, amit a Vitorla k\u00f6z\u00f6ss\u00e9gvezet\u0151 k\u00e9pz\u00e9sr\u0151l tudni \u00e9rdemes<\/p>\n<p>10:45 Sz\u00fcnet<\/p>\n<p>11:00 T\u00e9mafeldolgoz\u00e1s kiscsoportban<\/p>\n<p>12:30 Eb\u00e9d<\/p>\n<p>13:00 Sz\u00fcnet (k\u00e1v\u00e9)<\/p>\n<p>14:00 J\u00f3gyakorlatok I.:<\/p>\n<ul>\n<li>Anti\u00f3chia \u2013 Bucsk\u00f3n\u00e9 Lehota \u00c1gota<\/li>\n<li>Ifj\u00fas\u00e1gi csoport egy kistelep\u00fcl\u00e9si pl\u00e9b\u00e1ni\u00e1n \u2013 Domasz\u00e9ki Ifik<\/li>\n<li>Ministr\u00e1nsok \u00e9s K\u00f6rzeti Ifj\u00fas\u00e1gi Tal\u00e1lkoz\u00f3k \u2013 &nbsp;Sz\u0171cs Kl\u00e1ra, IPC<\/li>\n<li>Padl\u00f3k\u00e9p \u2013 Sz\u00f6gi Ildik\u00f3 \u00e9s Varg\u00e1n\u00e9 B\u00f6gi Veronika<\/li>\n<li>Fiatalok hittan\u00f3r\u00e1n t\u00fali foglalkoztat\u00e1sa \u00e9s beh\u00edv\u00e1sa a pl\u00e9b\u00e1ni\u00e1ra \u2013 B\u00e1r\u00e1ny B\u00e9la atya<\/li>\n<li>Ifj\u00fas\u00e1gi csoport v\u00e1rosi pl\u00e9b\u00e1ni\u00e1n \u2013 Domonkos N\u0151v\u00e9rek<\/li>\n<\/ul>\n<p>15:15 \u2013 15:30 Sz\u00fcnet<\/p>\n<p>15:30 J\u00f3gyakorlatok II.:<\/p>\n<ul>\n<li>Anti\u00f3chia Bucsk\u00f3n\u00e9 Lehota \u00c1gota<\/li>\n<li>Ifj\u00fas\u00e1gi csoport egy kistelep\u00fcl\u00e9si pl\u00e9b\u00e1ni\u00e1n \u2013 Domasz\u00e9ki Ifik<\/li>\n<li>Ministr\u00e1nsok \u00e9s K\u00f6rzeti Ifj\u00fas\u00e1gi Tal\u00e1lkoz\u00f3k \u2013 M\u00e1t\u00e9 J\u00e1nos atya, Sz\u0171cs Kl\u00e1ra, IPC<\/li>\n<li>Padl\u00f3k\u00e9p \u2013 Sz\u00f6gi Ildik\u00f3 \u00e9s Varg\u00e1n\u00e9 B\u00f6gi Veronika<\/li>\n<li>Fiatalok hittan\u00f3r\u00e1n t\u00fali foglalkoztat\u00e1sa \u00e9s beh\u00edv\u00e1sa a pl\u00e9b\u00e1ni\u00e1ra \u2013 B\u00e1r\u00e1ny B\u00e9la atya<\/li>\n<li>Ifj\u00fas\u00e1gi csoport v\u00e1rosi pl\u00e9b\u00e1ni\u00e1n \u2013 Domonkos N\u0151v\u00e9rek<\/li>\n<\/ul>\n<p>16:45 Z\u00e1r\u00f3 Im\u00e1ds\u00e1g, \u00c1ld\u00e1s<\/p>\n<p>&nbsp;<\/p>\n<p><strong><span style=\"color: #ff0000;\">A programon val\u00f3 r\u00e9szv\u00e9tel regisztr\u00e1ci\u00f3hoz k\u00f6t\u00f6tt! A jelentkez\u00e9seket be\u00e9rkez\u00e9si sorrendben fogadjuk!<\/span><\/strong><\/p>\n ","protected":false},"excerpt":{"rendered":"<p>2017.05.26. P\u00e9ntek 18:30 \u00c9rkez\u00e9s 19:00 \u2013 21:00 Az ifj\u00fas\u00e1gi vezet\u0151 attit\u0171djei Guly\u00e1s P\u00e9ter (nagy el\u0151ad\u00f3) 21:15 Szents\u00e9gim\u00e1d\u00e1s (templom) &nbsp; 2017.05.27. Szombat 8:15 &nbsp;Gy\u00fclekez\u0151 8:45 K\u00f6sz\u00f6nt\u00e9s 9:00 &nbsp;A magyar katolikus egyh\u00e1z ifj\u00fas\u00e1gpasztor\u00e1ci\u00f3s strat\u00e9gi\u00e1ja&nbsp; \u2013 G\u00e1bor Mikl\u00f3s \u00e9s K\u00e1m\u00e1n Veronika 9:35 Utak az ifj\u00fas\u00e1gpasztor\u00e1ci\u00f3ban: megsz\u00f3l\u00edtani \u00e9s lelkes\u00edteni k\u00f6z\u00f6ss\u00e9gvezet\u0151ket \u2013 F\u00e1bry Korn\u00e9l 10:25 &nbsp;Minden, amit a Vitorla k\u00f6z\u00f6ss\u00e9gvezet\u0151&hellip; <br \/> <a class=\"read-more\" href=\"https:\/\/ipcszeged.hu\/index.php\/fiatalokrol-fiataloknak\/i-egyhazmegyei-ifjusagpasztorcios-konferencia\/\">Read more<\/a><\/p>\n","protected":false},"author":1,"featured_media":0,"parent":7374,"menu_order":0,"comment_status":"closed","ping_status":"closed","template":"","meta":{"ngg_post_thumbnail":0,"footnotes":""},"class_list":["post-2353","page","type-page","status-publish","hentry"],"_links":{"self":[{"href":"https:\/\/ipcszeged.hu\/index.php\/wp-json\/wp\/v2\/pages\/2353","targetHints":{"allow":["GET"]}}],"collection":[{"href":"https:\/\/ipcszeged.hu\/index.php\/wp-json\/wp\/v2\/pages"}],"about":[{"href":"https:\/\/ipcszeged.hu\/index.php\/wp-json\/wp\/v2\/types\/page"}],"author":[{"embeddable":true,"href":"https:\/\/ipcszeged.hu\/index.php\/wp-json\/wp\/v2\/users\/1"}],"replies":[{"embeddable":true,"href":"https:\/\/ipcszeged.hu\/index.php\/wp-json\/wp\/v2\/comments?post=2353"}],"version-history":[{"count":7,"href":"https:\/\/ipcszeged.hu\/index.php\/wp-json\/wp\/v2\/pages\/2353\/revisions"}],"predecessor-version":[{"id":2635,"href":"https:\/\/ipcszeged.hu\/index.php\/wp-json\/wp\/v2\/pages\/2353\/revisions\/2635"}],"up":[{"embeddable":true,"href":"https:\/\/ipcszeged.hu\/index.php\/wp-json\/wp\/v2\/pages\/7374"}],"wp:attachment":[{"href":"https:\/\/ipcszeged.hu\/index.php\/wp-json\/wp\/v2\/media?parent=2353"}],"curies":[{"name":"wp","href":"https:\/\/api.w.org\/{rel}","templated":true}]}}