{"id":221,"date":"2015-11-12T10:04:25","date_gmt":"2015-11-12T10:04:25","guid":{"rendered":"http:\/\/www.ipcszeged.hu\/?page_id=221"},"modified":"2019-04-03T07:39:14","modified_gmt":"2019-04-03T07:39:14","slug":"letoltesek","status":"publish","type":"page","link":"https:\/\/ipcszeged.hu\/index.php\/letoltesek\/","title":{"rendered":"Let\u00f6lt\u00e9sek"},"content":{"rendered":"<p style=\"text-align: center;\">Igyeksz\u00fcnk t\u00f6bb olyan seg\u00e9danyagot k\u00f6zz\u00e9tenni, amelyekkel nagyban megk\u00f6nny\u00edthetj\u00fck azoknak a lelkip\u00e1sztoroknak, hitoktat\u00f3knak, katek\u00e9t\u00e1knak vagy \u00f6nk\u00e9nteseknek a munk\u00e1j\u00e1t, akik ifj\u00fas\u00e1gi csoportot szerveznek vagy m\u00e1r vezetnek.<\/p>\n ","protected":false},"excerpt":{"rendered":"<p>Igyeksz\u00fcnk t\u00f6bb olyan seg\u00e9danyagot k\u00f6zz\u00e9tenni, amelyekkel nagyban megk\u00f6nny\u00edthetj\u00fck azoknak a lelkip\u00e1sztoroknak, hitoktat\u00f3knak, katek\u00e9t\u00e1knak vagy \u00f6nk\u00e9nteseknek a munk\u00e1j\u00e1t, akik ifj\u00fas\u00e1gi csoportot szerveznek vagy m\u00e1r vezetnek.<\/p>\n","protected":false},"author":1,"featured_media":247,"parent":0,"menu_order":4,"comment_status":"closed","ping_status":"closed","template":"","meta":{"ngg_post_thumbnail":0,"footnotes":""},"class_list":["post-221","page","type-page","status-publish","has-post-thumbnail","hentry"],"_links":{"self":[{"href":"https:\/\/ipcszeged.hu\/index.php\/wp-json\/wp\/v2\/pages\/221","targetHints":{"allow":["GET"]}}],"collection":[{"href":"https:\/\/ipcszeged.hu\/index.php\/wp-json\/wp\/v2\/pages"}],"about":[{"href":"https:\/\/ipcszeged.hu\/index.php\/wp-json\/wp\/v2\/types\/page"}],"author":[{"embeddable":true,"href":"https:\/\/ipcszeged.hu\/index.php\/wp-json\/wp\/v2\/users\/1"}],"replies":[{"embeddable":true,"href":"https:\/\/ipcszeged.hu\/index.php\/wp-json\/wp\/v2\/comments?post=221"}],"version-history":[{"count":6,"href":"https:\/\/ipcszeged.hu\/index.php\/wp-json\/wp\/v2\/pages\/221\/revisions"}],"predecessor-version":[{"id":7380,"href":"https:\/\/ipcszeged.hu\/index.php\/wp-json\/wp\/v2\/pages\/221\/revisions\/7380"}],"wp:featuredmedia":[{"embeddable":true,"href":"https:\/\/ipcszeged.hu\/index.php\/wp-json\/wp\/v2\/media\/247"}],"wp:attachment":[{"href":"https:\/\/ipcszeged.hu\/index.php\/wp-json\/wp\/v2\/media?parent=221"}],"curies":[{"name":"wp","href":"https:\/\/api.w.org\/{rel}","templated":true}]}}