{"id":202,"date":"2015-11-09T14:52:37","date_gmt":"2015-11-09T14:52:37","guid":{"rendered":"http:\/\/www.ipcszeged.hu\/?page_id=202"},"modified":"2016-11-22T10:20:49","modified_gmt":"2016-11-22T10:20:49","slug":"ivt-krakko-2016","status":"publish","type":"page","link":"https:\/\/ipcszeged.hu\/index.php\/programok-ahol-megtalalsz-bennunket\/ivt-krakko-2016\/","title":{"rendered":"IVT KRAKK\u00d3 2016"},"content":{"rendered":"<p>&nbsp;<\/p>\n<h2 style=\"text-align: center;\">Ifj\u00fas\u00e1gi Vil\u00e1gtal\u00e1lkoz\u00f3 Krakk\u00f3 2016<\/h2>\n<h4 style=\"text-align: center;\">GYERE EL TE IS \u00c9S L\u00c9GY R\u00c9SZESE AZ \u00c9LM\u00c9NYEKNEK!<\/h4>\n<p><img decoding=\"async\" class=\"aligncenter\" src=\"http:\/\/krakko2016.hu\/wp-content\/uploads\/2015\/09\/papa_szelf730i.jpg\" alt=\"papa_szelf730i\" \/><\/p>\n<p>&nbsp;<\/p>\n<p>Tov\u00e1bbi inform\u00e1ci\u00f3k:\u00a0<a href=\"http:\/\/www.krakko2016.hu\">http:\/\/www.krakko2016.hu<\/a><\/p>\n<p>&nbsp;<\/p>\n\n ","protected":false},"excerpt":{"rendered":"<p>&nbsp; Ifj\u00fas\u00e1gi Vil\u00e1gtal\u00e1lkoz\u00f3 Krakk\u00f3 2016 GYERE EL TE IS \u00c9S L\u00c9GY R\u00c9SZESE AZ \u00c9LM\u00c9NYEKNEK! &nbsp; Tov\u00e1bbi inform\u00e1ci\u00f3k:\u00a0http:\/\/www.krakko2016.hu &nbsp;<\/p>\n","protected":false},"author":1,"featured_media":0,"parent":162,"menu_order":3,"comment_status":"closed","ping_status":"closed","template":"","meta":{"ngg_post_thumbnail":0,"footnotes":""},"class_list":["post-202","page","type-page","status-publish","hentry"],"_links":{"self":[{"href":"https:\/\/ipcszeged.hu\/index.php\/wp-json\/wp\/v2\/pages\/202","targetHints":{"allow":["GET"]}}],"collection":[{"href":"https:\/\/ipcszeged.hu\/index.php\/wp-json\/wp\/v2\/pages"}],"about":[{"href":"https:\/\/ipcszeged.hu\/index.php\/wp-json\/wp\/v2\/types\/page"}],"author":[{"embeddable":true,"href":"https:\/\/ipcszeged.hu\/index.php\/wp-json\/wp\/v2\/users\/1"}],"replies":[{"embeddable":true,"href":"https:\/\/ipcszeged.hu\/index.php\/wp-json\/wp\/v2\/comments?post=202"}],"version-history":[{"count":4,"href":"https:\/\/ipcszeged.hu\/index.php\/wp-json\/wp\/v2\/pages\/202\/revisions"}],"predecessor-version":[{"id":1765,"href":"https:\/\/ipcszeged.hu\/index.php\/wp-json\/wp\/v2\/pages\/202\/revisions\/1765"}],"up":[{"embeddable":true,"href":"https:\/\/ipcszeged.hu\/index.php\/wp-json\/wp\/v2\/pages\/162"}],"wp:attachment":[{"href":"https:\/\/ipcszeged.hu\/index.php\/wp-json\/wp\/v2\/media?parent=202"}],"curies":[{"name":"wp","href":"https:\/\/api.w.org\/{rel}","templated":true}]}}