{"id":2,"date":"2015-11-04T09:56:54","date_gmt":"2015-11-04T09:56:54","guid":{"rendered":"http:\/\/www.ipcszeged.hu\/?page_id=2"},"modified":"2024-09-24T10:57:28","modified_gmt":"2024-09-24T09:57:28","slug":"ez-egy-minta-oldal","status":"publish","type":"page","link":"https:\/\/ipcszeged.hu\/index.php\/ez-egy-minta-oldal\/","title":{"rendered":"R\u00f3lunk"},"content":{"rendered":"<p style=\"text-align: justify;\">Az IPC 2013 okt\u00f3ber 1-\u00e9n nyitotta meg ajtaj\u00e1t a Szeged-Csan\u00e1di Egyh\u00e1zmegye p\u00fcsp\u00f6ks\u00e9g\u00e9n. Innen szervez\u00fcnk az egyh\u00e1zmegye ter\u00fclet\u00e9n \u00e9l\u0151 fiatalok sz\u00e1m\u00e1ra olyan programokat, amelyeken k\u00f6zelebb ker\u00fclhetnek egym\u00e1shoz \u00e9s Istenhez. Az irod\u00e1nak jelenleg kett\u0151 \u00e1lland\u00f3 munkat\u00e1rsa van, Kisp\u00e9ter G\u00e1bor \u00e9s Losonczi Gr\u00e9ta.<\/p>\n<p style=\"text-align: center;\"><strong>\u201eAz ifj\u00fas\u00e1g\u00e9rt dolgozunk!\u201d<\/strong><\/p>\n<blockquote>\n<p style=\"text-align: justify;\">Az iroda f\u0151 feladati k\u00f6z\u00e9 tartozik a fiatalok hittan \u00f3r\u00e1n k\u00edv\u00fcli szabadidej\u00e9nek szervez\u00e9se. Ifj\u00fas\u00e1gi programok, k\u00e9pz\u00e9sek szervez\u00e9se \u00e9s lebonyol\u00edt\u00e1sa, j\u00e1t\u00e9kok \u00f6ssze\u00e1ll\u00edt\u00e1sa \u00e9s kivitelez\u00e9se, kapcsolattart\u00e1s az IPC munk\u00e1j\u00e1t seg\u00edt\u0151 \u00f6nk\u00e9ntesekkel, hitoktat\u00f3kkal \u00e9s lelkip\u00e1sztorokkal. Tov\u00e1bb\u00e1 ifj\u00fas\u00e1gi programok el\u0151k\u00e9sz\u00edt\u00e9se \u00e9s azon pl\u00e9b\u00e1ni\u00e1k \u00e9s k\u00f6z\u00f6ss\u00e9gek seg\u00edt\u00e9se, ahol igyekeznek ifj\u00fas\u00e1gi csoportot kialak\u00edtani, illetve fenntartani.<\/p>\n<\/blockquote>\n<p>&nbsp;<\/p>\n<p style=\"text-align: center;\">Dr. Serf\u0151z\u0151 Levente<\/p>\n<p>&nbsp;<\/p>\n<p style=\"text-align: center;\">Losonczi Gr\u00e9ta<\/p>\n<p style=\"text-align: center;\"><img loading=\"lazy\" decoding=\"async\" class=\"aligncenter wp-image-18245\" src=\"https:\/\/ipcszeged.hu\/wp-content\/uploads\/2024\/03\/6M24029-Edit-1-scaled.jpg\" alt=\"\" width=\"204\" height=\"306\" srcset=\"https:\/\/ipcszeged.hu\/wp-content\/uploads\/2024\/03\/6M24029-Edit-1-scaled.jpg 1707w, https:\/\/ipcszeged.hu\/wp-content\/uploads\/2024\/03\/6M24029-Edit-1-200x300.jpg 200w, https:\/\/ipcszeged.hu\/wp-content\/uploads\/2024\/03\/6M24029-Edit-1-2048x3072.jpg 2048w, https:\/\/ipcszeged.hu\/wp-content\/uploads\/2024\/03\/6M24029-Edit-1-100x150.jpg 100w, https:\/\/ipcszeged.hu\/wp-content\/uploads\/2024\/03\/6M24029-Edit-1-768x1152.jpg 768w, https:\/\/ipcszeged.hu\/wp-content\/uploads\/2024\/03\/6M24029-Edit-1-1024x1536.jpg 1024w, https:\/\/ipcszeged.hu\/wp-content\/uploads\/2024\/03\/6M24029-Edit-1-1365x2048.jpg 1365w, https:\/\/ipcszeged.hu\/wp-content\/uploads\/2024\/03\/6M24029-Edit-1-720x1080.jpg 720w\" sizes=\"auto, (max-width: 204px) 100vw, 204px\" \/><\/p>\n<p>&nbsp;<\/p>\n<p style=\"text-align: center;\">Kisp\u00e9ter G\u00e1bor<\/p>\n<p style=\"text-align: center;\"><a href=\"https:\/\/ipcszeged.hu\/wp-content\/uploads\/2024\/03\/6M24079-Edit-scaled.jpg\"><img loading=\"lazy\" decoding=\"async\" class=\"aligncenter wp-image-18247\" src=\"https:\/\/ipcszeged.hu\/wp-content\/uploads\/2024\/03\/6M24079-Edit-scaled.jpg\" alt=\"\" width=\"204\" height=\"306\" srcset=\"https:\/\/ipcszeged.hu\/wp-content\/uploads\/2024\/03\/6M24079-Edit-scaled.jpg 1707w, https:\/\/ipcszeged.hu\/wp-content\/uploads\/2024\/03\/6M24079-Edit-200x300.jpg 200w, https:\/\/ipcszeged.hu\/wp-content\/uploads\/2024\/03\/6M24079-Edit-2048x3072.jpg 2048w, https:\/\/ipcszeged.hu\/wp-content\/uploads\/2024\/03\/6M24079-Edit-100x150.jpg 100w, https:\/\/ipcszeged.hu\/wp-content\/uploads\/2024\/03\/6M24079-Edit-768x1152.jpg 768w, https:\/\/ipcszeged.hu\/wp-content\/uploads\/2024\/03\/6M24079-Edit-1024x1536.jpg 1024w, https:\/\/ipcszeged.hu\/wp-content\/uploads\/2024\/03\/6M24079-Edit-1365x2048.jpg 1365w, https:\/\/ipcszeged.hu\/wp-content\/uploads\/2024\/03\/6M24079-Edit-720x1080.jpg 720w\" sizes=\"auto, (max-width: 204px) 100vw, 204px\" \/><\/a><\/p>\n\n\n<p><\/p>\n ","protected":false},"excerpt":{"rendered":"<p>Az IPC 2013 okt\u00f3ber 1-\u00e9n nyitotta meg ajtaj\u00e1t a Szeged-Csan\u00e1di Egyh\u00e1zmegye p\u00fcsp\u00f6ks\u00e9g\u00e9n. Innen szervez\u00fcnk az egyh\u00e1zmegye ter\u00fclet\u00e9n \u00e9l\u0151 fiatalok sz\u00e1m\u00e1ra olyan programokat, amelyeken k\u00f6zelebb ker\u00fclhetnek egym\u00e1shoz \u00e9s Istenhez. Az irod\u00e1nak jelenleg kett\u0151 \u00e1lland\u00f3 munkat\u00e1rsa van, Kisp\u00e9ter G\u00e1bor \u00e9s Losonczi Gr\u00e9ta. \u201eAz ifj\u00fas\u00e1g\u00e9rt dolgozunk!\u201d Az iroda f\u0151 feladati k\u00f6z\u00e9 tartozik a fiatalok hittan \u00f3r\u00e1n k\u00edv\u00fcli szabadidej\u00e9nek&hellip; <br \/> <a class=\"read-more\" href=\"https:\/\/ipcszeged.hu\/index.php\/ez-egy-minta-oldal\/\">Read more<\/a><\/p>\n","protected":false},"author":1,"featured_media":0,"parent":0,"menu_order":2,"comment_status":"closed","ping_status":"open","template":"","meta":{"ngg_post_thumbnail":0,"footnotes":""},"class_list":["post-2","page","type-page","status-publish","hentry"],"_links":{"self":[{"href":"https:\/\/ipcszeged.hu\/index.php\/wp-json\/wp\/v2\/pages\/2","targetHints":{"allow":["GET"]}}],"collection":[{"href":"https:\/\/ipcszeged.hu\/index.php\/wp-json\/wp\/v2\/pages"}],"about":[{"href":"https:\/\/ipcszeged.hu\/index.php\/wp-json\/wp\/v2\/types\/page"}],"author":[{"embeddable":true,"href":"https:\/\/ipcszeged.hu\/index.php\/wp-json\/wp\/v2\/users\/1"}],"replies":[{"embeddable":true,"href":"https:\/\/ipcszeged.hu\/index.php\/wp-json\/wp\/v2\/comments?post=2"}],"version-history":[{"count":21,"href":"https:\/\/ipcszeged.hu\/index.php\/wp-json\/wp\/v2\/pages\/2\/revisions"}],"predecessor-version":[{"id":18330,"href":"https:\/\/ipcszeged.hu\/index.php\/wp-json\/wp\/v2\/pages\/2\/revisions\/18330"}],"wp:attachment":[{"href":"https:\/\/ipcszeged.hu\/index.php\/wp-json\/wp\/v2\/media?parent=2"}],"curies":[{"name":"wp","href":"https:\/\/api.w.org\/{rel}","templated":true}]}}