{"id":18672,"date":"2026-03-25T10:46:20","date_gmt":"2026-03-25T09:46:20","guid":{"rendered":"https:\/\/ipcszeged.hu\/?page_id=18672"},"modified":"2026-04-16T10:16:08","modified_gmt":"2026-04-16T09:16:08","slug":"regisztracio-egyhazmegyei-nyari-tabor","status":"publish","type":"page","link":"https:\/\/ipcszeged.hu\/index.php\/regisztracio-egyhazmegyei-nyari-tabor\/","title":{"rendered":"Regisztr\u00e1ci\u00f3 &#8211; Egyh\u00e1zmegyei Ny\u00e1ri T\u00e1bor"},"content":{"rendered":"<div class=\"wp-block-image\">\n<figure class=\"aligncenter size-full is-resized\"><img loading=\"lazy\" decoding=\"async\" width=\"1838\" height=\"2560\" src=\"https:\/\/ipcszeged.hu\/wp-content\/uploads\/2026\/03\/nyari-tabor2026-ok_page-0001-scaled.jpg\" alt=\"\" class=\"wp-image-18662\" style=\"aspect-ratio:0.7179774830722385;width:382px;height:auto\" srcset=\"https:\/\/ipcszeged.hu\/wp-content\/uploads\/2026\/03\/nyari-tabor2026-ok_page-0001-scaled.jpg 1838w, https:\/\/ipcszeged.hu\/wp-content\/uploads\/2026\/03\/nyari-tabor2026-ok_page-0001-215x300.jpg 215w, https:\/\/ipcszeged.hu\/wp-content\/uploads\/2026\/03\/nyari-tabor2026-ok_page-0001-108x150.jpg 108w, https:\/\/ipcszeged.hu\/wp-content\/uploads\/2026\/03\/nyari-tabor2026-ok_page-0001-768x1069.jpg 768w, https:\/\/ipcszeged.hu\/wp-content\/uploads\/2026\/03\/nyari-tabor2026-ok_page-0001-1103x1536.jpg 1103w, https:\/\/ipcszeged.hu\/wp-content\/uploads\/2026\/03\/nyari-tabor2026-ok_page-0001-1471x2048.jpg 1471w, https:\/\/ipcszeged.hu\/wp-content\/uploads\/2026\/03\/nyari-tabor2026-ok_page-0001-1024x1426.jpg 1024w, https:\/\/ipcszeged.hu\/wp-content\/uploads\/2026\/03\/nyari-tabor2026-ok_page-0001-776x1080.jpg 776w\" sizes=\"auto, (max-width: 1838px) 100vw, 1838px\" \/><\/figure>\n<\/div>\n\n<p>Az idei \u00e9vben ism\u00e9t megrendez\u00e9sre ker\u00fcl a&nbsp;<b>XXIII. Egyh\u00e1zmegyei Ifj\u00fas\u00e1gi Ny\u00e1ri T\u00e1bor.<\/b><br>H\u00e9t \u00e9lm\u00e9nyekkel teli napot t\u00f6lthetsz el&nbsp;<b>Domasz\u00e9k-Z\u00f6ldf\u00e1son 2026. j\u00fanius 29- j\u00falius 5<\/b>&nbsp;k\u00f6z\u00f6tt.<br>Az idei \u00e9v mott\u00f3ja:&nbsp;<b>,,Ti vagytok a vil\u00e1g Vil\u00e1goss\u00e1ga!\u201d (Mt 5,14)<\/b><br>Szeretn\u00e9nk, hogy a&nbsp; megismern\u00e9d jobban a benned l\u00e9v\u0151 f\u00e9nyt.<br>Ebben a t\u00e1borban megtapasztalhatod, hogy nem vagy egyed\u00fcl \u00e9s mennyi fiatal kereszt\u00e9ny is van a nagyvil\u00e1gban. Lehet\u0151s\u00e9ged lesz jobban elm\u00e9ly\u00fclni, j\u00e1tszani, nevetni \u00e9s im\u00e1dkozni.<\/p>\n<div>\n<div>Ha Te is&nbsp;<strong>13 \u00e9s 18 \u00e9v k\u00f6z\u00f6tti<\/strong>&nbsp;vagy, ott a helyed a t\u00e1borban!<\/div>\n<div>\n<p>Pl\u00e9b\u00e1nosi aj\u00e1nl\u00e1st <a href=\"https:\/\/ipcszeged.hu\/wp-content\/uploads\/2026\/04\/plebanosi-ajanlas_2026.pdf\">itt<\/a> tudod let\u00f6lteni.<\/p>\n<p>Jelentkezni az al\u00e1bbi link seg\u00edts\u00e9g\u00e9vel tudsz:&nbsp;<br><a href=\"https:\/\/forms.gle\/3Dwta3CUEamBKKCN8\">https:\/\/forms.gle\/3Dwta3CUEamBKKCN8<\/a><\/p>\n<\/div>\n<\/div> ","protected":false},"excerpt":{"rendered":"<p>Az idei \u00e9vben ism\u00e9t megrendez\u00e9sre ker\u00fcl a&nbsp;XXIII. Egyh\u00e1zmegyei Ifj\u00fas\u00e1gi Ny\u00e1ri T\u00e1bor.H\u00e9t \u00e9lm\u00e9nyekkel teli napot t\u00f6lthetsz el&nbsp;Domasz\u00e9k-Z\u00f6ldf\u00e1son 2026. j\u00fanius 29- j\u00falius 5&nbsp;k\u00f6z\u00f6tt.Az idei \u00e9v mott\u00f3ja:&nbsp;,,Ti vagytok a vil\u00e1g Vil\u00e1goss\u00e1ga!\u201d (Mt 5,14)Szeretn\u00e9nk, hogy a&nbsp; megismern\u00e9d jobban a benned l\u00e9v\u0151 f\u00e9nyt.Ebben a t\u00e1borban megtapasztalhatod, hogy nem vagy egyed\u00fcl \u00e9s mennyi fiatal kereszt\u00e9ny is van a nagyvil\u00e1gban. Lehet\u0151s\u00e9ged lesz&hellip; <br \/> <a class=\"read-more\" href=\"https:\/\/ipcszeged.hu\/index.php\/regisztracio-egyhazmegyei-nyari-tabor\/\">Read more<\/a><\/p>\n","protected":false},"author":1,"featured_media":0,"parent":0,"menu_order":0,"comment_status":"closed","ping_status":"closed","template":"","meta":{"ngg_post_thumbnail":0,"footnotes":""},"class_list":["post-18672","page","type-page","status-publish","hentry"],"_links":{"self":[{"href":"https:\/\/ipcszeged.hu\/index.php\/wp-json\/wp\/v2\/pages\/18672","targetHints":{"allow":["GET"]}}],"collection":[{"href":"https:\/\/ipcszeged.hu\/index.php\/wp-json\/wp\/v2\/pages"}],"about":[{"href":"https:\/\/ipcszeged.hu\/index.php\/wp-json\/wp\/v2\/types\/page"}],"author":[{"embeddable":true,"href":"https:\/\/ipcszeged.hu\/index.php\/wp-json\/wp\/v2\/users\/1"}],"replies":[{"embeddable":true,"href":"https:\/\/ipcszeged.hu\/index.php\/wp-json\/wp\/v2\/comments?post=18672"}],"version-history":[{"count":3,"href":"https:\/\/ipcszeged.hu\/index.php\/wp-json\/wp\/v2\/pages\/18672\/revisions"}],"predecessor-version":[{"id":18723,"href":"https:\/\/ipcszeged.hu\/index.php\/wp-json\/wp\/v2\/pages\/18672\/revisions\/18723"}],"wp:attachment":[{"href":"https:\/\/ipcszeged.hu\/index.php\/wp-json\/wp\/v2\/media?parent=18672"}],"curies":[{"name":"wp","href":"https:\/\/api.w.org\/{rel}","templated":true}]}}