{"id":18638,"date":"2026-02-12T10:26:00","date_gmt":"2026-02-12T09:26:00","guid":{"rendered":"https:\/\/ipcszeged.hu\/?page_id=18638"},"modified":"2026-02-12T10:26:01","modified_gmt":"2026-02-12T09:26:01","slug":"farsang-menyegzok-tanchaz","status":"publish","type":"page","link":"https:\/\/ipcszeged.hu\/index.php\/farsang-menyegzok-tanchaz\/","title":{"rendered":"Farsang, menyegz\u0151k, t\u00e1nch\u00e1z"},"content":{"rendered":"\n<p>Janu\u00e1r 31-\u00e9n ism\u00e9t \u00f6sszegy\u0171lt a m\u00f3rahalmi k\u00f6rzet ifj\u00fas\u00e1ga egy j\u00f3 hangulat\u00fa farsangi tal\u00e1lkoz\u00f3ra, melynek k\u00f6zponti t\u00e9m\u00e1i a hajdan ebben az id\u0151szakban tartott esk\u00fcv\u0151k \u00e9s az ide kapcsol\u00f3d\u00f3 evang\u00e9liumi t\u00f6rt\u00e9net voltak.<\/p>\n\n\n\n<p>A mintegy 50 f\u0151 a Szent L\u00e1szl\u00f3 Kir\u00e1ly templomban tal\u00e1lkozott, ahonnan Istv\u00e1n atya elgondolkodtat\u00f3 t\u00f6rt\u00e9nete ut\u00e1n a k\u00f6zeli Cacao Clubba vonultak \u00e1t mozizni. Az itthon is m\u00e9lt\u00e1n n\u00e9pszer\u0171 The Chosen (A kiv\u00e1lasztottak) c\u00edm\u0171 sorozat k\u00e1nai menyegz\u0151r\u0151l sz\u00f3l\u00f3 epiz\u00f3dj\u00e1t n\u00e9zhett\u00e9k meg \u2013 a mozihoz j\u00e1r\u00f3 pattogatott kukoric\u00e1val \u00e9s \u00fcd\u00edt\u0151vel t\u00e9ve m\u00e9g hangulatosabb\u00e1 az \u00e9lm\u00e9nyt.<\/p>\n\n\n\n<p>A filmet a zsid\u00f3 esk\u00fcv\u0151kr\u0151l \u00e9s a Purim \u00fcnnep\u00e9r\u0151l sz\u00f3l\u00f3 r\u00f6vid besz\u00e9lget\u00e9s, majd a Halmai h\u00e1zasp\u00e1r tan\u00fas\u00e1gt\u00e9tele k\u00f6vette. Ut\u00f3bbi sor\u00e1n kapcsolatuk fejl\u0151d\u00e9s\u00e9t mes\u00e9lt\u00e9k el a tal\u00e1lkoz\u00e1st\u00f3l az egy\u00fcttj\u00e1r\u00e1son \u00e9s jegyess\u00e9gen \u00e1t a h\u00e1zass\u00e1gk\u00f6t\u00e9sig.<\/p>\n\n\n\n<p>Uzsonn\u00e1ra egy kis p\u00e9ks\u00fctem\u00e9ny \u00e9s a farsangt\u00f3l elmaradhatatlan f\u00e1nk \u00e9rkezett, az energiafelt\u00f6lt\u00e9s ut\u00e1n pedig indult a t\u00e1nctanul\u00e1s: zsid\u00f3 \u00e9s moldvai k\u00f6rt\u00e1nc, felcs\u00edki h\u00e9jsza mozgatta meg a fiatalokat, akik \u2013 t\u00f6bb\u00e9 vagy kev\u00e9sb\u00e9 \u2013 lelkesen kapcsol\u00f3dtak be a mulats\u00e1gba.<\/p>\n\n\n\n<p>A tal\u00e1lkoz\u00f3t hagyom\u00e1nyosan egy k\u00f6z\u00f6s pacsiz\u00e1s z\u00e1rta, hogy kifejezz\u00e9k \u00f6r\u00f6m\u00fcket az egy\u00fctt t\u00f6lt\u00f6tt id\u0151 felett, \u00e9s bizakodjanak, hogy tal\u00e1lkoznak m\u00e9g, ak\u00e1r egy hasonl\u00f3 rendezv\u00e9nyen.<\/p>\n\n\n\n<p>K\u00f6sz\u00f6net a k\u00f6rzet katek\u00e9t\u00e1inak a szervez\u00e9s\u00e9rt, a git\u00e1rosoknak \u00e9s az aty\u00e1nak a szentmis\u00e9\u00e9rt, a fiataloknak pedig az\u00e9rt (is), hogy mobil n\u00e9lk\u00fcl tudtak r\u00e9szt venni ezen a farsangon.<\/p>\n\n\n\n<figure class=\"wp-block-gallery has-nested-images columns-default is-cropped wp-block-gallery-1 is-layout-flex wp-block-gallery-is-layout-flex\">\n<figure class=\"wp-block-image size-large\"><img loading=\"lazy\" decoding=\"async\" width=\"1588\" height=\"1079\" data-id=\"18642\" src=\"https:\/\/ipcszeged.hu\/wp-content\/uploads\/2026\/02\/01.jpg\" alt=\"\" class=\"wp-image-18642\" srcset=\"https:\/\/ipcszeged.hu\/wp-content\/uploads\/2026\/02\/01.jpg 1588w, https:\/\/ipcszeged.hu\/wp-content\/uploads\/2026\/02\/01-300x204.jpg 300w, https:\/\/ipcszeged.hu\/wp-content\/uploads\/2026\/02\/01-150x102.jpg 150w, https:\/\/ipcszeged.hu\/wp-content\/uploads\/2026\/02\/01-768x522.jpg 768w, https:\/\/ipcszeged.hu\/wp-content\/uploads\/2026\/02\/01-1536x1044.jpg 1536w, https:\/\/ipcszeged.hu\/wp-content\/uploads\/2026\/02\/01-1024x696.jpg 1024w\" sizes=\"auto, (max-width: 1588px) 100vw, 1588px\" \/><\/figure>\n\n\n\n<figure class=\"wp-block-image size-large\"><img loading=\"lazy\" decoding=\"async\" width=\"2048\" height=\"1152\" data-id=\"18639\" src=\"https:\/\/ipcszeged.hu\/wp-content\/uploads\/2026\/02\/02.jpg\" alt=\"\" class=\"wp-image-18639\" srcset=\"https:\/\/ipcszeged.hu\/wp-content\/uploads\/2026\/02\/02.jpg 2048w, https:\/\/ipcszeged.hu\/wp-content\/uploads\/2026\/02\/02-300x169.jpg 300w, https:\/\/ipcszeged.hu\/wp-content\/uploads\/2026\/02\/02-150x84.jpg 150w, https:\/\/ipcszeged.hu\/wp-content\/uploads\/2026\/02\/02-768x432.jpg 768w, https:\/\/ipcszeged.hu\/wp-content\/uploads\/2026\/02\/02-1536x864.jpg 1536w, https:\/\/ipcszeged.hu\/wp-content\/uploads\/2026\/02\/02-1024x576.jpg 1024w, https:\/\/ipcszeged.hu\/wp-content\/uploads\/2026\/02\/02-1920x1080.jpg 1920w\" sizes=\"auto, (max-width: 2048px) 100vw, 2048px\" \/><\/figure>\n\n\n\n<figure class=\"wp-block-image size-large\"><img loading=\"lazy\" decoding=\"async\" width=\"2048\" height=\"1152\" data-id=\"18640\" src=\"https:\/\/ipcszeged.hu\/wp-content\/uploads\/2026\/02\/03.jpg\" alt=\"\" class=\"wp-image-18640\" srcset=\"https:\/\/ipcszeged.hu\/wp-content\/uploads\/2026\/02\/03.jpg 2048w, https:\/\/ipcszeged.hu\/wp-content\/uploads\/2026\/02\/03-300x169.jpg 300w, https:\/\/ipcszeged.hu\/wp-content\/uploads\/2026\/02\/03-150x84.jpg 150w, https:\/\/ipcszeged.hu\/wp-content\/uploads\/2026\/02\/03-768x432.jpg 768w, https:\/\/ipcszeged.hu\/wp-content\/uploads\/2026\/02\/03-1536x864.jpg 1536w, https:\/\/ipcszeged.hu\/wp-content\/uploads\/2026\/02\/03-1024x576.jpg 1024w, https:\/\/ipcszeged.hu\/wp-content\/uploads\/2026\/02\/03-1920x1080.jpg 1920w\" sizes=\"auto, (max-width: 2048px) 100vw, 2048px\" \/><\/figure>\n\n\n\n<figure class=\"wp-block-image size-large\"><img loading=\"lazy\" decoding=\"async\" width=\"2048\" height=\"1152\" data-id=\"18641\" src=\"https:\/\/ipcszeged.hu\/wp-content\/uploads\/2026\/02\/04.jpg\" alt=\"\" class=\"wp-image-18641\" srcset=\"https:\/\/ipcszeged.hu\/wp-content\/uploads\/2026\/02\/04.jpg 2048w, https:\/\/ipcszeged.hu\/wp-content\/uploads\/2026\/02\/04-300x169.jpg 300w, https:\/\/ipcszeged.hu\/wp-content\/uploads\/2026\/02\/04-150x84.jpg 150w, https:\/\/ipcszeged.hu\/wp-content\/uploads\/2026\/02\/04-768x432.jpg 768w, https:\/\/ipcszeged.hu\/wp-content\/uploads\/2026\/02\/04-1536x864.jpg 1536w, https:\/\/ipcszeged.hu\/wp-content\/uploads\/2026\/02\/04-1024x576.jpg 1024w, https:\/\/ipcszeged.hu\/wp-content\/uploads\/2026\/02\/04-1920x1080.jpg 1920w\" sizes=\"auto, (max-width: 2048px) 100vw, 2048px\" \/><\/figure>\n\n\n\n<figure class=\"wp-block-image size-large\"><img loading=\"lazy\" decoding=\"async\" width=\"2048\" height=\"1152\" data-id=\"18652\" src=\"https:\/\/ipcszeged.hu\/wp-content\/uploads\/2026\/02\/05.jpg\" alt=\"\" class=\"wp-image-18652\" srcset=\"https:\/\/ipcszeged.hu\/wp-content\/uploads\/2026\/02\/05.jpg 2048w, https:\/\/ipcszeged.hu\/wp-content\/uploads\/2026\/02\/05-300x169.jpg 300w, https:\/\/ipcszeged.hu\/wp-content\/uploads\/2026\/02\/05-150x84.jpg 150w, https:\/\/ipcszeged.hu\/wp-content\/uploads\/2026\/02\/05-768x432.jpg 768w, https:\/\/ipcszeged.hu\/wp-content\/uploads\/2026\/02\/05-1536x864.jpg 1536w, https:\/\/ipcszeged.hu\/wp-content\/uploads\/2026\/02\/05-1024x576.jpg 1024w, https:\/\/ipcszeged.hu\/wp-content\/uploads\/2026\/02\/05-1920x1080.jpg 1920w\" sizes=\"auto, (max-width: 2048px) 100vw, 2048px\" \/><\/figure>\n\n\n\n<figure class=\"wp-block-image size-large\"><img loading=\"lazy\" decoding=\"async\" width=\"2048\" height=\"1152\" data-id=\"18651\" src=\"https:\/\/ipcszeged.hu\/wp-content\/uploads\/2026\/02\/06.jpg\" alt=\"\" class=\"wp-image-18651\" srcset=\"https:\/\/ipcszeged.hu\/wp-content\/uploads\/2026\/02\/06.jpg 2048w, https:\/\/ipcszeged.hu\/wp-content\/uploads\/2026\/02\/06-300x169.jpg 300w, https:\/\/ipcszeged.hu\/wp-content\/uploads\/2026\/02\/06-150x84.jpg 150w, https:\/\/ipcszeged.hu\/wp-content\/uploads\/2026\/02\/06-768x432.jpg 768w, https:\/\/ipcszeged.hu\/wp-content\/uploads\/2026\/02\/06-1536x864.jpg 1536w, https:\/\/ipcszeged.hu\/wp-content\/uploads\/2026\/02\/06-1024x576.jpg 1024w, https:\/\/ipcszeged.hu\/wp-content\/uploads\/2026\/02\/06-1920x1080.jpg 1920w\" sizes=\"auto, (max-width: 2048px) 100vw, 2048px\" \/><\/figure>\n\n\n\n<figure class=\"wp-block-image size-large\"><img loading=\"lazy\" decoding=\"async\" width=\"2048\" height=\"1152\" data-id=\"18643\" src=\"https:\/\/ipcszeged.hu\/wp-content\/uploads\/2026\/02\/07.jpg\" alt=\"\" class=\"wp-image-18643\" srcset=\"https:\/\/ipcszeged.hu\/wp-content\/uploads\/2026\/02\/07.jpg 2048w, https:\/\/ipcszeged.hu\/wp-content\/uploads\/2026\/02\/07-300x169.jpg 300w, https:\/\/ipcszeged.hu\/wp-content\/uploads\/2026\/02\/07-150x84.jpg 150w, https:\/\/ipcszeged.hu\/wp-content\/uploads\/2026\/02\/07-768x432.jpg 768w, https:\/\/ipcszeged.hu\/wp-content\/uploads\/2026\/02\/07-1536x864.jpg 1536w, https:\/\/ipcszeged.hu\/wp-content\/uploads\/2026\/02\/07-1024x576.jpg 1024w, https:\/\/ipcszeged.hu\/wp-content\/uploads\/2026\/02\/07-1920x1080.jpg 1920w\" sizes=\"auto, (max-width: 2048px) 100vw, 2048px\" \/><\/figure>\n\n\n\n<figure class=\"wp-block-image size-large\"><img loading=\"lazy\" decoding=\"async\" width=\"2048\" height=\"1152\" data-id=\"18645\" src=\"https:\/\/ipcszeged.hu\/wp-content\/uploads\/2026\/02\/08.jpg\" alt=\"\" class=\"wp-image-18645\" srcset=\"https:\/\/ipcszeged.hu\/wp-content\/uploads\/2026\/02\/08.jpg 2048w, https:\/\/ipcszeged.hu\/wp-content\/uploads\/2026\/02\/08-300x169.jpg 300w, https:\/\/ipcszeged.hu\/wp-content\/uploads\/2026\/02\/08-150x84.jpg 150w, https:\/\/ipcszeged.hu\/wp-content\/uploads\/2026\/02\/08-768x432.jpg 768w, https:\/\/ipcszeged.hu\/wp-content\/uploads\/2026\/02\/08-1536x864.jpg 1536w, https:\/\/ipcszeged.hu\/wp-content\/uploads\/2026\/02\/08-1024x576.jpg 1024w, https:\/\/ipcszeged.hu\/wp-content\/uploads\/2026\/02\/08-1920x1080.jpg 1920w\" sizes=\"auto, (max-width: 2048px) 100vw, 2048px\" \/><\/figure>\n\n\n\n<figure class=\"wp-block-image size-large\"><img loading=\"lazy\" decoding=\"async\" width=\"2048\" height=\"1536\" data-id=\"18644\" src=\"https:\/\/ipcszeged.hu\/wp-content\/uploads\/2026\/02\/09.jpg\" alt=\"\" class=\"wp-image-18644\" srcset=\"https:\/\/ipcszeged.hu\/wp-content\/uploads\/2026\/02\/09.jpg 2048w, https:\/\/ipcszeged.hu\/wp-content\/uploads\/2026\/02\/09-300x225.jpg 300w, https:\/\/ipcszeged.hu\/wp-content\/uploads\/2026\/02\/09-150x113.jpg 150w, https:\/\/ipcszeged.hu\/wp-content\/uploads\/2026\/02\/09-768x576.jpg 768w, https:\/\/ipcszeged.hu\/wp-content\/uploads\/2026\/02\/09-1536x1152.jpg 1536w, https:\/\/ipcszeged.hu\/wp-content\/uploads\/2026\/02\/09-1024x768.jpg 1024w, https:\/\/ipcszeged.hu\/wp-content\/uploads\/2026\/02\/09-1440x1080.jpg 1440w\" sizes=\"auto, (max-width: 2048px) 100vw, 2048px\" \/><\/figure>\n\n\n\n<figure class=\"wp-block-image size-large\"><img loading=\"lazy\" decoding=\"async\" width=\"2048\" height=\"1152\" data-id=\"18646\" src=\"https:\/\/ipcszeged.hu\/wp-content\/uploads\/2026\/02\/10.jpg\" alt=\"\" class=\"wp-image-18646\" srcset=\"https:\/\/ipcszeged.hu\/wp-content\/uploads\/2026\/02\/10.jpg 2048w, https:\/\/ipcszeged.hu\/wp-content\/uploads\/2026\/02\/10-300x169.jpg 300w, https:\/\/ipcszeged.hu\/wp-content\/uploads\/2026\/02\/10-150x84.jpg 150w, https:\/\/ipcszeged.hu\/wp-content\/uploads\/2026\/02\/10-768x432.jpg 768w, https:\/\/ipcszeged.hu\/wp-content\/uploads\/2026\/02\/10-1536x864.jpg 1536w, https:\/\/ipcszeged.hu\/wp-content\/uploads\/2026\/02\/10-1024x576.jpg 1024w, https:\/\/ipcszeged.hu\/wp-content\/uploads\/2026\/02\/10-1920x1080.jpg 1920w\" sizes=\"auto, (max-width: 2048px) 100vw, 2048px\" \/><\/figure>\n\n\n\n<figure class=\"wp-block-image size-large\"><img loading=\"lazy\" decoding=\"async\" width=\"2048\" height=\"1536\" data-id=\"18647\" src=\"https:\/\/ipcszeged.hu\/wp-content\/uploads\/2026\/02\/11.jpg\" alt=\"\" class=\"wp-image-18647\" srcset=\"https:\/\/ipcszeged.hu\/wp-content\/uploads\/2026\/02\/11.jpg 2048w, https:\/\/ipcszeged.hu\/wp-content\/uploads\/2026\/02\/11-300x225.jpg 300w, https:\/\/ipcszeged.hu\/wp-content\/uploads\/2026\/02\/11-150x113.jpg 150w, https:\/\/ipcszeged.hu\/wp-content\/uploads\/2026\/02\/11-768x576.jpg 768w, https:\/\/ipcszeged.hu\/wp-content\/uploads\/2026\/02\/11-1536x1152.jpg 1536w, https:\/\/ipcszeged.hu\/wp-content\/uploads\/2026\/02\/11-1024x768.jpg 1024w, https:\/\/ipcszeged.hu\/wp-content\/uploads\/2026\/02\/11-1440x1080.jpg 1440w\" sizes=\"auto, (max-width: 2048px) 100vw, 2048px\" \/><\/figure>\n\n\n\n<figure class=\"wp-block-image size-large\"><img loading=\"lazy\" decoding=\"async\" width=\"2048\" height=\"1536\" data-id=\"18648\" src=\"https:\/\/ipcszeged.hu\/wp-content\/uploads\/2026\/02\/12.jpg\" alt=\"\" class=\"wp-image-18648\" srcset=\"https:\/\/ipcszeged.hu\/wp-content\/uploads\/2026\/02\/12.jpg 2048w, https:\/\/ipcszeged.hu\/wp-content\/uploads\/2026\/02\/12-300x225.jpg 300w, https:\/\/ipcszeged.hu\/wp-content\/uploads\/2026\/02\/12-150x113.jpg 150w, https:\/\/ipcszeged.hu\/wp-content\/uploads\/2026\/02\/12-768x576.jpg 768w, https:\/\/ipcszeged.hu\/wp-content\/uploads\/2026\/02\/12-1536x1152.jpg 1536w, https:\/\/ipcszeged.hu\/wp-content\/uploads\/2026\/02\/12-1024x768.jpg 1024w, https:\/\/ipcszeged.hu\/wp-content\/uploads\/2026\/02\/12-1440x1080.jpg 1440w\" sizes=\"auto, (max-width: 2048px) 100vw, 2048px\" \/><\/figure>\n\n\n\n<figure class=\"wp-block-image size-large\"><img loading=\"lazy\" decoding=\"async\" width=\"2048\" height=\"1536\" data-id=\"18649\" src=\"https:\/\/ipcszeged.hu\/wp-content\/uploads\/2026\/02\/13.jpg\" alt=\"\" class=\"wp-image-18649\" srcset=\"https:\/\/ipcszeged.hu\/wp-content\/uploads\/2026\/02\/13.jpg 2048w, https:\/\/ipcszeged.hu\/wp-content\/uploads\/2026\/02\/13-300x225.jpg 300w, https:\/\/ipcszeged.hu\/wp-content\/uploads\/2026\/02\/13-150x113.jpg 150w, https:\/\/ipcszeged.hu\/wp-content\/uploads\/2026\/02\/13-768x576.jpg 768w, https:\/\/ipcszeged.hu\/wp-content\/uploads\/2026\/02\/13-1536x1152.jpg 1536w, https:\/\/ipcszeged.hu\/wp-content\/uploads\/2026\/02\/13-1024x768.jpg 1024w, https:\/\/ipcszeged.hu\/wp-content\/uploads\/2026\/02\/13-1440x1080.jpg 1440w\" sizes=\"auto, (max-width: 2048px) 100vw, 2048px\" \/><\/figure>\n\n\n\n<figure class=\"wp-block-image size-large\"><img loading=\"lazy\" decoding=\"async\" width=\"2048\" height=\"1536\" data-id=\"18650\" src=\"https:\/\/ipcszeged.hu\/wp-content\/uploads\/2026\/02\/14.jpg\" alt=\"\" class=\"wp-image-18650\" srcset=\"https:\/\/ipcszeged.hu\/wp-content\/uploads\/2026\/02\/14.jpg 2048w, https:\/\/ipcszeged.hu\/wp-content\/uploads\/2026\/02\/14-300x225.jpg 300w, https:\/\/ipcszeged.hu\/wp-content\/uploads\/2026\/02\/14-150x113.jpg 150w, https:\/\/ipcszeged.hu\/wp-content\/uploads\/2026\/02\/14-768x576.jpg 768w, https:\/\/ipcszeged.hu\/wp-content\/uploads\/2026\/02\/14-1536x1152.jpg 1536w, https:\/\/ipcszeged.hu\/wp-content\/uploads\/2026\/02\/14-1024x768.jpg 1024w, https:\/\/ipcszeged.hu\/wp-content\/uploads\/2026\/02\/14-1440x1080.jpg 1440w\" sizes=\"auto, (max-width: 2048px) 100vw, 2048px\" \/><\/figure>\n<\/figure>\n ","protected":false},"excerpt":{"rendered":"<p>Janu\u00e1r 31-\u00e9n ism\u00e9t \u00f6sszegy\u0171lt a m\u00f3rahalmi k\u00f6rzet ifj\u00fas\u00e1ga egy j\u00f3 hangulat\u00fa farsangi tal\u00e1lkoz\u00f3ra, melynek k\u00f6zponti t\u00e9m\u00e1i a hajdan ebben az id\u0151szakban tartott esk\u00fcv\u0151k \u00e9s az ide kapcsol\u00f3d\u00f3 evang\u00e9liumi t\u00f6rt\u00e9net voltak. A mintegy 50 f\u0151 a Szent L\u00e1szl\u00f3 Kir\u00e1ly templomban tal\u00e1lkozott, ahonnan Istv\u00e1n atya elgondolkodtat\u00f3 t\u00f6rt\u00e9nete ut\u00e1n a k\u00f6zeli Cacao Clubba vonultak \u00e1t mozizni. Az itthon&hellip; <br \/> <a class=\"read-more\" href=\"https:\/\/ipcszeged.hu\/index.php\/farsang-menyegzok-tanchaz\/\">Read more<\/a><\/p>\n","protected":false},"author":1,"featured_media":0,"parent":0,"menu_order":0,"comment_status":"closed","ping_status":"closed","template":"","meta":{"ngg_post_thumbnail":0,"footnotes":""},"class_list":["post-18638","page","type-page","status-publish","hentry"],"_links":{"self":[{"href":"https:\/\/ipcszeged.hu\/index.php\/wp-json\/wp\/v2\/pages\/18638","targetHints":{"allow":["GET"]}}],"collection":[{"href":"https:\/\/ipcszeged.hu\/index.php\/wp-json\/wp\/v2\/pages"}],"about":[{"href":"https:\/\/ipcszeged.hu\/index.php\/wp-json\/wp\/v2\/types\/page"}],"author":[{"embeddable":true,"href":"https:\/\/ipcszeged.hu\/index.php\/wp-json\/wp\/v2\/users\/1"}],"replies":[{"embeddable":true,"href":"https:\/\/ipcszeged.hu\/index.php\/wp-json\/wp\/v2\/comments?post=18638"}],"version-history":[{"count":1,"href":"https:\/\/ipcszeged.hu\/index.php\/wp-json\/wp\/v2\/pages\/18638\/revisions"}],"predecessor-version":[{"id":18653,"href":"https:\/\/ipcszeged.hu\/index.php\/wp-json\/wp\/v2\/pages\/18638\/revisions\/18653"}],"wp:attachment":[{"href":"https:\/\/ipcszeged.hu\/index.php\/wp-json\/wp\/v2\/media?parent=18638"}],"curies":[{"name":"wp","href":"https:\/\/api.w.org\/{rel}","templated":true}]}}