{"id":18597,"date":"2025-12-10T16:27:07","date_gmt":"2025-12-10T15:27:07","guid":{"rendered":"https:\/\/ipcszeged.hu\/?page_id=18597"},"modified":"2025-12-11T11:58:26","modified_gmt":"2025-12-11T10:58:26","slug":"adventfeszt-2025","status":"publish","type":"page","link":"https:\/\/ipcszeged.hu\/index.php\/adventfeszt-2025\/","title":{"rendered":"Adventfeszt 2025"},"content":{"rendered":"<div class=\"wp-block-image\">\n<figure class=\"aligncenter size-full is-resized\"><img loading=\"lazy\" decoding=\"async\" width=\"2560\" height=\"1340\" src=\"https:\/\/ipcszeged.hu\/wp-content\/uploads\/2025\/10\/advent-cover-scaled.jpg\" alt=\"\" class=\"wp-image-18556\" style=\"width:718px;height:auto\" srcset=\"https:\/\/ipcszeged.hu\/wp-content\/uploads\/2025\/10\/advent-cover-scaled.jpg 2560w, https:\/\/ipcszeged.hu\/wp-content\/uploads\/2025\/10\/advent-cover-300x157.jpg 300w, https:\/\/ipcszeged.hu\/wp-content\/uploads\/2025\/10\/advent-cover-150x79.jpg 150w, https:\/\/ipcszeged.hu\/wp-content\/uploads\/2025\/10\/advent-cover-768x402.jpg 768w, https:\/\/ipcszeged.hu\/wp-content\/uploads\/2025\/10\/advent-cover-1536x804.jpg 1536w, https:\/\/ipcszeged.hu\/wp-content\/uploads\/2025\/10\/advent-cover-2048x1072.jpg 2048w, https:\/\/ipcszeged.hu\/wp-content\/uploads\/2025\/10\/advent-cover-1024x536.jpg 1024w, https:\/\/ipcszeged.hu\/wp-content\/uploads\/2025\/10\/advent-cover-1920x1005.jpg 1920w\" sizes=\"auto, (max-width: 2560px) 100vw, 2560px\" \/><\/figure>\n<\/div>\n\n<p>&nbsp;<\/p>\n<p>&nbsp;<\/p>\n<p class=\"has-text-align-left\" style=\"text-align: justify;\"><strong>Id\u00e9n hatodik alkalommal ker\u00fclt megszervez\u00e9sre a Szeged-Csan\u00e1di Egyh\u00e1zmegye nagyszab\u00e1s\u00fa, ifj\u00fas\u00e1gi adventi lelkinapja a szegedi Szent Gell\u00e9rt F\u00f3rumban 2025. november 28-\u00e1n. A fiataloknak sz\u00f3l\u00f3 lelkinapot id\u00e9n<em> \u201eKir\u00e1ly vagy! &#8230;ha v\u00e1rod a Kir\u00e1lyt\u201d <\/em>mott\u00f3val, k\u00f6zel 600 f\u0151nek szervezte meg az Ifj\u00fas\u00e1gpasztor\u00e1ci\u00f3s Iroda.<br><\/strong><br>Tapodi Kriszti\u00e1n atya fiatalos, k\u00f6zvetlen, m\u00e9gis m\u00e9ly gondolataival seg\u00edtette tan\u00edt\u00e1s\u00e1ban a r\u00e9sztvev\u0151ket, abban, hogy az adventi id\u0151szakban megtapasztalhass\u00e1k a v\u00e1rakoz\u00e1s \u00f6r\u00f6m\u00e9t \u00e9s a bels\u0151 meg\u00fajul\u00e1s lehet\u0151s\u00e9g\u00e9t.<br>A nap folyam\u00e1n a fiataloknak id\u00e9n is lehet\u0151s\u00e9g\u00fck volt az \u0151ket foglalkoztat\u00f3, Istennel, egyh\u00e1zzal kapcsolatos k\u00e9rd\u00e9seik feltev\u00e9s\u00e9re a Papcorn c\u00edm\u0171 k\u00e9rdezz-felelek program keret\u00e9n bel\u00fcl. A r\u00e9sztvev\u0151 gyerekek k\u00e9rd\u00e9seit h\u00e1rom atya: Balogh Ott\u00f3, Kov\u00e1cs Zolt\u00e1n \u00e9s Tracsek Oszk\u00e1r v\u00e1laszolta meg. A nap zenei szolg\u00e1lat\u00e1t az Eucharist zenekar v\u00e1llalta, akik dalaikkal teremtettek im\u00e1ds\u00e1gos, b\u00e9k\u00e9s l\u00e9gk\u00f6rt, seg\u00edtve, hogy sz\u00edv\u00fcnk k\u00f6zelebb emelkedhessen Istenhez.&nbsp;<br>A program szentmise \u00fcnnepl\u00e9ssel z\u00e1rult Kov\u00e1cs Zolt\u00e1n atya celebr\u00e1l\u00e1s\u00e1val, a szentbesz\u00e9det pedig Amanso Brendan tartotta.<\/p>\n<p style=\"text-align: right;\"><em>Fot\u00f3k: Kisp\u00e9ter G\u00e1bor \u00e9s Kuna \u00c1ron<\/em><\/p>\n<p>&nbsp;<\/p>\n\n\n<figure class=\"wp-block-gallery has-nested-images columns-default is-cropped wp-block-gallery-1 is-layout-flex wp-block-gallery-is-layout-flex\">\n<figure class=\"wp-block-image size-large\"><img loading=\"lazy\" decoding=\"async\" width=\"4096\" height=\"2731\" data-id=\"18600\" src=\"https:\/\/ipcszeged.hu\/wp-content\/uploads\/2025\/12\/ADVENTFESZT2025C-2-4096x2731.jpg\" alt=\"\" class=\"wp-image-18600\" srcset=\"https:\/\/ipcszeged.hu\/wp-content\/uploads\/2025\/12\/ADVENTFESZT2025C-2-4096x2731.jpg 4096w, https:\/\/ipcszeged.hu\/wp-content\/uploads\/2025\/12\/ADVENTFESZT2025C-2-300x200.jpg 300w, https:\/\/ipcszeged.hu\/wp-content\/uploads\/2025\/12\/ADVENTFESZT2025C-2-150x100.jpg 150w, https:\/\/ipcszeged.hu\/wp-content\/uploads\/2025\/12\/ADVENTFESZT2025C-2-768x512.jpg 768w, https:\/\/ipcszeged.hu\/wp-content\/uploads\/2025\/12\/ADVENTFESZT2025C-2-1536x1024.jpg 1536w, https:\/\/ipcszeged.hu\/wp-content\/uploads\/2025\/12\/ADVENTFESZT2025C-2-2048x1365.jpg 2048w, https:\/\/ipcszeged.hu\/wp-content\/uploads\/2025\/12\/ADVENTFESZT2025C-2-1024x683.jpg 1024w, https:\/\/ipcszeged.hu\/wp-content\/uploads\/2025\/12\/ADVENTFESZT2025C-2-1620x1080.jpg 1620w\" sizes=\"auto, (max-width: 4096px) 100vw, 4096px\" \/><\/figure>\n\n\n\n<figure class=\"wp-block-image size-large\"><img loading=\"lazy\" decoding=\"async\" width=\"4096\" height=\"2730\" data-id=\"18601\" src=\"https:\/\/ipcszeged.hu\/wp-content\/uploads\/2025\/12\/ADVENTFESZT2025C-10-4096x2730.jpg\" alt=\"\" class=\"wp-image-18601\" srcset=\"https:\/\/ipcszeged.hu\/wp-content\/uploads\/2025\/12\/ADVENTFESZT2025C-10-4096x2730.jpg 4096w, https:\/\/ipcszeged.hu\/wp-content\/uploads\/2025\/12\/ADVENTFESZT2025C-10-300x200.jpg 300w, https:\/\/ipcszeged.hu\/wp-content\/uploads\/2025\/12\/ADVENTFESZT2025C-10-150x100.jpg 150w, https:\/\/ipcszeged.hu\/wp-content\/uploads\/2025\/12\/ADVENTFESZT2025C-10-768x512.jpg 768w, https:\/\/ipcszeged.hu\/wp-content\/uploads\/2025\/12\/ADVENTFESZT2025C-10-1536x1024.jpg 1536w, https:\/\/ipcszeged.hu\/wp-content\/uploads\/2025\/12\/ADVENTFESZT2025C-10-2048x1365.jpg 2048w, https:\/\/ipcszeged.hu\/wp-content\/uploads\/2025\/12\/ADVENTFESZT2025C-10-1024x683.jpg 1024w, https:\/\/ipcszeged.hu\/wp-content\/uploads\/2025\/12\/ADVENTFESZT2025C-10-1620x1080.jpg 1620w\" sizes=\"auto, (max-width: 4096px) 100vw, 4096px\" \/><\/figure>\n\n\n\n<figure class=\"wp-block-image size-large\"><img loading=\"lazy\" decoding=\"async\" width=\"4096\" height=\"2731\" data-id=\"18603\" src=\"https:\/\/ipcszeged.hu\/wp-content\/uploads\/2025\/12\/ADVENTFESZT2025C-14-4096x2731.jpg\" alt=\"\" class=\"wp-image-18603\" srcset=\"https:\/\/ipcszeged.hu\/wp-content\/uploads\/2025\/12\/ADVENTFESZT2025C-14-4096x2731.jpg 4096w, https:\/\/ipcszeged.hu\/wp-content\/uploads\/2025\/12\/ADVENTFESZT2025C-14-300x200.jpg 300w, https:\/\/ipcszeged.hu\/wp-content\/uploads\/2025\/12\/ADVENTFESZT2025C-14-150x100.jpg 150w, https:\/\/ipcszeged.hu\/wp-content\/uploads\/2025\/12\/ADVENTFESZT2025C-14-768x512.jpg 768w, https:\/\/ipcszeged.hu\/wp-content\/uploads\/2025\/12\/ADVENTFESZT2025C-14-1536x1024.jpg 1536w, https:\/\/ipcszeged.hu\/wp-content\/uploads\/2025\/12\/ADVENTFESZT2025C-14-2048x1365.jpg 2048w, https:\/\/ipcszeged.hu\/wp-content\/uploads\/2025\/12\/ADVENTFESZT2025C-14-1024x683.jpg 1024w, https:\/\/ipcszeged.hu\/wp-content\/uploads\/2025\/12\/ADVENTFESZT2025C-14-1620x1080.jpg 1620w\" sizes=\"auto, (max-width: 4096px) 100vw, 4096px\" \/><\/figure>\n\n\n\n<figure class=\"wp-block-image size-large\"><img loading=\"lazy\" decoding=\"async\" width=\"4096\" height=\"2731\" data-id=\"18605\" src=\"https:\/\/ipcszeged.hu\/wp-content\/uploads\/2025\/12\/ADVENTFESZT2025C-5-4096x2731.jpg\" alt=\"\" class=\"wp-image-18605\" srcset=\"https:\/\/ipcszeged.hu\/wp-content\/uploads\/2025\/12\/ADVENTFESZT2025C-5-4096x2731.jpg 4096w, https:\/\/ipcszeged.hu\/wp-content\/uploads\/2025\/12\/ADVENTFESZT2025C-5-300x200.jpg 300w, https:\/\/ipcszeged.hu\/wp-content\/uploads\/2025\/12\/ADVENTFESZT2025C-5-150x100.jpg 150w, https:\/\/ipcszeged.hu\/wp-content\/uploads\/2025\/12\/ADVENTFESZT2025C-5-768x512.jpg 768w, https:\/\/ipcszeged.hu\/wp-content\/uploads\/2025\/12\/ADVENTFESZT2025C-5-1536x1024.jpg 1536w, https:\/\/ipcszeged.hu\/wp-content\/uploads\/2025\/12\/ADVENTFESZT2025C-5-2048x1365.jpg 2048w, https:\/\/ipcszeged.hu\/wp-content\/uploads\/2025\/12\/ADVENTFESZT2025C-5-1024x683.jpg 1024w, https:\/\/ipcszeged.hu\/wp-content\/uploads\/2025\/12\/ADVENTFESZT2025C-5-1620x1080.jpg 1620w\" sizes=\"auto, (max-width: 4096px) 100vw, 4096px\" \/><\/figure>\n\n\n\n<figure class=\"wp-block-image size-large\"><img loading=\"lazy\" decoding=\"async\" width=\"4096\" height=\"2731\" data-id=\"18607\" src=\"https:\/\/ipcszeged.hu\/wp-content\/uploads\/2025\/12\/ADVENTFESZT2025C-17-4096x2731.jpg\" alt=\"\" class=\"wp-image-18607\" srcset=\"https:\/\/ipcszeged.hu\/wp-content\/uploads\/2025\/12\/ADVENTFESZT2025C-17-4096x2731.jpg 4096w, https:\/\/ipcszeged.hu\/wp-content\/uploads\/2025\/12\/ADVENTFESZT2025C-17-300x200.jpg 300w, https:\/\/ipcszeged.hu\/wp-content\/uploads\/2025\/12\/ADVENTFESZT2025C-17-150x100.jpg 150w, https:\/\/ipcszeged.hu\/wp-content\/uploads\/2025\/12\/ADVENTFESZT2025C-17-768x512.jpg 768w, https:\/\/ipcszeged.hu\/wp-content\/uploads\/2025\/12\/ADVENTFESZT2025C-17-1536x1024.jpg 1536w, https:\/\/ipcszeged.hu\/wp-content\/uploads\/2025\/12\/ADVENTFESZT2025C-17-2048x1365.jpg 2048w, https:\/\/ipcszeged.hu\/wp-content\/uploads\/2025\/12\/ADVENTFESZT2025C-17-1024x683.jpg 1024w, https:\/\/ipcszeged.hu\/wp-content\/uploads\/2025\/12\/ADVENTFESZT2025C-17-1620x1080.jpg 1620w\" sizes=\"auto, (max-width: 4096px) 100vw, 4096px\" \/><\/figure>\n\n\n\n<figure class=\"wp-block-image size-large\"><img loading=\"lazy\" decoding=\"async\" width=\"4096\" height=\"2731\" data-id=\"18610\" src=\"https:\/\/ipcszeged.hu\/wp-content\/uploads\/2025\/12\/ADVENTFESZT2025C-35-4096x2731.jpg\" alt=\"\" class=\"wp-image-18610\" srcset=\"https:\/\/ipcszeged.hu\/wp-content\/uploads\/2025\/12\/ADVENTFESZT2025C-35-4096x2731.jpg 4096w, https:\/\/ipcszeged.hu\/wp-content\/uploads\/2025\/12\/ADVENTFESZT2025C-35-300x200.jpg 300w, https:\/\/ipcszeged.hu\/wp-content\/uploads\/2025\/12\/ADVENTFESZT2025C-35-150x100.jpg 150w, https:\/\/ipcszeged.hu\/wp-content\/uploads\/2025\/12\/ADVENTFESZT2025C-35-768x512.jpg 768w, https:\/\/ipcszeged.hu\/wp-content\/uploads\/2025\/12\/ADVENTFESZT2025C-35-1536x1024.jpg 1536w, https:\/\/ipcszeged.hu\/wp-content\/uploads\/2025\/12\/ADVENTFESZT2025C-35-2048x1365.jpg 2048w, https:\/\/ipcszeged.hu\/wp-content\/uploads\/2025\/12\/ADVENTFESZT2025C-35-1024x683.jpg 1024w, https:\/\/ipcszeged.hu\/wp-content\/uploads\/2025\/12\/ADVENTFESZT2025C-35-1620x1080.jpg 1620w\" sizes=\"auto, (max-width: 4096px) 100vw, 4096px\" \/><\/figure>\n\n\n\n<figure class=\"wp-block-image size-large\"><img loading=\"lazy\" decoding=\"async\" width=\"4096\" height=\"2731\" data-id=\"18613\" src=\"https:\/\/ipcszeged.hu\/wp-content\/uploads\/2025\/12\/ADVENTFESZT2025C-22-4096x2731.jpg\" alt=\"\" class=\"wp-image-18613\" srcset=\"https:\/\/ipcszeged.hu\/wp-content\/uploads\/2025\/12\/ADVENTFESZT2025C-22-4096x2731.jpg 4096w, https:\/\/ipcszeged.hu\/wp-content\/uploads\/2025\/12\/ADVENTFESZT2025C-22-300x200.jpg 300w, https:\/\/ipcszeged.hu\/wp-content\/uploads\/2025\/12\/ADVENTFESZT2025C-22-150x100.jpg 150w, https:\/\/ipcszeged.hu\/wp-content\/uploads\/2025\/12\/ADVENTFESZT2025C-22-768x512.jpg 768w, https:\/\/ipcszeged.hu\/wp-content\/uploads\/2025\/12\/ADVENTFESZT2025C-22-1536x1024.jpg 1536w, https:\/\/ipcszeged.hu\/wp-content\/uploads\/2025\/12\/ADVENTFESZT2025C-22-2048x1365.jpg 2048w, https:\/\/ipcszeged.hu\/wp-content\/uploads\/2025\/12\/ADVENTFESZT2025C-22-1024x683.jpg 1024w, https:\/\/ipcszeged.hu\/wp-content\/uploads\/2025\/12\/ADVENTFESZT2025C-22-1620x1080.jpg 1620w\" sizes=\"auto, (max-width: 4096px) 100vw, 4096px\" \/><\/figure>\n\n\n\n<figure class=\"wp-block-image size-large\"><img loading=\"lazy\" decoding=\"async\" width=\"4096\" height=\"2731\" data-id=\"18612\" src=\"https:\/\/ipcszeged.hu\/wp-content\/uploads\/2025\/12\/ADVENTFESZT2025C-24-4096x2731.jpg\" alt=\"\" class=\"wp-image-18612\" srcset=\"https:\/\/ipcszeged.hu\/wp-content\/uploads\/2025\/12\/ADVENTFESZT2025C-24-4096x2731.jpg 4096w, https:\/\/ipcszeged.hu\/wp-content\/uploads\/2025\/12\/ADVENTFESZT2025C-24-300x200.jpg 300w, https:\/\/ipcszeged.hu\/wp-content\/uploads\/2025\/12\/ADVENTFESZT2025C-24-150x100.jpg 150w, https:\/\/ipcszeged.hu\/wp-content\/uploads\/2025\/12\/ADVENTFESZT2025C-24-768x512.jpg 768w, https:\/\/ipcszeged.hu\/wp-content\/uploads\/2025\/12\/ADVENTFESZT2025C-24-1536x1024.jpg 1536w, https:\/\/ipcszeged.hu\/wp-content\/uploads\/2025\/12\/ADVENTFESZT2025C-24-2048x1365.jpg 2048w, https:\/\/ipcszeged.hu\/wp-content\/uploads\/2025\/12\/ADVENTFESZT2025C-24-1024x683.jpg 1024w, https:\/\/ipcszeged.hu\/wp-content\/uploads\/2025\/12\/ADVENTFESZT2025C-24-1620x1080.jpg 1620w\" sizes=\"auto, (max-width: 4096px) 100vw, 4096px\" \/><\/figure>\n\n\n\n<figure class=\"wp-block-image size-large\"><img loading=\"lazy\" decoding=\"async\" width=\"4096\" height=\"2730\" data-id=\"18604\" src=\"https:\/\/ipcszeged.hu\/wp-content\/uploads\/2025\/12\/ADVENTFESZT2025C-9-4096x2730.jpg\" alt=\"\" class=\"wp-image-18604\" srcset=\"https:\/\/ipcszeged.hu\/wp-content\/uploads\/2025\/12\/ADVENTFESZT2025C-9-4096x2730.jpg 4096w, https:\/\/ipcszeged.hu\/wp-content\/uploads\/2025\/12\/ADVENTFESZT2025C-9-300x200.jpg 300w, https:\/\/ipcszeged.hu\/wp-content\/uploads\/2025\/12\/ADVENTFESZT2025C-9-150x100.jpg 150w, https:\/\/ipcszeged.hu\/wp-content\/uploads\/2025\/12\/ADVENTFESZT2025C-9-768x512.jpg 768w, https:\/\/ipcszeged.hu\/wp-content\/uploads\/2025\/12\/ADVENTFESZT2025C-9-1536x1024.jpg 1536w, https:\/\/ipcszeged.hu\/wp-content\/uploads\/2025\/12\/ADVENTFESZT2025C-9-2048x1365.jpg 2048w, https:\/\/ipcszeged.hu\/wp-content\/uploads\/2025\/12\/ADVENTFESZT2025C-9-1024x683.jpg 1024w, https:\/\/ipcszeged.hu\/wp-content\/uploads\/2025\/12\/ADVENTFESZT2025C-9-1620x1080.jpg 1620w\" sizes=\"auto, (max-width: 4096px) 100vw, 4096px\" \/><\/figure>\n\n\n\n<figure class=\"wp-block-image size-large\"><img loading=\"lazy\" decoding=\"async\" width=\"2500\" height=\"1668\" data-id=\"18618\" src=\"https:\/\/ipcszeged.hu\/wp-content\/uploads\/2025\/12\/ADVENTFESZT2025S-54.jpg\" alt=\"\" class=\"wp-image-18618\" srcset=\"https:\/\/ipcszeged.hu\/wp-content\/uploads\/2025\/12\/ADVENTFESZT2025S-54.jpg 2500w, https:\/\/ipcszeged.hu\/wp-content\/uploads\/2025\/12\/ADVENTFESZT2025S-54-300x200.jpg 300w, https:\/\/ipcszeged.hu\/wp-content\/uploads\/2025\/12\/ADVENTFESZT2025S-54-150x100.jpg 150w, https:\/\/ipcszeged.hu\/wp-content\/uploads\/2025\/12\/ADVENTFESZT2025S-54-768x512.jpg 768w, https:\/\/ipcszeged.hu\/wp-content\/uploads\/2025\/12\/ADVENTFESZT2025S-54-1536x1025.jpg 1536w, https:\/\/ipcszeged.hu\/wp-content\/uploads\/2025\/12\/ADVENTFESZT2025S-54-2048x1366.jpg 2048w, https:\/\/ipcszeged.hu\/wp-content\/uploads\/2025\/12\/ADVENTFESZT2025S-54-1024x683.jpg 1024w, https:\/\/ipcszeged.hu\/wp-content\/uploads\/2025\/12\/ADVENTFESZT2025S-54-1619x1080.jpg 1619w\" sizes=\"auto, (max-width: 2500px) 100vw, 2500px\" \/><\/figure>\n\n\n\n<figure class=\"wp-block-image size-large\"><img loading=\"lazy\" decoding=\"async\" width=\"2048\" height=\"3072\" data-id=\"18617\" src=\"https:\/\/ipcszeged.hu\/wp-content\/uploads\/2025\/12\/ADVENTFESZT2025C-45-2048x3072.jpg\" alt=\"\" class=\"wp-image-18617\" srcset=\"https:\/\/ipcszeged.hu\/wp-content\/uploads\/2025\/12\/ADVENTFESZT2025C-45-2048x3072.jpg 2048w, https:\/\/ipcszeged.hu\/wp-content\/uploads\/2025\/12\/ADVENTFESZT2025C-45-200x300.jpg 200w, https:\/\/ipcszeged.hu\/wp-content\/uploads\/2025\/12\/ADVENTFESZT2025C-45-100x150.jpg 100w, https:\/\/ipcszeged.hu\/wp-content\/uploads\/2025\/12\/ADVENTFESZT2025C-45-768x1152.jpg 768w, https:\/\/ipcszeged.hu\/wp-content\/uploads\/2025\/12\/ADVENTFESZT2025C-45-1024x1536.jpg 1024w, https:\/\/ipcszeged.hu\/wp-content\/uploads\/2025\/12\/ADVENTFESZT2025C-45-1365x2048.jpg 1365w, https:\/\/ipcszeged.hu\/wp-content\/uploads\/2025\/12\/ADVENTFESZT2025C-45-720x1080.jpg 720w, https:\/\/ipcszeged.hu\/wp-content\/uploads\/2025\/12\/ADVENTFESZT2025C-45-scaled.jpg 1706w\" sizes=\"auto, (max-width: 2048px) 100vw, 2048px\" \/><\/figure>\n\n\n\n<figure class=\"wp-block-image size-large\"><img loading=\"lazy\" decoding=\"async\" width=\"4096\" height=\"2731\" data-id=\"18599\" src=\"https:\/\/ipcszeged.hu\/wp-content\/uploads\/2025\/12\/ADVENTFESZT2025C-4096x2731.jpg\" alt=\"\" class=\"wp-image-18599\" srcset=\"https:\/\/ipcszeged.hu\/wp-content\/uploads\/2025\/12\/ADVENTFESZT2025C-4096x2731.jpg 4096w, https:\/\/ipcszeged.hu\/wp-content\/uploads\/2025\/12\/ADVENTFESZT2025C-300x200.jpg 300w, https:\/\/ipcszeged.hu\/wp-content\/uploads\/2025\/12\/ADVENTFESZT2025C-150x100.jpg 150w, https:\/\/ipcszeged.hu\/wp-content\/uploads\/2025\/12\/ADVENTFESZT2025C-768x512.jpg 768w, https:\/\/ipcszeged.hu\/wp-content\/uploads\/2025\/12\/ADVENTFESZT2025C-1536x1024.jpg 1536w, https:\/\/ipcszeged.hu\/wp-content\/uploads\/2025\/12\/ADVENTFESZT2025C-2048x1365.jpg 2048w, https:\/\/ipcszeged.hu\/wp-content\/uploads\/2025\/12\/ADVENTFESZT2025C-1024x683.jpg 1024w, https:\/\/ipcszeged.hu\/wp-content\/uploads\/2025\/12\/ADVENTFESZT2025C-1620x1080.jpg 1620w\" sizes=\"auto, (max-width: 4096px) 100vw, 4096px\" \/><\/figure>\n\n\n\n<figure class=\"wp-block-image size-large\"><img loading=\"lazy\" decoding=\"async\" width=\"4096\" height=\"2730\" data-id=\"18602\" src=\"https:\/\/ipcszeged.hu\/wp-content\/uploads\/2025\/12\/ADVENTFESZT2025C-7-4096x2730.jpg\" alt=\"\" class=\"wp-image-18602\" srcset=\"https:\/\/ipcszeged.hu\/wp-content\/uploads\/2025\/12\/ADVENTFESZT2025C-7-4096x2730.jpg 4096w, https:\/\/ipcszeged.hu\/wp-content\/uploads\/2025\/12\/ADVENTFESZT2025C-7-300x200.jpg 300w, https:\/\/ipcszeged.hu\/wp-content\/uploads\/2025\/12\/ADVENTFESZT2025C-7-150x100.jpg 150w, https:\/\/ipcszeged.hu\/wp-content\/uploads\/2025\/12\/ADVENTFESZT2025C-7-768x512.jpg 768w, https:\/\/ipcszeged.hu\/wp-content\/uploads\/2025\/12\/ADVENTFESZT2025C-7-1536x1024.jpg 1536w, https:\/\/ipcszeged.hu\/wp-content\/uploads\/2025\/12\/ADVENTFESZT2025C-7-2048x1365.jpg 2048w, https:\/\/ipcszeged.hu\/wp-content\/uploads\/2025\/12\/ADVENTFESZT2025C-7-1024x683.jpg 1024w, https:\/\/ipcszeged.hu\/wp-content\/uploads\/2025\/12\/ADVENTFESZT2025C-7-1620x1080.jpg 1620w\" sizes=\"auto, (max-width: 4096px) 100vw, 4096px\" \/><\/figure>\n\n\n\n<figure class=\"wp-block-image size-full\"><img loading=\"lazy\" decoding=\"async\" width=\"2500\" height=\"1668\" data-id=\"18629\" src=\"https:\/\/ipcszeged.hu\/wp-content\/uploads\/2025\/12\/ADVENTFESZT2025S-23-1.jpg\" alt=\"\" class=\"wp-image-18629\" srcset=\"https:\/\/ipcszeged.hu\/wp-content\/uploads\/2025\/12\/ADVENTFESZT2025S-23-1.jpg 2500w, https:\/\/ipcszeged.hu\/wp-content\/uploads\/2025\/12\/ADVENTFESZT2025S-23-1-300x200.jpg 300w, https:\/\/ipcszeged.hu\/wp-content\/uploads\/2025\/12\/ADVENTFESZT2025S-23-1-150x100.jpg 150w, https:\/\/ipcszeged.hu\/wp-content\/uploads\/2025\/12\/ADVENTFESZT2025S-23-1-768x512.jpg 768w, https:\/\/ipcszeged.hu\/wp-content\/uploads\/2025\/12\/ADVENTFESZT2025S-23-1-1536x1025.jpg 1536w, https:\/\/ipcszeged.hu\/wp-content\/uploads\/2025\/12\/ADVENTFESZT2025S-23-1-2048x1366.jpg 2048w, https:\/\/ipcszeged.hu\/wp-content\/uploads\/2025\/12\/ADVENTFESZT2025S-23-1-1024x683.jpg 1024w, https:\/\/ipcszeged.hu\/wp-content\/uploads\/2025\/12\/ADVENTFESZT2025S-23-1-1619x1080.jpg 1619w\" sizes=\"auto, (max-width: 2500px) 100vw, 2500px\" \/><\/figure>\n\n\n\n<figure class=\"wp-block-image size-large\"><img loading=\"lazy\" decoding=\"async\" width=\"4096\" height=\"2730\" data-id=\"18606\" src=\"https:\/\/ipcszeged.hu\/wp-content\/uploads\/2025\/12\/ADVENTFESZT2025C-4-4096x2730.jpg\" alt=\"\" class=\"wp-image-18606\" srcset=\"https:\/\/ipcszeged.hu\/wp-content\/uploads\/2025\/12\/ADVENTFESZT2025C-4-4096x2730.jpg 4096w, https:\/\/ipcszeged.hu\/wp-content\/uploads\/2025\/12\/ADVENTFESZT2025C-4-300x200.jpg 300w, https:\/\/ipcszeged.hu\/wp-content\/uploads\/2025\/12\/ADVENTFESZT2025C-4-150x100.jpg 150w, https:\/\/ipcszeged.hu\/wp-content\/uploads\/2025\/12\/ADVENTFESZT2025C-4-768x512.jpg 768w, https:\/\/ipcszeged.hu\/wp-content\/uploads\/2025\/12\/ADVENTFESZT2025C-4-1536x1024.jpg 1536w, https:\/\/ipcszeged.hu\/wp-content\/uploads\/2025\/12\/ADVENTFESZT2025C-4-2048x1365.jpg 2048w, https:\/\/ipcszeged.hu\/wp-content\/uploads\/2025\/12\/ADVENTFESZT2025C-4-1024x683.jpg 1024w, https:\/\/ipcszeged.hu\/wp-content\/uploads\/2025\/12\/ADVENTFESZT2025C-4-1620x1080.jpg 1620w\" sizes=\"auto, (max-width: 4096px) 100vw, 4096px\" \/><\/figure>\n\n\n\n<figure class=\"wp-block-image size-large\"><img loading=\"lazy\" decoding=\"async\" width=\"2500\" height=\"1667\" data-id=\"18616\" src=\"https:\/\/ipcszeged.hu\/wp-content\/uploads\/2025\/12\/ADVENTFESZT2025S-171.jpg\" alt=\"\" class=\"wp-image-18616\" srcset=\"https:\/\/ipcszeged.hu\/wp-content\/uploads\/2025\/12\/ADVENTFESZT2025S-171.jpg 2500w, https:\/\/ipcszeged.hu\/wp-content\/uploads\/2025\/12\/ADVENTFESZT2025S-171-300x200.jpg 300w, https:\/\/ipcszeged.hu\/wp-content\/uploads\/2025\/12\/ADVENTFESZT2025S-171-150x100.jpg 150w, https:\/\/ipcszeged.hu\/wp-content\/uploads\/2025\/12\/ADVENTFESZT2025S-171-768x512.jpg 768w, https:\/\/ipcszeged.hu\/wp-content\/uploads\/2025\/12\/ADVENTFESZT2025S-171-1536x1024.jpg 1536w, https:\/\/ipcszeged.hu\/wp-content\/uploads\/2025\/12\/ADVENTFESZT2025S-171-2048x1366.jpg 2048w, https:\/\/ipcszeged.hu\/wp-content\/uploads\/2025\/12\/ADVENTFESZT2025S-171-1024x683.jpg 1024w, https:\/\/ipcszeged.hu\/wp-content\/uploads\/2025\/12\/ADVENTFESZT2025S-171-1620x1080.jpg 1620w\" sizes=\"auto, (max-width: 2500px) 100vw, 2500px\" \/><\/figure>\n\n\n\n<figure class=\"wp-block-image size-large\"><img loading=\"lazy\" decoding=\"async\" width=\"4096\" height=\"2731\" data-id=\"18623\" src=\"https:\/\/ipcszeged.hu\/wp-content\/uploads\/2025\/12\/ADVENTFESZT2025C-60-4096x2731.jpg\" alt=\"\" class=\"wp-image-18623\" srcset=\"https:\/\/ipcszeged.hu\/wp-content\/uploads\/2025\/12\/ADVENTFESZT2025C-60-4096x2731.jpg 4096w, https:\/\/ipcszeged.hu\/wp-content\/uploads\/2025\/12\/ADVENTFESZT2025C-60-300x200.jpg 300w, https:\/\/ipcszeged.hu\/wp-content\/uploads\/2025\/12\/ADVENTFESZT2025C-60-150x100.jpg 150w, https:\/\/ipcszeged.hu\/wp-content\/uploads\/2025\/12\/ADVENTFESZT2025C-60-768x512.jpg 768w, https:\/\/ipcszeged.hu\/wp-content\/uploads\/2025\/12\/ADVENTFESZT2025C-60-1536x1024.jpg 1536w, https:\/\/ipcszeged.hu\/wp-content\/uploads\/2025\/12\/ADVENTFESZT2025C-60-2048x1365.jpg 2048w, https:\/\/ipcszeged.hu\/wp-content\/uploads\/2025\/12\/ADVENTFESZT2025C-60-1024x683.jpg 1024w, https:\/\/ipcszeged.hu\/wp-content\/uploads\/2025\/12\/ADVENTFESZT2025C-60-1620x1080.jpg 1620w\" sizes=\"auto, (max-width: 4096px) 100vw, 4096px\" \/><\/figure>\n<\/figure>\n\n\n\n<p><\/p>\n ","protected":false},"excerpt":{"rendered":"<p>&nbsp; &nbsp; Id\u00e9n hatodik alkalommal ker\u00fclt megszervez\u00e9sre a Szeged-Csan\u00e1di Egyh\u00e1zmegye nagyszab\u00e1s\u00fa, ifj\u00fas\u00e1gi adventi lelkinapja a szegedi Szent Gell\u00e9rt F\u00f3rumban 2025. november 28-\u00e1n. A fiataloknak sz\u00f3l\u00f3 lelkinapot id\u00e9n \u201eKir\u00e1ly vagy! &#8230;ha v\u00e1rod a Kir\u00e1lyt\u201d mott\u00f3val, k\u00f6zel 600 f\u0151nek szervezte meg az Ifj\u00fas\u00e1gpasztor\u00e1ci\u00f3s Iroda.Tapodi Kriszti\u00e1n atya fiatalos, k\u00f6zvetlen, m\u00e9gis m\u00e9ly gondolataival seg\u00edtette tan\u00edt\u00e1s\u00e1ban a r\u00e9sztvev\u0151ket, abban, hogy&hellip; <br \/> <a class=\"read-more\" href=\"https:\/\/ipcszeged.hu\/index.php\/adventfeszt-2025\/\">Read more<\/a><\/p>\n","protected":false},"author":1,"featured_media":0,"parent":0,"menu_order":0,"comment_status":"closed","ping_status":"closed","template":"","meta":{"ngg_post_thumbnail":0,"footnotes":""},"class_list":["post-18597","page","type-page","status-publish","hentry"],"_links":{"self":[{"href":"https:\/\/ipcszeged.hu\/index.php\/wp-json\/wp\/v2\/pages\/18597","targetHints":{"allow":["GET"]}}],"collection":[{"href":"https:\/\/ipcszeged.hu\/index.php\/wp-json\/wp\/v2\/pages"}],"about":[{"href":"https:\/\/ipcszeged.hu\/index.php\/wp-json\/wp\/v2\/types\/page"}],"author":[{"embeddable":true,"href":"https:\/\/ipcszeged.hu\/index.php\/wp-json\/wp\/v2\/users\/1"}],"replies":[{"embeddable":true,"href":"https:\/\/ipcszeged.hu\/index.php\/wp-json\/wp\/v2\/comments?post=18597"}],"version-history":[{"count":5,"href":"https:\/\/ipcszeged.hu\/index.php\/wp-json\/wp\/v2\/pages\/18597\/revisions"}],"predecessor-version":[{"id":18630,"href":"https:\/\/ipcszeged.hu\/index.php\/wp-json\/wp\/v2\/pages\/18597\/revisions\/18630"}],"wp:attachment":[{"href":"https:\/\/ipcszeged.hu\/index.php\/wp-json\/wp\/v2\/media?parent=18597"}],"curies":[{"name":"wp","href":"https:\/\/api.w.org\/{rel}","templated":true}]}}