{"id":18587,"date":"2025-11-24T10:00:17","date_gmt":"2025-11-24T09:00:17","guid":{"rendered":"https:\/\/ipcszeged.hu\/?page_id=18587"},"modified":"2025-11-24T10:00:19","modified_gmt":"2025-11-24T09:00:19","slug":"fiatal-szentekkel-az-oltariszentseg-fele","status":"publish","type":"page","link":"https:\/\/ipcszeged.hu\/index.php\/fiatal-szentekkel-az-oltariszentseg-fele\/","title":{"rendered":"Fiatal szentekkel az Olt\u00e1riszents\u00e9g fel\u00e9"},"content":{"rendered":"<p style=\"text-align: justify;\"><span style=\"font-weight: 400;\">November 15-\u00e9n rendezt\u00fck meg a m\u00f3rahalmi k\u00f6rzet ifj\u00fas\u00e1gi tal\u00e1lkoz\u00f3j\u00e1t (KIT), melynek t\u00e9m\u00e1jak\u00e9nt a k\u00f6zelm\u00faltban szentt\u00e9, illetve boldogg\u00e1 avatott fiatal szentek \u00e9let\u00e9nek \u00e9s az Euchariszti\u00e1hoz val\u00f3 szoros k\u00f6t\u0151d\u00e9s\u00e9nek megismer\u00e9s\u00e9t v\u00e1lasztottuk.<\/span><\/p>\n<p style=\"text-align: justify;\"><span style=\"font-weight: 400;\">Az \u00c1sotthalomr\u00f3l, Domasz\u00e9kr\u0151l, R\u00f6szk\u00e9r\u0151l, Ruzs\u00e1r\u00f3l, Z\u00e1k\u00e1nysz\u00e9kr\u0151l \u00e9s M\u00f3rahalomr\u00f3l \u00e9rkezett, f\u0151leg 7-8. oszt\u00e1lyos di\u00e1kokkal a Szent L\u00e1szl\u00f3 Kir\u00e1ly templomban tal\u00e1lkoztunk, ahol Istv\u00e1n atya k\u00f6sz\u00f6nt\u0151j\u00e9t k\u00f6vet\u0151en r\u00f6vid szents\u00e9gim\u00e1d\u00e1ssal kezdt\u00fck a tal\u00e1lkoz\u00f3t. Az elm\u00e9lked\u00e9sek Szent Carlo Acutis \u00e9s Boldog B\u00f3di M\u00e1ria Magdolna \u00e9let\u00e9b\u0151l id\u00e9zt\u00e9k olyan gondolatokat, amik bemutatt\u00e1k az Olt\u00e1riszents\u00e9g fontoss\u00e1g\u00e1t \u00e9s a J\u00e9zussal val\u00f3 szem\u00e9lyes kapcsolatukat. \u00c9nekekkel \u00e9s git\u00e1rral a domasz\u00e9ki fiatalok k\u00eds\u00e9rt\u00e9k a szents\u00e9gim\u00e1d\u00e1st.<\/span><\/p>\n<p style=\"text-align: justify;\"><span style=\"font-weight: 400;\">A Szent L\u00e1szl\u00f3 Katolikus \u00c1ltal\u00e1nos Iskol\u00e1ba \u00e1tvonulva kisebb csapatokban j\u00e1t\u00e9kos feladatokkal \u00e9s besz\u00e9lget\u0151s \u00e1llom\u00e1sokkal folytat\u00f3dott a k\u00e9t szent megismer\u00e9se. Megtanult\u00e1k a k\u00fcl\u00f6nb\u00f6z\u0151 kereszt-form\u00e1k nev\u00e9t, rollerrel \u00fcgyeskedhettek, r\u00f6vid filmek alapj\u00e1n tot\u00f3t t\u00f6lthettek ki vagy \u00e9ppen meghallgathattak n\u00e9h\u00e1ny eucharisztikus csod\u00e1t. A d\u00e9lel\u0151tt sor\u00e1n megszerzett ismereteket egy \u00f3ri\u00e1s t\u00e1rsasj\u00e1t\u00e9kban mutathatt\u00e1k meg az iskola aul\u00e1j\u00e1ban, majd a legjobb eredm\u00e9nyt el\u00e9r\u0151k megtapsol\u00e1sa ut\u00e1n k\u00f6z\u00f6s pizz\u00e1z\u00e1ssal \u00e9s k\u00f6tetlen besz\u00e9lget\u00e9ssel z\u00e1rult a tal\u00e1lkoz\u00f3.<\/span><\/p>\n<p style=\"text-align: justify;\"><span style=\"font-weight: 400;\">K\u00f6sz\u00f6nj\u00fck minden seg\u00edt\u0151nek (katek\u00e9t\u00e1knak, \u00e9nekeseknek, Istv\u00e1n aty\u00e1nak, az iskol\u00e1nak) a t\u00e1mogat\u00e1st, \u00e9s v\u00e1rjuk a farsangi folytat\u00e1st.<\/span><\/p>\n\n\n<p class=\"has-text-align-right\"><em>Szerz\u0151: M\u00e1rton G\u00e1bor<\/em><\/p>\n\n\n\n<figure class=\"wp-block-gallery has-nested-images columns-default is-cropped wp-block-gallery-1 is-layout-flex wp-block-gallery-is-layout-flex\">\n<figure class=\"wp-block-image size-large\"><img loading=\"lazy\" decoding=\"async\" width=\"2048\" height=\"1152\" data-id=\"18588\" src=\"https:\/\/ipcszeged.hu\/wp-content\/uploads\/2025\/11\/01.jpg\" alt=\"\" class=\"wp-image-18588\" srcset=\"https:\/\/ipcszeged.hu\/wp-content\/uploads\/2025\/11\/01.jpg 2048w, https:\/\/ipcszeged.hu\/wp-content\/uploads\/2025\/11\/01-300x169.jpg 300w, https:\/\/ipcszeged.hu\/wp-content\/uploads\/2025\/11\/01-150x84.jpg 150w, https:\/\/ipcszeged.hu\/wp-content\/uploads\/2025\/11\/01-768x432.jpg 768w, https:\/\/ipcszeged.hu\/wp-content\/uploads\/2025\/11\/01-1536x864.jpg 1536w, https:\/\/ipcszeged.hu\/wp-content\/uploads\/2025\/11\/01-1024x576.jpg 1024w, https:\/\/ipcszeged.hu\/wp-content\/uploads\/2025\/11\/01-1920x1080.jpg 1920w\" sizes=\"auto, (max-width: 2048px) 100vw, 2048px\" \/><\/figure>\n\n\n\n<figure class=\"wp-block-image size-large\"><img loading=\"lazy\" decoding=\"async\" width=\"2048\" height=\"1152\" data-id=\"18589\" src=\"https:\/\/ipcszeged.hu\/wp-content\/uploads\/2025\/11\/04.jpg\" alt=\"\" class=\"wp-image-18589\" srcset=\"https:\/\/ipcszeged.hu\/wp-content\/uploads\/2025\/11\/04.jpg 2048w, https:\/\/ipcszeged.hu\/wp-content\/uploads\/2025\/11\/04-300x169.jpg 300w, https:\/\/ipcszeged.hu\/wp-content\/uploads\/2025\/11\/04-150x84.jpg 150w, https:\/\/ipcszeged.hu\/wp-content\/uploads\/2025\/11\/04-768x432.jpg 768w, https:\/\/ipcszeged.hu\/wp-content\/uploads\/2025\/11\/04-1536x864.jpg 1536w, https:\/\/ipcszeged.hu\/wp-content\/uploads\/2025\/11\/04-1024x576.jpg 1024w, https:\/\/ipcszeged.hu\/wp-content\/uploads\/2025\/11\/04-1920x1080.jpg 1920w\" sizes=\"auto, (max-width: 2048px) 100vw, 2048px\" \/><\/figure>\n\n\n\n<figure class=\"wp-block-image size-large\"><img loading=\"lazy\" decoding=\"async\" width=\"2048\" height=\"1152\" data-id=\"18592\" src=\"https:\/\/ipcszeged.hu\/wp-content\/uploads\/2025\/11\/06.jpg\" alt=\"\" class=\"wp-image-18592\" srcset=\"https:\/\/ipcszeged.hu\/wp-content\/uploads\/2025\/11\/06.jpg 2048w, https:\/\/ipcszeged.hu\/wp-content\/uploads\/2025\/11\/06-300x169.jpg 300w, https:\/\/ipcszeged.hu\/wp-content\/uploads\/2025\/11\/06-150x84.jpg 150w, https:\/\/ipcszeged.hu\/wp-content\/uploads\/2025\/11\/06-768x432.jpg 768w, https:\/\/ipcszeged.hu\/wp-content\/uploads\/2025\/11\/06-1536x864.jpg 1536w, https:\/\/ipcszeged.hu\/wp-content\/uploads\/2025\/11\/06-1024x576.jpg 1024w, https:\/\/ipcszeged.hu\/wp-content\/uploads\/2025\/11\/06-1920x1080.jpg 1920w\" sizes=\"auto, (max-width: 2048px) 100vw, 2048px\" \/><\/figure>\n\n\n\n<figure class=\"wp-block-image size-large\"><img loading=\"lazy\" decoding=\"async\" width=\"2048\" height=\"944\" data-id=\"18593\" src=\"https:\/\/ipcszeged.hu\/wp-content\/uploads\/2025\/11\/10.jpg\" alt=\"\" class=\"wp-image-18593\" srcset=\"https:\/\/ipcszeged.hu\/wp-content\/uploads\/2025\/11\/10.jpg 2048w, https:\/\/ipcszeged.hu\/wp-content\/uploads\/2025\/11\/10-300x138.jpg 300w, https:\/\/ipcszeged.hu\/wp-content\/uploads\/2025\/11\/10-150x69.jpg 150w, https:\/\/ipcszeged.hu\/wp-content\/uploads\/2025\/11\/10-768x354.jpg 768w, https:\/\/ipcszeged.hu\/wp-content\/uploads\/2025\/11\/10-1536x708.jpg 1536w, https:\/\/ipcszeged.hu\/wp-content\/uploads\/2025\/11\/10-1024x472.jpg 1024w, https:\/\/ipcszeged.hu\/wp-content\/uploads\/2025\/11\/10-1920x885.jpg 1920w\" sizes=\"auto, (max-width: 2048px) 100vw, 2048px\" \/><\/figure>\n\n\n\n<figure class=\"wp-block-image size-large\"><img loading=\"lazy\" decoding=\"async\" width=\"2048\" height=\"1152\" data-id=\"18590\" src=\"https:\/\/ipcszeged.hu\/wp-content\/uploads\/2025\/11\/15.jpg\" alt=\"\" class=\"wp-image-18590\" srcset=\"https:\/\/ipcszeged.hu\/wp-content\/uploads\/2025\/11\/15.jpg 2048w, https:\/\/ipcszeged.hu\/wp-content\/uploads\/2025\/11\/15-300x169.jpg 300w, https:\/\/ipcszeged.hu\/wp-content\/uploads\/2025\/11\/15-150x84.jpg 150w, https:\/\/ipcszeged.hu\/wp-content\/uploads\/2025\/11\/15-768x432.jpg 768w, https:\/\/ipcszeged.hu\/wp-content\/uploads\/2025\/11\/15-1536x864.jpg 1536w, https:\/\/ipcszeged.hu\/wp-content\/uploads\/2025\/11\/15-1024x576.jpg 1024w, https:\/\/ipcszeged.hu\/wp-content\/uploads\/2025\/11\/15-1920x1080.jpg 1920w\" sizes=\"auto, (max-width: 2048px) 100vw, 2048px\" \/><\/figure>\n\n\n\n<figure class=\"wp-block-image size-large\"><img loading=\"lazy\" decoding=\"async\" width=\"2048\" height=\"1152\" data-id=\"18591\" src=\"https:\/\/ipcszeged.hu\/wp-content\/uploads\/2025\/11\/30.jpg\" alt=\"\" class=\"wp-image-18591\" srcset=\"https:\/\/ipcszeged.hu\/wp-content\/uploads\/2025\/11\/30.jpg 2048w, https:\/\/ipcszeged.hu\/wp-content\/uploads\/2025\/11\/30-300x169.jpg 300w, https:\/\/ipcszeged.hu\/wp-content\/uploads\/2025\/11\/30-150x84.jpg 150w, https:\/\/ipcszeged.hu\/wp-content\/uploads\/2025\/11\/30-768x432.jpg 768w, https:\/\/ipcszeged.hu\/wp-content\/uploads\/2025\/11\/30-1536x864.jpg 1536w, https:\/\/ipcszeged.hu\/wp-content\/uploads\/2025\/11\/30-1024x576.jpg 1024w, https:\/\/ipcszeged.hu\/wp-content\/uploads\/2025\/11\/30-1920x1080.jpg 1920w\" sizes=\"auto, (max-width: 2048px) 100vw, 2048px\" \/><\/figure>\n<\/figure>\n ","protected":false},"excerpt":{"rendered":"<p>November 15-\u00e9n rendezt\u00fck meg a m\u00f3rahalmi k\u00f6rzet ifj\u00fas\u00e1gi tal\u00e1lkoz\u00f3j\u00e1t (KIT), melynek t\u00e9m\u00e1jak\u00e9nt a k\u00f6zelm\u00faltban szentt\u00e9, illetve boldogg\u00e1 avatott fiatal szentek \u00e9let\u00e9nek \u00e9s az Euchariszti\u00e1hoz val\u00f3 szoros k\u00f6t\u0151d\u00e9s\u00e9nek megismer\u00e9s\u00e9t v\u00e1lasztottuk. Az \u00c1sotthalomr\u00f3l, Domasz\u00e9kr\u0151l, R\u00f6szk\u00e9r\u0151l, Ruzs\u00e1r\u00f3l, Z\u00e1k\u00e1nysz\u00e9kr\u0151l \u00e9s M\u00f3rahalomr\u00f3l \u00e9rkezett, f\u0151leg 7-8. oszt\u00e1lyos di\u00e1kokkal a Szent L\u00e1szl\u00f3 Kir\u00e1ly templomban tal\u00e1lkoztunk, ahol Istv\u00e1n atya k\u00f6sz\u00f6nt\u0151j\u00e9t k\u00f6vet\u0151en r\u00f6vid szents\u00e9gim\u00e1d\u00e1ssal&hellip; <br \/> <a class=\"read-more\" href=\"https:\/\/ipcszeged.hu\/index.php\/fiatal-szentekkel-az-oltariszentseg-fele\/\">Read more<\/a><\/p>\n","protected":false},"author":1,"featured_media":0,"parent":0,"menu_order":0,"comment_status":"closed","ping_status":"closed","template":"","meta":{"ngg_post_thumbnail":0,"footnotes":""},"class_list":["post-18587","page","type-page","status-publish","hentry"],"_links":{"self":[{"href":"https:\/\/ipcszeged.hu\/index.php\/wp-json\/wp\/v2\/pages\/18587","targetHints":{"allow":["GET"]}}],"collection":[{"href":"https:\/\/ipcszeged.hu\/index.php\/wp-json\/wp\/v2\/pages"}],"about":[{"href":"https:\/\/ipcszeged.hu\/index.php\/wp-json\/wp\/v2\/types\/page"}],"author":[{"embeddable":true,"href":"https:\/\/ipcszeged.hu\/index.php\/wp-json\/wp\/v2\/users\/1"}],"replies":[{"embeddable":true,"href":"https:\/\/ipcszeged.hu\/index.php\/wp-json\/wp\/v2\/comments?post=18587"}],"version-history":[{"count":1,"href":"https:\/\/ipcszeged.hu\/index.php\/wp-json\/wp\/v2\/pages\/18587\/revisions"}],"predecessor-version":[{"id":18594,"href":"https:\/\/ipcszeged.hu\/index.php\/wp-json\/wp\/v2\/pages\/18587\/revisions\/18594"}],"wp:attachment":[{"href":"https:\/\/ipcszeged.hu\/index.php\/wp-json\/wp\/v2\/media?parent=18587"}],"curies":[{"name":"wp","href":"https:\/\/api.w.org\/{rel}","templated":true}]}}