{"id":18514,"date":"2025-08-28T12:21:03","date_gmt":"2025-08-28T11:21:03","guid":{"rendered":"https:\/\/ipcszeged.hu\/?page_id=18514"},"modified":"2025-08-28T13:53:51","modified_gmt":"2025-08-28T12:53:51","slug":"szent-gellert-ifjusagi-talalkozo-2025-regisztracio","status":"publish","type":"page","link":"https:\/\/ipcszeged.hu\/index.php\/szent-gellert-ifjusagi-talalkozo-2025-regisztracio\/","title":{"rendered":"Szent Gell\u00e9rt Ifj\u00fas\u00e1gi Tal\u00e1lkoz\u00f3 2025 Regisztr\u00e1ci\u00f3"},"content":{"rendered":"<div class=\"wp-block-image\">\n<figure class=\"aligncenter size-large is-resized\"><img loading=\"lazy\" decoding=\"async\" width=\"2209\" height=\"3072\" src=\"https:\/\/ipcszeged.hu\/wp-content\/uploads\/2025\/08\/gellert-talalkozo-ok-a2-2-1-2209x3072.png\" alt=\"\" class=\"wp-image-18492\" style=\"width:401px;height:auto\" srcset=\"https:\/\/ipcszeged.hu\/wp-content\/uploads\/2025\/08\/gellert-talalkozo-ok-a2-2-1-2209x3072.png 2209w, https:\/\/ipcszeged.hu\/wp-content\/uploads\/2025\/08\/gellert-talalkozo-ok-a2-2-1-216x300.png 216w, https:\/\/ipcszeged.hu\/wp-content\/uploads\/2025\/08\/gellert-talalkozo-ok-a2-2-1-108x150.png 108w, https:\/\/ipcszeged.hu\/wp-content\/uploads\/2025\/08\/gellert-talalkozo-ok-a2-2-1-768x1068.png 768w, https:\/\/ipcszeged.hu\/wp-content\/uploads\/2025\/08\/gellert-talalkozo-ok-a2-2-1-1104x1536.png 1104w, https:\/\/ipcszeged.hu\/wp-content\/uploads\/2025\/08\/gellert-talalkozo-ok-a2-2-1-1472x2048.png 1472w, https:\/\/ipcszeged.hu\/wp-content\/uploads\/2025\/08\/gellert-talalkozo-ok-a2-2-1-1024x1424.png 1024w, https:\/\/ipcszeged.hu\/wp-content\/uploads\/2025\/08\/gellert-talalkozo-ok-a2-2-1-776x1080.png 776w, https:\/\/ipcszeged.hu\/wp-content\/uploads\/2025\/08\/gellert-talalkozo-ok-a2-2-1-scaled.png 1840w\" sizes=\"auto, (max-width: 2209px) 100vw, 2209px\" \/><\/figure>\n<\/div>\n\n<p>\n\n\n<\/p>\n<p style=\"text-align: justify;\">Egyre k\u00f6zelebb ker\u00fcl\u00fcnk ahhoz az \u00fcnnepi pillanathoz, amikor 2030-ban kijelenthetj\u00fck, hogy <em>Egyh\u00e1zmegy\u00e9nk el\u00e9rkezik alap\u00edt\u00e1s\u00e1nak 1000. \u00e9vfordul\u00f3j\u00e1hoz<\/em>. <br>A m\u00e9lt\u00f3 \u00fcnnepl\u00e9shez, ez alkalommal egyh\u00e1zmegyek\u00f6zi tal\u00e1lkoz\u00f3ra h\u00edvjuk a Temesv\u00e1ri, a Szeged-Csan\u00e1di \u00e9s a Nagybecskereki egyh\u00e1zmegye 13 \u00e9s 18 \u00e9ves fiataljait, melyre&nbsp;<strong>2025. szeptember 20-\u00e1n<\/strong>&nbsp;ker\u00fcl sor,&nbsp;egy k\u00fcl\u00f6nleges helysz\u00ednen&nbsp;<strong>\u0150scsan\u00e1don<\/strong>&nbsp;(Cenad &#8211; RO).<\/p>\n<p style=\"text-align: justify;\">\n\n\n\n<\/p>\n<p style=\"text-align: justify;\">A tal\u00e1lkoz\u00f3n az Egyh\u00e1zmegy\u00e9b\u0151l 4 busszal tervez\u00fcnk r\u00e9szt venni, az egyh\u00e1zmegye t\u00f6bb pontj\u00e1r\u00f3l indulva. Szeretn\u00e9nk, ha a tal\u00e1lkoz\u00f3 h\u00edre rajtatok kereszt\u00fcl min\u00e9l t\u00f6bb 14-18 \u00e9v k\u00f6z\u00f6tti (8.-12. oszt\u00e1ly) fiatalhoz eljutna \u00e9s szem\u00e9lyesen h\u00edvn\u00e1tok meg \u0151ket. &nbsp;<\/p>\n<p style=\"text-align: justify;\">\n\n\n<p>A buszos utaz\u00e1st<span style=\"color: #ff0000;\"> <strong>2025. szeptember 15-ig<\/strong><\/span> regisztr\u00e1ltak sz\u00e1m\u00e1ra az egyh\u00e1zmegye d\u00edjmentesen biztos\u00edtja.<\/p>\n\n<p>Regisztr\u00e1lni&nbsp; a <a href=\"https:\/\/forms.gle\/jzxpePzctgpZpxMe8\">Regisztr\u00e1lok a Szent Gell\u00e9rt Ifj\u00fas\u00e1gi Tal\u00e1lkoz\u00f3ra<\/a> linkre kattintva lehet.<\/p>\n\n<\/p>\n<p>A <strong>csoportos t\u00e1bl\u00e1zatot<\/strong> a regisztr\u00e1ci\u00f3hoz itt \u00e9red el!<\/p>\n\n\n<div class=\"wp-block-file\"><a id=\"wp-block-file--media-89948b3b-5aaf-4aee-92b2-91c9b6ced79f\" href=\"https:\/\/ipcszeged.hu\/wp-content\/uploads\/2025\/08\/csoportos-regisztracios-tablazat-1.xlsx\">csoportos regisztr\u00e1ci\u00f3s t\u00e1bl\u00e1zat<\/a><a href=\"https:\/\/ipcszeged.hu\/wp-content\/uploads\/2025\/08\/csoportos-regisztracios-tablazat-1.xlsx\" class=\"wp-block-file__button wp-element-button\" download aria-describedby=\"wp-block-file--media-89948b3b-5aaf-4aee-92b2-91c9b6ced79f\">Let\u00f6lt\u00e9s<\/a><\/div>\n\n\n\n<p><\/p>\n ","protected":false},"excerpt":{"rendered":"<p>Egyre k\u00f6zelebb ker\u00fcl\u00fcnk ahhoz az \u00fcnnepi pillanathoz, amikor 2030-ban kijelenthetj\u00fck, hogy Egyh\u00e1zmegy\u00e9nk el\u00e9rkezik alap\u00edt\u00e1s\u00e1nak 1000. \u00e9vfordul\u00f3j\u00e1hoz. A m\u00e9lt\u00f3 \u00fcnnepl\u00e9shez, ez alkalommal egyh\u00e1zmegyek\u00f6zi tal\u00e1lkoz\u00f3ra h\u00edvjuk a Temesv\u00e1ri, a Szeged-Csan\u00e1di \u00e9s a Nagybecskereki egyh\u00e1zmegye 13 \u00e9s 18 \u00e9ves fiataljait, melyre&nbsp;2025. szeptember 20-\u00e1n&nbsp;ker\u00fcl sor,&nbsp;egy k\u00fcl\u00f6nleges helysz\u00ednen&nbsp;\u0150scsan\u00e1don&nbsp;(Cenad &#8211; RO). A tal\u00e1lkoz\u00f3n az Egyh\u00e1zmegy\u00e9b\u0151l 4 busszal tervez\u00fcnk r\u00e9szt venni, az&hellip; <br \/> <a class=\"read-more\" href=\"https:\/\/ipcszeged.hu\/index.php\/szent-gellert-ifjusagi-talalkozo-2025-regisztracio\/\">Read more<\/a><\/p>\n","protected":false},"author":1,"featured_media":0,"parent":0,"menu_order":0,"comment_status":"closed","ping_status":"closed","template":"","meta":{"ngg_post_thumbnail":0,"footnotes":""},"class_list":["post-18514","page","type-page","status-publish","hentry"],"_links":{"self":[{"href":"https:\/\/ipcszeged.hu\/index.php\/wp-json\/wp\/v2\/pages\/18514","targetHints":{"allow":["GET"]}}],"collection":[{"href":"https:\/\/ipcszeged.hu\/index.php\/wp-json\/wp\/v2\/pages"}],"about":[{"href":"https:\/\/ipcszeged.hu\/index.php\/wp-json\/wp\/v2\/types\/page"}],"author":[{"embeddable":true,"href":"https:\/\/ipcszeged.hu\/index.php\/wp-json\/wp\/v2\/users\/1"}],"replies":[{"embeddable":true,"href":"https:\/\/ipcszeged.hu\/index.php\/wp-json\/wp\/v2\/comments?post=18514"}],"version-history":[{"count":7,"href":"https:\/\/ipcszeged.hu\/index.php\/wp-json\/wp\/v2\/pages\/18514\/revisions"}],"predecessor-version":[{"id":18539,"href":"https:\/\/ipcszeged.hu\/index.php\/wp-json\/wp\/v2\/pages\/18514\/revisions\/18539"}],"wp:attachment":[{"href":"https:\/\/ipcszeged.hu\/index.php\/wp-json\/wp\/v2\/media?parent=18514"}],"curies":[{"name":"wp","href":"https:\/\/api.w.org\/{rel}","templated":true}]}}