{"id":18496,"date":"2025-08-28T11:39:37","date_gmt":"2025-08-28T10:39:37","guid":{"rendered":"https:\/\/ipcszeged.hu\/?page_id=18496"},"modified":"2025-08-28T13:49:39","modified_gmt":"2025-08-28T12:49:39","slug":"szent-gellert-ifjusagi-talalkozo-program","status":"publish","type":"page","link":"https:\/\/ipcszeged.hu\/index.php\/szent-gellert-ifjusagi-talalkozo-program\/","title":{"rendered":"Szent Gell\u00e9rt Ifj\u00fas\u00e1gi Tal\u00e1lkoz\u00f3 2025 &#8211; Program"},"content":{"rendered":"\n<p><strong>Programterv<\/strong><\/p>\n\n\n\n<ul class=\"wp-block-list\">\n<li>9:30 zar\u00e1ndoklat a telep\u00fcl\u00e9s t\u00e1bl\u00e1t\u00f3l a templomig.<\/li>\n\n\n\n<li>11:00 \u00e9rkez\u00e9s a templomhoz \u00e9s k\u00f6sz\u00f6nt\u00e9s<\/li>\n\n\n\n<li>12:30 dics\u0151\u00edt\u00e9s \u00e9s r\u00e1hangol\u00f3d\u00e1s<ul><li>katek\u00e9zis<\/li><\/ul>\n<ul class=\"wp-block-list\">\n<li>tan\u00fas\u00e1gt\u00e9telek<\/li>\n<\/ul>\n<\/li>\n\n\n\n<li>14:00 eb\u00e9d (a r\u00e9sztvev\u0151k eb\u00e9det kapnak a helysz\u00ednen)<\/li>\n\n\n\n<li>14:30 mozg\u00e1sos blokk<\/li>\n\n\n\n<li>15:00 elcsendesed\u00e9s \u00e9s szents\u00e9gim\u00e1d\u00e1s\n<ul class=\"wp-block-list\">\n<li>gy\u00f3n\u00e1si lehet\u0151s\u00e9g lesz 14:00-t\u00f3l<\/li>\n<\/ul>\n<\/li>\n\n\n\n<li>15:30 szentmise<\/li>\n\n\n\n<li>17:00 z\u00e1r\u00e1s<\/li>\n<\/ul>\n ","protected":false},"excerpt":{"rendered":"<p>Programterv<\/p>\n","protected":false},"author":1,"featured_media":0,"parent":0,"menu_order":0,"comment_status":"closed","ping_status":"closed","template":"","meta":{"ngg_post_thumbnail":0,"footnotes":""},"class_list":["post-18496","page","type-page","status-publish","hentry"],"_links":{"self":[{"href":"https:\/\/ipcszeged.hu\/index.php\/wp-json\/wp\/v2\/pages\/18496","targetHints":{"allow":["GET"]}}],"collection":[{"href":"https:\/\/ipcszeged.hu\/index.php\/wp-json\/wp\/v2\/pages"}],"about":[{"href":"https:\/\/ipcszeged.hu\/index.php\/wp-json\/wp\/v2\/types\/page"}],"author":[{"embeddable":true,"href":"https:\/\/ipcszeged.hu\/index.php\/wp-json\/wp\/v2\/users\/1"}],"replies":[{"embeddable":true,"href":"https:\/\/ipcszeged.hu\/index.php\/wp-json\/wp\/v2\/comments?post=18496"}],"version-history":[{"count":4,"href":"https:\/\/ipcszeged.hu\/index.php\/wp-json\/wp\/v2\/pages\/18496\/revisions"}],"predecessor-version":[{"id":18535,"href":"https:\/\/ipcszeged.hu\/index.php\/wp-json\/wp\/v2\/pages\/18496\/revisions\/18535"}],"wp:attachment":[{"href":"https:\/\/ipcszeged.hu\/index.php\/wp-json\/wp\/v2\/media?parent=18496"}],"curies":[{"name":"wp","href":"https:\/\/api.w.org\/{rel}","templated":true}]}}