{"id":18465,"date":"2025-04-28T11:32:46","date_gmt":"2025-04-28T10:32:46","guid":{"rendered":"https:\/\/ipcszeged.hu\/?page_id=18465"},"modified":"2025-08-14T09:45:46","modified_gmt":"2025-08-14T08:45:46","slug":"2025-remeny-zarandokai","status":"publish","type":"page","link":"https:\/\/ipcszeged.hu\/index.php\/2025-remeny-zarandokai\/","title":{"rendered":"2025 Rem\u00e9ny Zar\u00e1ndokai"},"content":{"rendered":"\n<p>XXII. alkalommal rendezt\u00fck meg az Egyh\u00e1zmegyei Ny\u00e1ri T\u00e1bort Domasz\u00e9k-Z\u00f6ldf\u00e1son, j\u00falius els\u0151 het\u00e9ben. A t\u00e1bor mott\u00f3ja az idei Szent\u00e9vhez kapcsol\u00f3dva a \u201eRem\u00e9ny Zar\u00e1ndokai\u201d volt. A t\u00e1borban \u00f6tven 13-18 \u00e9v k\u00f6z\u00f6tti fiatal \u00e9s tizenh\u00e9t \u00f6nk\u00e9ntes vett r\u00e9szt, akik az 5 Szent Kapu szimb\u00f3lumain kereszt\u00fcl m\u00e9ly\u00edthett\u00e9k el hit\u00fcket Krisztusban, \u00e9s ker\u00fclhettek k\u00f6zelebb Istenhez.<br>Az el\u0151ad\u00e1sokon k\u00edv\u00fcl a csoportvezet\u0151inkkel egy\u00fctt rengeteg m\u00e1s izgalmas programmal is k\u00e9sz\u00fclt\u00fcnk a fiatalok sz\u00e1m\u00e1ra: sportversenyekkel, zar\u00e1ndoklattal, strandol\u00e1ssal, k\u00f6z\u00f6s k\u00e9zm\u0171vesked\u00e9ssel, valamint lelki programokkal: szents\u00e9gim\u00e1d\u00e1ssal, szentmis\u00e9vel, lelki percekkel, \u00e9s egy \u00faj programelemmel a papcornnal, amely keretein bel\u00fcl a t\u00e1boroz\u00f3k szabadon k\u00e9rdezhettek papokt\u00f3l.<br>H\u00e1l\u00e1sak vagyunk Istennek, hogy b\u0151s\u00e9gesen meg\u00e1ldott mindannyiunkat az idei t\u00e1borban.<\/p>\n\n\n\n<p><br><\/p>\n\n\n<div class=\"wp-block-image\">\n<figure class=\"aligncenter size-full is-resized\"><img loading=\"lazy\" decoding=\"async\" width=\"1754\" height=\"2480\" src=\"https:\/\/ipcszeged.hu\/wp-content\/uploads\/2025\/04\/nyari-tabor2025.jpg\" alt=\"\" class=\"wp-image-18460\" style=\"width:470px;height:auto\" srcset=\"https:\/\/ipcszeged.hu\/wp-content\/uploads\/2025\/04\/nyari-tabor2025.jpg 1754w, https:\/\/ipcszeged.hu\/wp-content\/uploads\/2025\/04\/nyari-tabor2025-212x300.jpg 212w, https:\/\/ipcszeged.hu\/wp-content\/uploads\/2025\/04\/nyari-tabor2025-106x150.jpg 106w, https:\/\/ipcszeged.hu\/wp-content\/uploads\/2025\/04\/nyari-tabor2025-768x1086.jpg 768w, https:\/\/ipcszeged.hu\/wp-content\/uploads\/2025\/04\/nyari-tabor2025-1086x1536.jpg 1086w, https:\/\/ipcszeged.hu\/wp-content\/uploads\/2025\/04\/nyari-tabor2025-1448x2048.jpg 1448w, https:\/\/ipcszeged.hu\/wp-content\/uploads\/2025\/04\/nyari-tabor2025-1024x1448.jpg 1024w, https:\/\/ipcszeged.hu\/wp-content\/uploads\/2025\/04\/nyari-tabor2025-764x1080.jpg 764w\" sizes=\"auto, (max-width: 1754px) 100vw, 1754px\" \/><\/figure>\n<\/div>\n\n\n<figure class=\"wp-block-gallery has-nested-images columns-default is-cropped wp-block-gallery-1 is-layout-flex wp-block-gallery-is-layout-flex\">\n<figure class=\"wp-block-image size-large is-style-default\"><img loading=\"lazy\" decoding=\"async\" width=\"4096\" height=\"2731\" data-id=\"18484\" src=\"https:\/\/ipcszeged.hu\/wp-content\/uploads\/2025\/08\/R6M28126-4096x2731.jpg\" alt=\"\" class=\"wp-image-18484\" srcset=\"https:\/\/ipcszeged.hu\/wp-content\/uploads\/2025\/08\/R6M28126-4096x2731.jpg 4096w, https:\/\/ipcszeged.hu\/wp-content\/uploads\/2025\/08\/R6M28126-300x200.jpg 300w, https:\/\/ipcszeged.hu\/wp-content\/uploads\/2025\/08\/R6M28126-150x100.jpg 150w, https:\/\/ipcszeged.hu\/wp-content\/uploads\/2025\/08\/R6M28126-768x512.jpg 768w, https:\/\/ipcszeged.hu\/wp-content\/uploads\/2025\/08\/R6M28126-1536x1024.jpg 1536w, https:\/\/ipcszeged.hu\/wp-content\/uploads\/2025\/08\/R6M28126-2048x1365.jpg 2048w, https:\/\/ipcszeged.hu\/wp-content\/uploads\/2025\/08\/R6M28126-1024x683.jpg 1024w, https:\/\/ipcszeged.hu\/wp-content\/uploads\/2025\/08\/R6M28126-1620x1080.jpg 1620w\" sizes=\"auto, (max-width: 4096px) 100vw, 4096px\" \/><\/figure>\n\n\n\n<figure class=\"wp-block-image size-large\"><img loading=\"lazy\" decoding=\"async\" width=\"4096\" height=\"2731\" data-id=\"18486\" src=\"https:\/\/ipcszeged.hu\/wp-content\/uploads\/2025\/08\/R6M28500-4096x2731.jpg\" alt=\"\" class=\"wp-image-18486\" srcset=\"https:\/\/ipcszeged.hu\/wp-content\/uploads\/2025\/08\/R6M28500-4096x2731.jpg 4096w, https:\/\/ipcszeged.hu\/wp-content\/uploads\/2025\/08\/R6M28500-300x200.jpg 300w, https:\/\/ipcszeged.hu\/wp-content\/uploads\/2025\/08\/R6M28500-150x100.jpg 150w, https:\/\/ipcszeged.hu\/wp-content\/uploads\/2025\/08\/R6M28500-768x512.jpg 768w, https:\/\/ipcszeged.hu\/wp-content\/uploads\/2025\/08\/R6M28500-1536x1024.jpg 1536w, https:\/\/ipcszeged.hu\/wp-content\/uploads\/2025\/08\/R6M28500-2048x1365.jpg 2048w, https:\/\/ipcszeged.hu\/wp-content\/uploads\/2025\/08\/R6M28500-1024x683.jpg 1024w, https:\/\/ipcszeged.hu\/wp-content\/uploads\/2025\/08\/R6M28500-1620x1080.jpg 1620w\" sizes=\"auto, (max-width: 4096px) 100vw, 4096px\" \/><\/figure>\n\n\n\n<figure class=\"wp-block-image size-large\"><img loading=\"lazy\" decoding=\"async\" width=\"4096\" height=\"2731\" data-id=\"18483\" src=\"https:\/\/ipcszeged.hu\/wp-content\/uploads\/2025\/08\/R6M28842-4096x2731.jpg\" alt=\"\" class=\"wp-image-18483\" srcset=\"https:\/\/ipcszeged.hu\/wp-content\/uploads\/2025\/08\/R6M28842-4096x2731.jpg 4096w, https:\/\/ipcszeged.hu\/wp-content\/uploads\/2025\/08\/R6M28842-300x200.jpg 300w, https:\/\/ipcszeged.hu\/wp-content\/uploads\/2025\/08\/R6M28842-150x100.jpg 150w, https:\/\/ipcszeged.hu\/wp-content\/uploads\/2025\/08\/R6M28842-768x512.jpg 768w, https:\/\/ipcszeged.hu\/wp-content\/uploads\/2025\/08\/R6M28842-1536x1024.jpg 1536w, https:\/\/ipcszeged.hu\/wp-content\/uploads\/2025\/08\/R6M28842-2048x1365.jpg 2048w, https:\/\/ipcszeged.hu\/wp-content\/uploads\/2025\/08\/R6M28842-1024x683.jpg 1024w, https:\/\/ipcszeged.hu\/wp-content\/uploads\/2025\/08\/R6M28842-1620x1080.jpg 1620w\" sizes=\"auto, (max-width: 4096px) 100vw, 4096px\" \/><\/figure>\n\n\n\n<figure class=\"wp-block-image size-large\"><img loading=\"lazy\" decoding=\"async\" width=\"4096\" height=\"2731\" data-id=\"18487\" src=\"https:\/\/ipcszeged.hu\/wp-content\/uploads\/2025\/08\/R6M28447-4096x2731.jpg\" alt=\"\" class=\"wp-image-18487\" srcset=\"https:\/\/ipcszeged.hu\/wp-content\/uploads\/2025\/08\/R6M28447-4096x2731.jpg 4096w, https:\/\/ipcszeged.hu\/wp-content\/uploads\/2025\/08\/R6M28447-300x200.jpg 300w, https:\/\/ipcszeged.hu\/wp-content\/uploads\/2025\/08\/R6M28447-150x100.jpg 150w, https:\/\/ipcszeged.hu\/wp-content\/uploads\/2025\/08\/R6M28447-768x512.jpg 768w, https:\/\/ipcszeged.hu\/wp-content\/uploads\/2025\/08\/R6M28447-1536x1024.jpg 1536w, https:\/\/ipcszeged.hu\/wp-content\/uploads\/2025\/08\/R6M28447-2048x1365.jpg 2048w, https:\/\/ipcszeged.hu\/wp-content\/uploads\/2025\/08\/R6M28447-1024x683.jpg 1024w, https:\/\/ipcszeged.hu\/wp-content\/uploads\/2025\/08\/R6M28447-1620x1080.jpg 1620w\" sizes=\"auto, (max-width: 4096px) 100vw, 4096px\" \/><\/figure>\n\n\n\n<figure class=\"wp-block-image size-large\"><img loading=\"lazy\" decoding=\"async\" width=\"4096\" height=\"2730\" data-id=\"18488\" src=\"https:\/\/ipcszeged.hu\/wp-content\/uploads\/2025\/08\/R6M28200-4096x2730.jpg\" alt=\"\" class=\"wp-image-18488\" srcset=\"https:\/\/ipcszeged.hu\/wp-content\/uploads\/2025\/08\/R6M28200-4096x2730.jpg 4096w, https:\/\/ipcszeged.hu\/wp-content\/uploads\/2025\/08\/R6M28200-300x200.jpg 300w, https:\/\/ipcszeged.hu\/wp-content\/uploads\/2025\/08\/R6M28200-150x100.jpg 150w, https:\/\/ipcszeged.hu\/wp-content\/uploads\/2025\/08\/R6M28200-768x512.jpg 768w, https:\/\/ipcszeged.hu\/wp-content\/uploads\/2025\/08\/R6M28200-1536x1024.jpg 1536w, https:\/\/ipcszeged.hu\/wp-content\/uploads\/2025\/08\/R6M28200-2048x1365.jpg 2048w, https:\/\/ipcszeged.hu\/wp-content\/uploads\/2025\/08\/R6M28200-1024x683.jpg 1024w, https:\/\/ipcszeged.hu\/wp-content\/uploads\/2025\/08\/R6M28200-1620x1080.jpg 1620w\" sizes=\"auto, (max-width: 4096px) 100vw, 4096px\" \/><\/figure>\n\n\n\n<figure class=\"wp-block-image size-large\"><img loading=\"lazy\" decoding=\"async\" width=\"4096\" height=\"2731\" data-id=\"18485\" src=\"https:\/\/ipcszeged.hu\/wp-content\/uploads\/2025\/08\/R6M27932-4096x2731.jpg\" alt=\"\" class=\"wp-image-18485\" srcset=\"https:\/\/ipcszeged.hu\/wp-content\/uploads\/2025\/08\/R6M27932-4096x2731.jpg 4096w, https:\/\/ipcszeged.hu\/wp-content\/uploads\/2025\/08\/R6M27932-300x200.jpg 300w, https:\/\/ipcszeged.hu\/wp-content\/uploads\/2025\/08\/R6M27932-150x100.jpg 150w, https:\/\/ipcszeged.hu\/wp-content\/uploads\/2025\/08\/R6M27932-768x512.jpg 768w, https:\/\/ipcszeged.hu\/wp-content\/uploads\/2025\/08\/R6M27932-1536x1024.jpg 1536w, https:\/\/ipcszeged.hu\/wp-content\/uploads\/2025\/08\/R6M27932-2048x1365.jpg 2048w, https:\/\/ipcszeged.hu\/wp-content\/uploads\/2025\/08\/R6M27932-1024x683.jpg 1024w, https:\/\/ipcszeged.hu\/wp-content\/uploads\/2025\/08\/R6M27932-1620x1080.jpg 1620w\" sizes=\"auto, (max-width: 4096px) 100vw, 4096px\" \/><\/figure>\n<\/figure>\n\n\n\n<figure class=\"wp-block-gallery has-nested-images columns-default is-cropped wp-block-gallery-2 is-layout-flex wp-block-gallery-is-layout-flex\"><\/figure>\n ","protected":false},"excerpt":{"rendered":"<p>XXII. alkalommal rendezt\u00fck meg az Egyh\u00e1zmegyei Ny\u00e1ri T\u00e1bort Domasz\u00e9k-Z\u00f6ldf\u00e1son, j\u00falius els\u0151 het\u00e9ben. A t\u00e1bor mott\u00f3ja az idei Szent\u00e9vhez kapcsol\u00f3dva a \u201eRem\u00e9ny Zar\u00e1ndokai\u201d volt. A t\u00e1borban \u00f6tven 13-18 \u00e9v k\u00f6z\u00f6tti fiatal \u00e9s tizenh\u00e9t \u00f6nk\u00e9ntes vett r\u00e9szt, akik az 5 Szent Kapu szimb\u00f3lumain kereszt\u00fcl m\u00e9ly\u00edthett\u00e9k el hit\u00fcket Krisztusban, \u00e9s ker\u00fclhettek k\u00f6zelebb Istenhez.Az el\u0151ad\u00e1sokon k\u00edv\u00fcl a csoportvezet\u0151inkkel egy\u00fctt&hellip; <br \/> <a class=\"read-more\" href=\"https:\/\/ipcszeged.hu\/index.php\/2025-remeny-zarandokai\/\">Read more<\/a><\/p>\n","protected":false},"author":1,"featured_media":0,"parent":0,"menu_order":0,"comment_status":"closed","ping_status":"closed","template":"","meta":{"ngg_post_thumbnail":0,"footnotes":""},"class_list":["post-18465","page","type-page","status-publish","hentry"],"_links":{"self":[{"href":"https:\/\/ipcszeged.hu\/index.php\/wp-json\/wp\/v2\/pages\/18465","targetHints":{"allow":["GET"]}}],"collection":[{"href":"https:\/\/ipcszeged.hu\/index.php\/wp-json\/wp\/v2\/pages"}],"about":[{"href":"https:\/\/ipcszeged.hu\/index.php\/wp-json\/wp\/v2\/types\/page"}],"author":[{"embeddable":true,"href":"https:\/\/ipcszeged.hu\/index.php\/wp-json\/wp\/v2\/users\/1"}],"replies":[{"embeddable":true,"href":"https:\/\/ipcszeged.hu\/index.php\/wp-json\/wp\/v2\/comments?post=18465"}],"version-history":[{"count":10,"href":"https:\/\/ipcszeged.hu\/index.php\/wp-json\/wp\/v2\/pages\/18465\/revisions"}],"predecessor-version":[{"id":18489,"href":"https:\/\/ipcszeged.hu\/index.php\/wp-json\/wp\/v2\/pages\/18465\/revisions\/18489"}],"wp:attachment":[{"href":"https:\/\/ipcszeged.hu\/index.php\/wp-json\/wp\/v2\/media?parent=18465"}],"curies":[{"name":"wp","href":"https:\/\/api.w.org\/{rel}","templated":true}]}}