{"id":18432,"date":"2024-12-17T12:47:29","date_gmt":"2024-12-17T11:47:29","guid":{"rendered":"https:\/\/ipcszeged.hu\/?page_id=18432"},"modified":"2024-12-17T13:08:41","modified_gmt":"2024-12-17T12:08:41","slug":"gyere-te-is-az-egyhazmegyei-nyari-taborba","status":"publish","type":"page","link":"https:\/\/ipcszeged.hu\/index.php\/gyere-te-is-az-egyhazmegyei-nyari-taborba\/","title":{"rendered":"Gyere Te is az Egyh\u00e1zmegyei Ny\u00e1ri T\u00e1borba!"},"content":{"rendered":"<div class=\"wp-block-image\">\n<figure class=\"aligncenter size-full is-resized\"><img loading=\"lazy\" decoding=\"async\" width=\"1587\" height=\"2245\" src=\"https:\/\/ipcszeged.hu\/wp-content\/uploads\/2024\/12\/Egyhazmegyei-Nyari-Tabor-plakat.jpg\" alt=\"\" class=\"wp-image-18424\" style=\"width:414px;height:auto\" srcset=\"https:\/\/ipcszeged.hu\/wp-content\/uploads\/2024\/12\/Egyhazmegyei-Nyari-Tabor-plakat.jpg 1587w, https:\/\/ipcszeged.hu\/wp-content\/uploads\/2024\/12\/Egyhazmegyei-Nyari-Tabor-plakat-212x300.jpg 212w, https:\/\/ipcszeged.hu\/wp-content\/uploads\/2024\/12\/Egyhazmegyei-Nyari-Tabor-plakat-106x150.jpg 106w, https:\/\/ipcszeged.hu\/wp-content\/uploads\/2024\/12\/Egyhazmegyei-Nyari-Tabor-plakat-768x1086.jpg 768w, https:\/\/ipcszeged.hu\/wp-content\/uploads\/2024\/12\/Egyhazmegyei-Nyari-Tabor-plakat-1086x1536.jpg 1086w, https:\/\/ipcszeged.hu\/wp-content\/uploads\/2024\/12\/Egyhazmegyei-Nyari-Tabor-plakat-1448x2048.jpg 1448w, https:\/\/ipcszeged.hu\/wp-content\/uploads\/2024\/12\/Egyhazmegyei-Nyari-Tabor-plakat-1024x1449.jpg 1024w, https:\/\/ipcszeged.hu\/wp-content\/uploads\/2024\/12\/Egyhazmegyei-Nyari-Tabor-plakat-763x1080.jpg 763w\" sizes=\"auto, (max-width: 1587px) 100vw, 1587px\" \/><\/figure>\n<\/div>\n\n<p>&nbsp;<\/p>\n<p>&nbsp;<\/p>\n<p>Az idei \u00e9vben ism\u00e9t megrendez\u00e9sre ker\u00fcl a <b>XXI. Egyh\u00e1zmegyei Ifj\u00fas\u00e1gi Ny\u00e1ri T\u00e1bor.<\/b><br>H\u00e9t \u00e9lm\u00e9nyekkel teli napot t\u00f6lthetsz el <b>Domasz\u00e9k-Z\u00f6ldf\u00e1son 2024. j\u00falius 1-7<\/b>&nbsp;k\u00f6z\u00f6tt.<br>Az idei \u00e9v mott\u00f3ja:&nbsp;<b>,,K\u00f6vess engem!&#8221;<\/b><br>Szeretn\u00e9nk, hogy a&nbsp; megismerkedj az \u00faton lev\u00e9s t\u00e9m\u00e1j\u00e1val. Milyen az,&nbsp; ha csak ketten vagytok J\u00e9zussal? Ugyanakkor ezen az \u00faton a v\u00e9gs\u0151 c\u00e9l fel\u00e9 nem is vagy egyed\u00fcl. <br>Ebben a t\u00e1borban megtapasztalhatod, hogy mennyi kereszt\u00e9ny is van a nagyvil\u00e1gban. Lehet\u0151s\u00e9ged lesz megismerkedni k\u00fcl\u00f6nb\u00f6z\u0151 kult\u00far\u00e1kkal, j\u00e1tszani, nevetni \u00e9s im\u00e1dkozni.<\/p>\n<div>\n<div>Ha Te is <strong>13 \u00e9s 18 \u00e9v k\u00f6z\u00f6tti<\/strong> vagy, ott a helyed a t\u00e1borban!\n<p>Jelentkezni az al\u00e1bbi link seg\u00edts\u00e9g\u00e9vel tudsz:&nbsp;<\/p>\n<\/div>\n<\/div>\n\n\n<p><a href=\"https:\/\/forms.gle\/6CYDAUABLRgz8juCA\">https:\/\/forms.gle\/6CYDAUABLRgz8juCA<\/a><\/p>\n ","protected":false},"excerpt":{"rendered":"<p>&nbsp; &nbsp; Az idei \u00e9vben ism\u00e9t megrendez\u00e9sre ker\u00fcl a XXI. Egyh\u00e1zmegyei Ifj\u00fas\u00e1gi Ny\u00e1ri T\u00e1bor.H\u00e9t \u00e9lm\u00e9nyekkel teli napot t\u00f6lthetsz el Domasz\u00e9k-Z\u00f6ldf\u00e1son 2024. j\u00falius 1-7&nbsp;k\u00f6z\u00f6tt.Az idei \u00e9v mott\u00f3ja:&nbsp;,,K\u00f6vess engem!&#8221;Szeretn\u00e9nk, hogy a&nbsp; megismerkedj az \u00faton lev\u00e9s t\u00e9m\u00e1j\u00e1val. Milyen az,&nbsp; ha csak ketten vagytok J\u00e9zussal? Ugyanakkor ezen az \u00faton a v\u00e9gs\u0151 c\u00e9l fel\u00e9 nem is vagy egyed\u00fcl. Ebben a&hellip; <br \/> <a class=\"read-more\" href=\"https:\/\/ipcszeged.hu\/index.php\/gyere-te-is-az-egyhazmegyei-nyari-taborba\/\">Read more<\/a><\/p>\n","protected":false},"author":1,"featured_media":0,"parent":0,"menu_order":0,"comment_status":"closed","ping_status":"closed","template":"","meta":{"ngg_post_thumbnail":0,"footnotes":""},"class_list":["post-18432","page","type-page","status-publish","hentry"],"_links":{"self":[{"href":"https:\/\/ipcszeged.hu\/index.php\/wp-json\/wp\/v2\/pages\/18432","targetHints":{"allow":["GET"]}}],"collection":[{"href":"https:\/\/ipcszeged.hu\/index.php\/wp-json\/wp\/v2\/pages"}],"about":[{"href":"https:\/\/ipcszeged.hu\/index.php\/wp-json\/wp\/v2\/types\/page"}],"author":[{"embeddable":true,"href":"https:\/\/ipcszeged.hu\/index.php\/wp-json\/wp\/v2\/users\/1"}],"replies":[{"embeddable":true,"href":"https:\/\/ipcszeged.hu\/index.php\/wp-json\/wp\/v2\/comments?post=18432"}],"version-history":[{"count":3,"href":"https:\/\/ipcszeged.hu\/index.php\/wp-json\/wp\/v2\/pages\/18432\/revisions"}],"predecessor-version":[{"id":18436,"href":"https:\/\/ipcszeged.hu\/index.php\/wp-json\/wp\/v2\/pages\/18432\/revisions\/18436"}],"wp:attachment":[{"href":"https:\/\/ipcszeged.hu\/index.php\/wp-json\/wp\/v2\/media?parent=18432"}],"curies":[{"name":"wp","href":"https:\/\/api.w.org\/{rel}","templated":true}]}}