{"id":18397,"date":"2024-12-02T14:27:49","date_gmt":"2024-12-02T13:27:49","guid":{"rendered":"https:\/\/ipcszeged.hu\/?page_id=18397"},"modified":"2024-12-02T15:07:43","modified_gmt":"2024-12-02T14:07:43","slug":"adventfeszt-2024","status":"publish","type":"page","link":"https:\/\/ipcszeged.hu\/index.php\/adventfeszt-2024\/","title":{"rendered":"Adventfeszt 2024"},"content":{"rendered":"\n<p><em>\u201e<\/em>J\u00f3l haszn\u00e1lj\u00e1tok fel az id\u0151t!<em>\u201d<\/em> (Ef 5,16)<\/p>\n\n\n<p style=\"text-align: justify;\"><strong>Id\u00e9n \u00f6t\u00f6dik alkalommal adott otthont a szegedi Szent Gell\u00e9rt F\u00f3rum a 2024. november 29-\u00e9n megrendezett Adventfesztnek. A fiataloknak sz\u00f3l\u00f3 lelkinapot id\u00e9n<em> \u201eJ\u00f3l haszn\u00e1lj\u00e1tok fel az id\u0151t!\u201d <\/em>(Ef 5,16) mott\u00f3val, k\u00f6zel 600 f\u0151nek szervezte meg a Szeged-Csan\u00e1di Egyh\u00e1zmegye Ifj\u00fas\u00e1gpasztor\u00e1ci\u00f3s Irod\u00e1ja.<\/strong> <br>A program r\u00e9sztvev\u0151i Simon D\u00e1vid atya szem\u00e9lyes tan\u00fas\u00e1gt\u00e9tel\u00e9b\u0151l mer\u00edthettek er\u0151t, majd tan\u00edt\u00e1sa \u00e1ltal k\u00e9sz\u00fclhettek fel az adventi v\u00e1rakoz\u00e1s id\u0151szak\u00e1ra.<br>A nap folyam\u00e1n a fiataloknak lehet\u0151s\u00e9g\u00fck volt az \u0151ket foglalkoztat\u00f3, Istennel, egyh\u00e1zzal kapcsolatos k\u00e9rd\u00e9seik feltev\u00e9s\u00e9re a Papcorn c\u00edm\u0171 k\u00e9rdezz-felelek program keret\u00e9n bel\u00fcl. A r\u00e9sztvev\u0151 gyerekek k\u00e9rd\u00e9seit h\u00e1rom atya: Kov\u00e1cs Zolt\u00e1n, Balogh Ott\u00f3 \u00e9s Serf\u0151z\u0151 Levente v\u00e1laszolta meg. A nap zenei szolg\u00e1lat\u00e1t az Eucharist zenekar l\u00e1tta el, dalaikkal sz\u00edv\u00fcnket Istenhez emelve.&nbsp;<br>A program szentmise \u00fcnnepl\u00e9ssel z\u00e1rult G\u00e1ll Szabolcs atya celebr\u00e1l\u00e1s\u00e1val.<\/p>\n<p style=\"text-align: right;\"><em>Szerz\u0151k: Losonczi Gr\u00e9ta \u00e9s Kisp\u00e9ter G\u00e1bor<\/em><\/p>\n<p style=\"text-align: right;\"><em>Fot\u00f3k: Kuna \u00c1ron<\/em><\/p>\n\n\nngg_shortcode_0_placeholder\n ","protected":false},"excerpt":{"rendered":"<p>\u201eJ\u00f3l haszn\u00e1lj\u00e1tok fel az id\u0151t!\u201d (Ef 5,16) Id\u00e9n \u00f6t\u00f6dik alkalommal adott otthont a szegedi Szent Gell\u00e9rt F\u00f3rum a 2024. november 29-\u00e9n megrendezett Adventfesztnek. A fiataloknak sz\u00f3l\u00f3 lelkinapot id\u00e9n \u201eJ\u00f3l haszn\u00e1lj\u00e1tok fel az id\u0151t!\u201d (Ef 5,16) mott\u00f3val, k\u00f6zel 600 f\u0151nek szervezte meg a Szeged-Csan\u00e1di Egyh\u00e1zmegye Ifj\u00fas\u00e1gpasztor\u00e1ci\u00f3s Irod\u00e1ja. A program r\u00e9sztvev\u0151i Simon D\u00e1vid atya szem\u00e9lyes tan\u00fas\u00e1gt\u00e9tel\u00e9b\u0151l mer\u00edthettek&hellip; <br \/> <a class=\"read-more\" href=\"https:\/\/ipcszeged.hu\/index.php\/adventfeszt-2024\/\">Read more<\/a><\/p>\n","protected":false},"author":1,"featured_media":0,"parent":0,"menu_order":0,"comment_status":"closed","ping_status":"closed","template":"","meta":{"ngg_post_thumbnail":0,"footnotes":""},"class_list":["post-18397","page","type-page","status-publish","hentry"],"_links":{"self":[{"href":"https:\/\/ipcszeged.hu\/index.php\/wp-json\/wp\/v2\/pages\/18397","targetHints":{"allow":["GET"]}}],"collection":[{"href":"https:\/\/ipcszeged.hu\/index.php\/wp-json\/wp\/v2\/pages"}],"about":[{"href":"https:\/\/ipcszeged.hu\/index.php\/wp-json\/wp\/v2\/types\/page"}],"author":[{"embeddable":true,"href":"https:\/\/ipcszeged.hu\/index.php\/wp-json\/wp\/v2\/users\/1"}],"replies":[{"embeddable":true,"href":"https:\/\/ipcszeged.hu\/index.php\/wp-json\/wp\/v2\/comments?post=18397"}],"version-history":[{"count":2,"href":"https:\/\/ipcszeged.hu\/index.php\/wp-json\/wp\/v2\/pages\/18397\/revisions"}],"predecessor-version":[{"id":18419,"href":"https:\/\/ipcszeged.hu\/index.php\/wp-json\/wp\/v2\/pages\/18397\/revisions\/18419"}],"wp:attachment":[{"href":"https:\/\/ipcszeged.hu\/index.php\/wp-json\/wp\/v2\/media?parent=18397"}],"curies":[{"name":"wp","href":"https:\/\/api.w.org\/{rel}","templated":true}]}}