{"id":18355,"date":"2024-11-30T23:07:18","date_gmt":"2024-11-30T22:07:18","guid":{"rendered":"https:\/\/ipcszeged.hu\/?page_id=18355"},"modified":"2024-12-02T13:17:47","modified_gmt":"2024-12-02T12:17:47","slug":"adventi-fuzet-2024","status":"publish","type":"page","link":"https:\/\/ipcszeged.hu\/index.php\/adventi-fuzet-2024\/","title":{"rendered":"Adventi f\u00fczet 2024"},"content":{"rendered":"\n<figure class=\"wp-block-embed is-type-wp-embed is-provider-ifj-s-gpasztor-ci-s-iroda wp-block-embed-ifj-s-gpasztor-ci-s-iroda\"><div class=\"wp-block-embed__wrapper\">\n<div class='embed-container'><blockquote class=\"wp-embedded-content\" data-secret=\"h7kHqXurz0\"><a href=\"https:\/\/ipcszeged.hu\/index.php\/3d-flip-book\/adventi-fuzet-2024\/\">Adventi f\u00fczet 2024<\/a><\/blockquote><iframe loading=\"lazy\" class=\"wp-embedded-content\" sandbox=\"allow-scripts\" security=\"restricted\" style=\"position: absolute; visibility: hidden;\" title=\"&#8220;Adventi f\u00fczet 2024&#8221; &#8212; Ifj\u00fas\u00e1gpasztor\u00e1ci\u00f3s Iroda\" src=\"https:\/\/ipcszeged.hu\/index.php\/3d-flip-book\/adventi-fuzet-2024\/embed\/#?secret=6hfAGCgUtZ#?secret=h7kHqXurz0\" data-secret=\"h7kHqXurz0\" width=\"600\" height=\"338\" frameborder=\"0\" marginwidth=\"0\" marginheight=\"0\" scrolling=\"no\"><\/iframe><\/div>\n<\/div><\/figure>\n ","protected":false},"excerpt":{"rendered":"","protected":false},"author":1,"featured_media":0,"parent":0,"menu_order":0,"comment_status":"closed","ping_status":"closed","template":"","meta":{"ngg_post_thumbnail":0,"footnotes":""},"class_list":["post-18355","page","type-page","status-publish","hentry"],"_links":{"self":[{"href":"https:\/\/ipcszeged.hu\/index.php\/wp-json\/wp\/v2\/pages\/18355","targetHints":{"allow":["GET"]}}],"collection":[{"href":"https:\/\/ipcszeged.hu\/index.php\/wp-json\/wp\/v2\/pages"}],"about":[{"href":"https:\/\/ipcszeged.hu\/index.php\/wp-json\/wp\/v2\/types\/page"}],"author":[{"embeddable":true,"href":"https:\/\/ipcszeged.hu\/index.php\/wp-json\/wp\/v2\/users\/1"}],"replies":[{"embeddable":true,"href":"https:\/\/ipcszeged.hu\/index.php\/wp-json\/wp\/v2\/comments?post=18355"}],"version-history":[{"count":13,"href":"https:\/\/ipcszeged.hu\/index.php\/wp-json\/wp\/v2\/pages\/18355\/revisions"}],"predecessor-version":[{"id":18387,"href":"https:\/\/ipcszeged.hu\/index.php\/wp-json\/wp\/v2\/pages\/18355\/revisions\/18387"}],"wp:attachment":[{"href":"https:\/\/ipcszeged.hu\/index.php\/wp-json\/wp\/v2\/media?parent=18355"}],"curies":[{"name":"wp","href":"https:\/\/api.w.org\/{rel}","templated":true}]}}