{"id":18196,"date":"2024-03-05T11:27:18","date_gmt":"2024-03-05T10:27:18","guid":{"rendered":"https:\/\/ipcszeged.hu\/?page_id=18196"},"modified":"2024-03-05T13:31:23","modified_gmt":"2024-03-05T12:31:23","slug":"bit-2024","status":"publish","type":"page","link":"https:\/\/ipcszeged.hu\/index.php\/bit-2024\/","title":{"rendered":"BIT &#8211; 2024"},"content":{"rendered":"<div class=\"wp-block-image\">\n<figure class=\"aligncenter size-full is-resized\"><img loading=\"lazy\" decoding=\"async\" width=\"2000\" height=\"2000\" src=\"https:\/\/ipcszeged.hu\/wp-content\/uploads\/2024\/03\/BIT-plakat-1.png\" alt=\"\" class=\"wp-image-18197\" style=\"width:504px;height:auto\" srcset=\"https:\/\/ipcszeged.hu\/wp-content\/uploads\/2024\/03\/BIT-plakat-1.png 2000w, https:\/\/ipcszeged.hu\/wp-content\/uploads\/2024\/03\/BIT-plakat-1-300x300.png 300w, https:\/\/ipcszeged.hu\/wp-content\/uploads\/2024\/03\/BIT-plakat-1-150x150.png 150w, https:\/\/ipcszeged.hu\/wp-content\/uploads\/2024\/03\/BIT-plakat-1-768x768.png 768w, https:\/\/ipcszeged.hu\/wp-content\/uploads\/2024\/03\/BIT-plakat-1-1536x1536.png 1536w, https:\/\/ipcszeged.hu\/wp-content\/uploads\/2024\/03\/BIT-plakat-1-1024x1024.png 1024w, https:\/\/ipcszeged.hu\/wp-content\/uploads\/2024\/03\/BIT-plakat-1-1080x1080.png 1080w, https:\/\/ipcszeged.hu\/wp-content\/uploads\/2024\/03\/BIT-plakat-1-640x640.png 640w\" sizes=\"auto, (max-width: 2000px) 100vw, 2000px\" \/><\/figure>\n<\/div>\n\n\n<p>   <\/p>\n\n\n\n<p class=\"has-text-align-center\">Nagy \u00f6r\u00f6m\u00fcnkre id\u00e9n ism\u00e9t megszervezz\u00fck&nbsp;<strong>2024. \u00e1prilis 27-\u00e9n<\/strong>&nbsp;(szombaton) a&nbsp;<strong>B\u00e9k\u00e9s Megyei Ifj\u00fas\u00e1gi Tal\u00e1lkoz\u00f3t&nbsp;<\/strong>(BIT), melynek ez\u00fattal a&nbsp;<strong>b\u00e9k\u00e9scsabai Savio Szent Domonkos Katolikus \u00c1ltal\u00e1nos Iskola<\/strong>&nbsp;ad otthont.<br><br>A nap t\u00e9m\u00e1ja:&nbsp;KAPCSOLATOK&nbsp;<\/p>\n\n\n\n<p class=\"has-text-align-center\">A tal\u00e1lkoz\u00f3ra nagy szeretettel h\u00edvunk \u00e9s v\u00e1runk minden <strong>13-18 \u00e9v<\/strong> k\u00f6z\u00f6tti\u00a0b\u00e9k\u00e9s\u00a0megyei\u00a0fiatalt!\u00a0<\/p>\n\n\n\n<p class=\"has-text-align-center\">A r\u00e9sztvev\u0151knek sok j\u00e1t\u00e9kban, \u00e9rt\u00e9kes tan\u00fas\u00e1gt\u00e9telekben \u00e9s kiscsoportos foglalkoz\u00e1sokban lehet r\u00e9sz\u00fck.<\/p>\n\n\n\n<p class=\"has-text-align-center\">A programra egy regisztr\u00e1ci\u00f3s \u0171rlap kit\u00f6lt\u00e9s\u00e9vel jelentkezhetnek\u00a0<strong>2024. \u00e1prilis 19. p\u00e9ntek \u00e9jf\u00e9lig<\/strong>.\u00a0<\/p>\n\n\n\n<p class=\"has-text-align-center\">Az \u0171rlap az al\u00e1bbi linken \u00e9rhet\u0151 el:&nbsp;<a href=\"https:\/\/forms.gle\/u1GRGvkiJa3k5ASAA\" target=\"_blank\" rel=\"noreferrer noopener\">https:\/\/forms.gle\/u1GRGvkiJa3k5ASAA<\/a><\/p>\n\n\n\n<p class=\"has-text-align-center\">A program helyi szervez\u0151je&nbsp;<strong>Ily\u00e9s L\u00e1szl\u00f3 Zsolt<\/strong>, \u00fajk\u00edgy\u00f3si pl\u00e9b\u00e1nos atya, akit k\u00e9rd\u00e9s eset\u00e9n b\u00e1tran keressenek az al\u00e1bbi telefonsz\u00e1mon: 06 20\/823 2491<\/p>\n ","protected":false},"excerpt":{"rendered":"<p>Nagy \u00f6r\u00f6m\u00fcnkre id\u00e9n ism\u00e9t megszervezz\u00fck&nbsp;2024. \u00e1prilis 27-\u00e9n&nbsp;(szombaton) a&nbsp;B\u00e9k\u00e9s Megyei Ifj\u00fas\u00e1gi Tal\u00e1lkoz\u00f3t&nbsp;(BIT), melynek ez\u00fattal a&nbsp;b\u00e9k\u00e9scsabai Savio Szent Domonkos Katolikus \u00c1ltal\u00e1nos Iskola&nbsp;ad otthont. A nap t\u00e9m\u00e1ja:&nbsp;KAPCSOLATOK&nbsp; A tal\u00e1lkoz\u00f3ra nagy szeretettel h\u00edvunk \u00e9s v\u00e1runk minden 13-18 \u00e9v k\u00f6z\u00f6tti\u00a0b\u00e9k\u00e9s\u00a0megyei\u00a0fiatalt!\u00a0 A r\u00e9sztvev\u0151knek sok j\u00e1t\u00e9kban, \u00e9rt\u00e9kes tan\u00fas\u00e1gt\u00e9telekben \u00e9s kiscsoportos foglalkoz\u00e1sokban lehet r\u00e9sz\u00fck. A programra egy regisztr\u00e1ci\u00f3s \u0171rlap kit\u00f6lt\u00e9s\u00e9vel jelentkezhetnek\u00a02024. \u00e1prilis 19.&hellip; <br \/> <a class=\"read-more\" href=\"https:\/\/ipcszeged.hu\/index.php\/bit-2024\/\">Read more<\/a><\/p>\n","protected":false},"author":1,"featured_media":0,"parent":0,"menu_order":0,"comment_status":"closed","ping_status":"closed","template":"","meta":{"ngg_post_thumbnail":0,"footnotes":""},"class_list":["post-18196","page","type-page","status-publish","hentry"],"_links":{"self":[{"href":"https:\/\/ipcszeged.hu\/index.php\/wp-json\/wp\/v2\/pages\/18196","targetHints":{"allow":["GET"]}}],"collection":[{"href":"https:\/\/ipcszeged.hu\/index.php\/wp-json\/wp\/v2\/pages"}],"about":[{"href":"https:\/\/ipcszeged.hu\/index.php\/wp-json\/wp\/v2\/types\/page"}],"author":[{"embeddable":true,"href":"https:\/\/ipcszeged.hu\/index.php\/wp-json\/wp\/v2\/users\/1"}],"replies":[{"embeddable":true,"href":"https:\/\/ipcszeged.hu\/index.php\/wp-json\/wp\/v2\/comments?post=18196"}],"version-history":[{"count":8,"href":"https:\/\/ipcszeged.hu\/index.php\/wp-json\/wp\/v2\/pages\/18196\/revisions"}],"predecessor-version":[{"id":18226,"href":"https:\/\/ipcszeged.hu\/index.php\/wp-json\/wp\/v2\/pages\/18196\/revisions\/18226"}],"wp:attachment":[{"href":"https:\/\/ipcszeged.hu\/index.php\/wp-json\/wp\/v2\/media?parent=18196"}],"curies":[{"name":"wp","href":"https:\/\/api.w.org\/{rel}","templated":true}]}}