{"id":18192,"date":"2024-03-05T11:21:45","date_gmt":"2024-03-05T10:21:45","guid":{"rendered":"https:\/\/ipcszeged.hu\/?page_id=18192"},"modified":"2024-03-05T13:51:20","modified_gmt":"2024-03-05T12:51:20","slug":"tvt24","status":"publish","type":"page","link":"https:\/\/ipcszeged.hu\/index.php\/tvt24\/","title":{"rendered":"TVT&#8217;24"},"content":{"rendered":"\n<figure class=\"wp-block-gallery has-nested-images columns-default is-cropped wp-block-gallery-1 is-layout-flex wp-block-gallery-is-layout-flex\">\n<figure class=\"wp-block-image size-full is-style-default\"><img loading=\"lazy\" decoding=\"async\" width=\"1200\" height=\"300\" data-id=\"18203\" src=\"https:\/\/ipcszeged.hu\/wp-content\/uploads\/2024\/03\/Nevtelen-terv-1-1.png\" alt=\"\" class=\"wp-image-18203\" srcset=\"https:\/\/ipcszeged.hu\/wp-content\/uploads\/2024\/03\/Nevtelen-terv-1-1.png 1200w, https:\/\/ipcszeged.hu\/wp-content\/uploads\/2024\/03\/Nevtelen-terv-1-1-300x75.png 300w, https:\/\/ipcszeged.hu\/wp-content\/uploads\/2024\/03\/Nevtelen-terv-1-1-150x38.png 150w, https:\/\/ipcszeged.hu\/wp-content\/uploads\/2024\/03\/Nevtelen-terv-1-1-768x192.png 768w, https:\/\/ipcszeged.hu\/wp-content\/uploads\/2024\/03\/Nevtelen-terv-1-1-1024x256.png 1024w\" sizes=\"auto, (max-width: 1200px) 100vw, 1200px\" \/><\/figure>\n<\/figure>\n\n\n\n<p><br>Id\u00e9n XVI. alkalommal\u00a0szervezz\u00fck\u00a0meg a Szeged-Csan\u00e1di Egyh\u00e1zmegye m\u00e1r hagyom\u00e1nny\u00e1 v\u00e1lt \u00f6nk\u00e9ntes programj\u00e1t, a\u00a0<strong>Tesz-Vesz-Tavaszt\u00a02024. \u00e1prilis 8-t\u00f3l m\u00e1jus 8-ig<\/strong>.<\/p>\n\n\n\n<p>A program idei c\u00e9lja, hogy r\u00e1\u00e9bressz\u00fck&nbsp;a fiatalokat a teremt\u00e9sv\u00e9delem fontoss\u00e1g\u00e1ra.&nbsp;<\/p>\n\n\n\n<p>Nagy \u00f6r\u00f6m sz\u00e1munkra, hogy \u00e9vente t\u00f6bb, mint 4000 \u00f6nk\u00e9ntes fiatal&nbsp;kapcsol\u00f3dik be&nbsp;v\u00e1llal\u00e1saikkal \u00e9s kreat\u00edv projektjeikkel a programba.Id\u00e9n az al\u00e1bbi projektek k\u00f6z\u00fcl tudnak v\u00e1lasztani:<\/p>\n\n\n\n<p><strong>1. Vigy\u00e1zz, k\u00e9sz, z\u00f6ld!<\/strong><br>A projekt sor\u00e1n a gyerekek kialak\u00edtanak egy kis vetem\u00e9nyes kertet az iskola\/ pl\u00e9b\u00e1nia udvaron. \u00dcltethetnek gy\u00f3gyn\u00f6v\u00e9nyt, vir\u00e1got vagy ak\u00e1r z\u00f6lds\u00e9get is termeszthetnek.&nbsp;Ugyanide tartozik m\u00e9g a j\u00f3l ismert templomkert takar\u00edt\u00e1s is.<\/p>\n\n\n\n<p><strong>2. Megsz\u00f3lal a hullad\u00e9k!<\/strong><br>A di\u00e1kok tal\u00e1ljanak ki \u00e9s szervezzenek\u00a0egy\u00a0<\/p>\n\n\n\n<p>minimum 3 napot fel\u00f6lel\u0151 projektet, amely az \u00fajrahasznos\u00edt\u00e1sra f\u00f3kusz\u00e1l. A gondolkod\u00e1st el\u0151seg\u00edt\u0151 \u00f6tletek: hullad\u00e9kb\u00f3l ruha k\u00e9sz\u00edt\u00e9s, majd divatbemutat\u00f3; szappank\u00e9sz\u00edt\u00e9s az elhaszn\u00e1lt szappanokb\u00f3l.<br><br><strong>3. Teremt\u00e9sv\u00e9delmi lelki \u00f6sv\u00e9ny<\/strong><br>A 2022. \u00e9vi teremt\u00e9s hete tematik\u00e1ja alapj\u00e1n interakt\u00edv m\u00f3don veszi v\u00e9gig, hogyan tudunk Isten sz\u00e1nd\u00e9ka szerint kapcsol\u00f3dni k\u00fcl\u00f6nf\u00e9le teremtm\u00e9nyt\u00e1rsainkoz. A foglalkoz\u00e1st\u00a0 Naphimnusz Teremt\u00e9sv\u00e9delmi Egyes\u00fclet dolgozta ki. <br>Az \u00f6sv\u00e9ny anyaga itt el\u00e9rhet\u0151:\u00a0<a href=\"https:\/\/docs.google.com\/document\/d\/1ZkMVJah4M6njH-ktrY4Q6fHV1oLKYa-uGGOo0EaVJyE\/edit?usp=sharing\" target=\"_blank\" rel=\"noreferrer noopener\">https:\/\/docs.google.com\/document\/d\/1ZkMVJah4M6njH-ktrY4Q6fHV1oLKYa-uGGOo0EaVJyE\/edit?usp=sharing<\/a>.<\/p>\n\n\n\n<p><strong>4. Mit \u00fczen Ferenc p\u00e1pa?<\/strong><br>Ferenc p\u00e1pa: Lev\u00e9l -\u00fczenet a f\u00f6ld\u00fcnk\u00e9rt c\u00edm\u0171 feliratos&nbsp;filmj\u00e9nek k\u00f6z\u00f6ss\u00e9gi vet\u00edt\u00e9se.&nbsp;<\/p>\n\n\n\n<p>A Magyar Katolikus P\u00fcsp\u00f6ki Konferencia t\u00e1mogat\u00e1s\u00e1val magyar felirat k\u00e9sz\u00fclt a filmhez, melyet k\u00f6z\u00f6ss\u00e9gi vet\u00edt\u00e9s keret\u00e9ben b\u00e1rki ingyenesen megtekinthet.&nbsp;Szervezzenek&nbsp;egy alkalmat, ahol&nbsp;\u00f6sszegy\u0171lnek&nbsp;\u00e9s megn\u00e9zik&nbsp;a filmet! A vet\u00edt\u00e9st regisztr\u00e1lni kell a film hivatalos magyar fel\u00fclet\u00e9n, ahonnan ezut\u00e1n megkapj\u00e1k azt. A k\u00f6vetkez\u0151 linken tudj\u00e1k ezt megtenni:&nbsp;<a href=\"https:\/\/www.theletterfilm.org\/hu\/vetitest\/\" target=\"_blank\" rel=\"noreferrer noopener\">https:\/\/www.theletterfilm.org\/hu\/vetitest\/<\/a>.<br><br><strong>5. N\u00e9zz t\u00fck\u00f6rbe!<\/strong><br>A projekt sor\u00e1n a tudatos \u00f6lt\u00f6zk\u00f6d\u00e9s&nbsp;\u00e9s ruhav\u00e1s\u00e1rl\u00e1sra szeretn\u00e9nk felh\u00edvni a gyerekek figyelm\u00e9t. A di\u00e1kok szerveznek egy ruhab\u00f6rz\u00e9t, ahol csereber\u00e9lhetik egym\u00e1s k\u00f6z\u00f6tt ruh\u00e1ikat. Mindenki kialak\u00edtja a saj\u00e1t \u00f6kodiz\u00e1jnj\u00e1t.&nbsp;<br><br><strong>Regisztr\u00e1ci\u00f3 az al\u00e1bbi linken 2024. m\u00e1rcius 29. 23:59-ig :&nbsp;<a href=\"https:\/\/forms.gle\/GauduTDbhQ3MjVJL9\" target=\"_blank\" rel=\"noreferrer noopener\">https:\/\/forms.gle\/GauduTDbhQ3MjVJL9<\/a>.<\/strong><br><br><strong>A program megval\u00f3s\u00edt\u00e1s\u00e1ra 2024. \u00e1prilis 8-t\u00f3l m\u00e1jus 3-ig van lehet\u0151s\u00e9g\u00fck.<\/strong><br><br><strong>K\u00e9rj\u00fck, hogy a megval\u00f3s\u00edtott programr\u00f3l egy minimum egy A\/4 oldalas \u00f6sszefoglal\u00f3t fot\u00f3kkal egy\u00fctt k\u00fcldj\u00e9k el az al\u00e1bbi e-mail c\u00edmre 2024. m\u00e1jus 10. 23:59-ig:<br>&nbsp;<a href=\"mailto:ipc.kihivas@gmail.com\" target=\"_blank\" rel=\"noreferrer noopener\">ipc.kihivas@gmail.com<\/a>&nbsp;!<\/strong><\/p>\n ","protected":false},"excerpt":{"rendered":"<p>Id\u00e9n XVI. alkalommal\u00a0szervezz\u00fck\u00a0meg a Szeged-Csan\u00e1di Egyh\u00e1zmegye m\u00e1r hagyom\u00e1nny\u00e1 v\u00e1lt \u00f6nk\u00e9ntes programj\u00e1t, a\u00a0Tesz-Vesz-Tavaszt\u00a02024. \u00e1prilis 8-t\u00f3l m\u00e1jus 8-ig. A program idei c\u00e9lja, hogy r\u00e1\u00e9bressz\u00fck&nbsp;a fiatalokat a teremt\u00e9sv\u00e9delem fontoss\u00e1g\u00e1ra.&nbsp; Nagy \u00f6r\u00f6m sz\u00e1munkra, hogy \u00e9vente t\u00f6bb, mint 4000 \u00f6nk\u00e9ntes fiatal&nbsp;kapcsol\u00f3dik be&nbsp;v\u00e1llal\u00e1saikkal \u00e9s kreat\u00edv projektjeikkel a programba.Id\u00e9n az al\u00e1bbi projektek k\u00f6z\u00fcl tudnak v\u00e1lasztani: 1. Vigy\u00e1zz, k\u00e9sz, z\u00f6ld!A projekt sor\u00e1n a&hellip; <br \/> <a class=\"read-more\" href=\"https:\/\/ipcszeged.hu\/index.php\/tvt24\/\">Read more<\/a><\/p>\n","protected":false},"author":1,"featured_media":0,"parent":0,"menu_order":0,"comment_status":"closed","ping_status":"closed","template":"","meta":{"ngg_post_thumbnail":0,"footnotes":""},"class_list":["post-18192","page","type-page","status-publish","hentry"],"_links":{"self":[{"href":"https:\/\/ipcszeged.hu\/index.php\/wp-json\/wp\/v2\/pages\/18192","targetHints":{"allow":["GET"]}}],"collection":[{"href":"https:\/\/ipcszeged.hu\/index.php\/wp-json\/wp\/v2\/pages"}],"about":[{"href":"https:\/\/ipcszeged.hu\/index.php\/wp-json\/wp\/v2\/types\/page"}],"author":[{"embeddable":true,"href":"https:\/\/ipcszeged.hu\/index.php\/wp-json\/wp\/v2\/users\/1"}],"replies":[{"embeddable":true,"href":"https:\/\/ipcszeged.hu\/index.php\/wp-json\/wp\/v2\/comments?post=18192"}],"version-history":[{"count":4,"href":"https:\/\/ipcszeged.hu\/index.php\/wp-json\/wp\/v2\/pages\/18192\/revisions"}],"predecessor-version":[{"id":18205,"href":"https:\/\/ipcszeged.hu\/index.php\/wp-json\/wp\/v2\/pages\/18192\/revisions\/18205"}],"wp:attachment":[{"href":"https:\/\/ipcszeged.hu\/index.php\/wp-json\/wp\/v2\/media?parent=18192"}],"curies":[{"name":"wp","href":"https:\/\/api.w.org\/{rel}","templated":true}]}}