{"id":18189,"date":"2024-03-05T11:11:50","date_gmt":"2024-03-05T10:11:50","guid":{"rendered":"https:\/\/ipcszeged.hu\/?page_id=18189"},"modified":"2024-12-17T12:41:17","modified_gmt":"2024-12-17T11:41:17","slug":"2024-2","status":"publish","type":"page","link":"https:\/\/ipcszeged.hu\/index.php\/2024-2\/","title":{"rendered":"2024 &#8211; K\u00f6vess engem!"},"content":{"rendered":"\n<h2 class=\"wp-block-heading has-text-align-center\">Egyh\u00e1zmegyei Ny\u00e1ri T\u00e1bor 2024<\/h2>\n\n\n<div class=\"wp-block-image\">\n<figure class=\"aligncenter size-full is-resized\"><img loading=\"lazy\" decoding=\"async\" width=\"1587\" height=\"2245\" src=\"https:\/\/ipcszeged.hu\/wp-content\/uploads\/2024\/12\/Egyhazmegyei-Nyari-Tabor-plakat.jpg\" alt=\"\" class=\"wp-image-18424\" style=\"width:320px;height:auto\" srcset=\"https:\/\/ipcszeged.hu\/wp-content\/uploads\/2024\/12\/Egyhazmegyei-Nyari-Tabor-plakat.jpg 1587w, https:\/\/ipcszeged.hu\/wp-content\/uploads\/2024\/12\/Egyhazmegyei-Nyari-Tabor-plakat-212x300.jpg 212w, https:\/\/ipcszeged.hu\/wp-content\/uploads\/2024\/12\/Egyhazmegyei-Nyari-Tabor-plakat-106x150.jpg 106w, https:\/\/ipcszeged.hu\/wp-content\/uploads\/2024\/12\/Egyhazmegyei-Nyari-Tabor-plakat-768x1086.jpg 768w, https:\/\/ipcszeged.hu\/wp-content\/uploads\/2024\/12\/Egyhazmegyei-Nyari-Tabor-plakat-1086x1536.jpg 1086w, https:\/\/ipcszeged.hu\/wp-content\/uploads\/2024\/12\/Egyhazmegyei-Nyari-Tabor-plakat-1448x2048.jpg 1448w, https:\/\/ipcszeged.hu\/wp-content\/uploads\/2024\/12\/Egyhazmegyei-Nyari-Tabor-plakat-1024x1449.jpg 1024w, https:\/\/ipcszeged.hu\/wp-content\/uploads\/2024\/12\/Egyhazmegyei-Nyari-Tabor-plakat-763x1080.jpg 763w\" sizes=\"auto, (max-width: 1587px) 100vw, 1587px\" \/><\/figure>\n<\/div>\n\n\n<hr class=\"wp-block-separator has-alpha-channel-opacity\"\/>\n\n\n\n<h2 class=\"wp-block-heading\"><\/h2>\n\n\n\n<div class=\"wp-block-group\"><div class=\"wp-block-group__inner-container is-layout-constrained wp-block-group-is-layout-constrained\">\n<div class=\"wp-block-columns is-layout-flex wp-container-core-columns-is-layout-9d6595d7 wp-block-columns-is-layout-flex\">\n<div class=\"wp-block-column is-layout-flow wp-block-column-is-layout-flow\" style=\"flex-basis:100%\">\n<figure class=\"wp-block-image size-full\"><img loading=\"lazy\" decoding=\"async\" width=\"2362\" height=\"614\" src=\"https:\/\/ipcszeged.hu\/wp-content\/uploads\/2024\/12\/megvalosult_magyarorszag_kormanyanak_tamogatasaval_2024.jpg\" alt=\"\" class=\"wp-image-18427\" srcset=\"https:\/\/ipcszeged.hu\/wp-content\/uploads\/2024\/12\/megvalosult_magyarorszag_kormanyanak_tamogatasaval_2024.jpg 2362w, https:\/\/ipcszeged.hu\/wp-content\/uploads\/2024\/12\/megvalosult_magyarorszag_kormanyanak_tamogatasaval_2024-300x78.jpg 300w, https:\/\/ipcszeged.hu\/wp-content\/uploads\/2024\/12\/megvalosult_magyarorszag_kormanyanak_tamogatasaval_2024-150x39.jpg 150w, https:\/\/ipcszeged.hu\/wp-content\/uploads\/2024\/12\/megvalosult_magyarorszag_kormanyanak_tamogatasaval_2024-768x200.jpg 768w, https:\/\/ipcszeged.hu\/wp-content\/uploads\/2024\/12\/megvalosult_magyarorszag_kormanyanak_tamogatasaval_2024-1536x399.jpg 1536w, https:\/\/ipcszeged.hu\/wp-content\/uploads\/2024\/12\/megvalosult_magyarorszag_kormanyanak_tamogatasaval_2024-2048x532.jpg 2048w, https:\/\/ipcszeged.hu\/wp-content\/uploads\/2024\/12\/megvalosult_magyarorszag_kormanyanak_tamogatasaval_2024-1024x266.jpg 1024w, https:\/\/ipcszeged.hu\/wp-content\/uploads\/2024\/12\/megvalosult_magyarorszag_kormanyanak_tamogatasaval_2024-1920x499.jpg 1920w\" sizes=\"auto, (max-width: 2362px) 100vw, 2362px\" \/><\/figure>\n<\/div>\n<\/div>\n<\/div><\/div>\n\n\n\n\n\n<figure class=\"wp-block-image size-full is-resized\"><img loading=\"lazy\" decoding=\"async\" width=\"1500\" height=\"1333\" src=\"https:\/\/ipcszeged.hu\/wp-content\/uploads\/2024\/12\/megvalosult.jpg\" alt=\"\" class=\"wp-image-18429\" style=\"width:217px;height:auto\" srcset=\"https:\/\/ipcszeged.hu\/wp-content\/uploads\/2024\/12\/megvalosult.jpg 1500w, https:\/\/ipcszeged.hu\/wp-content\/uploads\/2024\/12\/megvalosult-300x267.jpg 300w, https:\/\/ipcszeged.hu\/wp-content\/uploads\/2024\/12\/megvalosult-150x133.jpg 150w, https:\/\/ipcszeged.hu\/wp-content\/uploads\/2024\/12\/megvalosult-768x682.jpg 768w, https:\/\/ipcszeged.hu\/wp-content\/uploads\/2024\/12\/megvalosult-1024x910.jpg 1024w, https:\/\/ipcszeged.hu\/wp-content\/uploads\/2024\/12\/megvalosult-1215x1080.jpg 1215w\" sizes=\"auto, (max-width: 1500px) 100vw, 1500px\" \/><\/figure>\n\n\n\n<\/p>\n<p style=\"text-align: justify;\"><strong>XXI. alkalommal rendezt\u00e9k meg az Egyh\u00e1zmegyei Ny\u00e1ri T\u00e1bort Domasz\u00e9k-Z\u00f6ldf\u00e1son j\u00falius els\u0151 het\u00e9ben. A t\u00e1bor mott\u00f3ja a \u201eK\u00f6vess engem!\u201d j\u00e9zusi felh\u00edv\u00e1s volt, a r\u00e9sztvev\u0151k k\u00fcl\u00f6nb\u00f6z\u0151 kult\u00far\u00e1k megismer\u00e9se \u00e1ltal m\u00e9ly\u00fclhettek el Krisztus k\u00f6vet\u00e9s\u00e9ben.<\/strong><\/p>\n<p style=\"text-align: justify;\">\n\n\n\n<\/p>\n<p style=\"text-align: justify;\">A k\u00f6zel 60 fiatal a h\u00e9tf\u0151i \u00e9rkez\u00e9s sor\u00e1n egy rep\u00fcl\u0151jegyet kapott, mely el\u0151revet\u00edtette sz\u00e1mukra, hogy a h\u00e9t sor\u00e1n k\u00fcl\u00f6nb\u00f6z\u0151 kult\u00far\u00e1kba \u00e9s a hit k\u00fcl\u00f6nb\u00f6z\u0151 meg\u00e9l\u00e9si m\u00f3djaiba fognak betekint\u00e9st nyerni. A v\u00e1ltozatos programok r\u00e9v\u00e9n megismerhett\u00e9k az olasz \u00e9s az afrikai kult\u00far\u00e1t, valamint a g\u00f6r\u00f6g-katolikus \u00e9s a g\u00f6r\u00f6g-keleti vall\u00e1st, betekint\u00e9st nyertek a k\u00fcl\u00f6nb\u00f6z\u0151 szerzetesrendek \u00e9let\u00e9be \u00e9s a portug\u00e1liai Ifj\u00fas\u00e1gi Vil\u00e1gtal\u00e1lkoz\u00f3 programj\u00e1ba is.<\/p>\n<p style=\"text-align: justify;\">\n\n\n\n<\/p>\n<p style=\"text-align: justify;\">A napi t\u00e9m\u00e1kat a fiatalok kiscsoportokban dolgozt\u00e1k fel, melyek a h\u00e9t m\u00e1sodik fel\u00e9re igazi k\u00f6z\u00f6ss\u00e9gg\u00e9 kov\u00e1csolta \u0151ket. A t\u00e1bor egyik nagy h\u00faz\u00f3ereje, hogy egy befogad\u00f3 k\u00f6z\u00f6ss\u00e9gbe ker\u00fcl az ember, ahol sok \u00faj bar\u00e1tra lelhet.<\/p>\n<p style=\"text-align: justify;\">\n\n\n\n<\/p>\n<p style=\"text-align: justify;\">Az egym\u00e1sra figyel\u00e9s mellett az Istenre figyel\u00e9st is seg\u00edtik a programok, a reggeli \u00e9s esti im\u00e1k, a szentmis\u00e9k \u00e9s a p\u00e9ntek esti Face2Face szents\u00e9gim\u00e1d\u00e1s is. A sport is fontos r\u00e9sz\u00e9t k\u00e9pzi a t\u00e1bornak, a fiatalok szabadid\u0151ben gyakran keresik a foci- vagy a r\u00f6plabdap\u00e1ly\u00e1t.<\/p>\n<p style=\"text-align: justify;\">\n\n\n\n<\/p>\n<p style=\"text-align: justify;\">A r\u00e9sztvev\u0151k nemcsak k\u00e9pzeletbeli utaz\u00e1son vettek r\u00e9szt, hiszen a t\u00e1bor ell\u00e1togatott Csongr\u00e1dra. D\u00e9lel\u0151tt egy v\u00e1rosj\u00e1t\u00e9k keret\u00e9ben tekintett\u00fck a telep\u00fcl\u00e9s nevezetess\u00e9geit, majd a helyi k\u00f6z\u00f6ss\u00e9g tagjai finom guly\u00e1slevest f\u0151ztek a t\u00e1boroz\u00f3knak.<\/p>\n<p style=\"text-align: justify;\">\n\n\n\n<\/p>\n<p style=\"text-align: justify;\">Minden \u00e9vben a t\u00e1bor egyik f\u00e9nypontja a szombat esti program szokott lenni. Ennek keret\u00e9ben minden csoport egy vicces m\u0171sort ad el\u0151, melyben \u00f6sszefoglalja a h\u00e9t legeml\u00e9kezetesebb pillanatait. Majd ezt k\u00f6vet\u0151en felh\u0151tlen sz\u00f3rakoz\u00e1s veszi kezdet\u00e9t. A t\u00e1ncos l\u00e1b\u00faak a \u201eChristian party\u201d-n mutathatj\u00e1k meg tud\u00e1sukat, m\u00edg a t\u00e1rsasj\u00e1t\u00e9kok szerelmesei a \u201eKaszin\u00f3ban\u201d j\u00e1tszhatnak. A t\u00e1bor v\u00e9g\u00e9n a fiatalok b\u00facs\u00fat vettek egym\u00e1st\u00f3l \u00e9s Z\u00f6ldf\u00e1st\u00f3l, de az itt szerezett \u00e9lm\u00e9nyek \u00e9s bar\u00e1ts\u00e1gok elk\u00eds\u00e9rik \u0151ket eg\u00e9szen a k\u00f6vetkez\u0151 t\u00e1borig.<\/p>\n<p>\n\n\n\n<\/p>\n<p class=\"has-text-align-right\"><em>Szerz\u0151: Tapodi Kriszti\u00e1n atya<\/em><\/p>\n<p>\n\n\n<\/p>\n\n\nngg_shortcode_0_placeholder\n ","protected":false},"excerpt":{"rendered":"<p>Egyh\u00e1zmegyei Ny\u00e1ri T\u00e1bor 2024 XXI. alkalommal rendezt\u00e9k meg az Egyh\u00e1zmegyei Ny\u00e1ri T\u00e1bort Domasz\u00e9k-Z\u00f6ldf\u00e1son j\u00falius els\u0151 het\u00e9ben. A t\u00e1bor mott\u00f3ja a \u201eK\u00f6vess engem!\u201d j\u00e9zusi felh\u00edv\u00e1s volt, a r\u00e9sztvev\u0151k k\u00fcl\u00f6nb\u00f6z\u0151 kult\u00far\u00e1k megismer\u00e9se \u00e1ltal m\u00e9ly\u00fclhettek el Krisztus k\u00f6vet\u00e9s\u00e9ben. A k\u00f6zel 60 fiatal a h\u00e9tf\u0151i \u00e9rkez\u00e9s sor\u00e1n egy rep\u00fcl\u0151jegyet kapott, mely el\u0151revet\u00edtette sz\u00e1mukra, hogy a h\u00e9t sor\u00e1n k\u00fcl\u00f6nb\u00f6z\u0151 kult\u00far\u00e1kba&hellip; <br \/> <a class=\"read-more\" href=\"https:\/\/ipcszeged.hu\/index.php\/2024-2\/\">Read more<\/a><\/p>\n","protected":false},"author":1,"featured_media":0,"parent":0,"menu_order":0,"comment_status":"closed","ping_status":"closed","template":"","meta":{"ngg_post_thumbnail":0,"footnotes":""},"class_list":["post-18189","page","type-page","status-publish","hentry"],"_links":{"self":[{"href":"https:\/\/ipcszeged.hu\/index.php\/wp-json\/wp\/v2\/pages\/18189","targetHints":{"allow":["GET"]}}],"collection":[{"href":"https:\/\/ipcszeged.hu\/index.php\/wp-json\/wp\/v2\/pages"}],"about":[{"href":"https:\/\/ipcszeged.hu\/index.php\/wp-json\/wp\/v2\/types\/page"}],"author":[{"embeddable":true,"href":"https:\/\/ipcszeged.hu\/index.php\/wp-json\/wp\/v2\/users\/1"}],"replies":[{"embeddable":true,"href":"https:\/\/ipcszeged.hu\/index.php\/wp-json\/wp\/v2\/comments?post=18189"}],"version-history":[{"count":17,"href":"https:\/\/ipcszeged.hu\/index.php\/wp-json\/wp\/v2\/pages\/18189\/revisions"}],"predecessor-version":[{"id":18431,"href":"https:\/\/ipcszeged.hu\/index.php\/wp-json\/wp\/v2\/pages\/18189\/revisions\/18431"}],"wp:attachment":[{"href":"https:\/\/ipcszeged.hu\/index.php\/wp-json\/wp\/v2\/media?parent=18189"}],"curies":[{"name":"wp","href":"https:\/\/api.w.org\/{rel}","templated":true}]}}