{"id":18008,"date":"2022-11-17T11:59:50","date_gmt":"2022-11-17T10:59:50","guid":{"rendered":"https:\/\/ipcszeged.hu\/?page_id=18008"},"modified":"2022-12-07T17:39:18","modified_gmt":"2022-12-07T16:39:18","slug":"adventi-fuzet-2022-face2face","status":"publish","type":"page","link":"https:\/\/ipcszeged.hu\/index.php\/adventi-fuzet-2022-face2face\/","title":{"rendered":"Adventi f\u00fczet 2022 &#8211; face2Face"},"content":{"rendered":"\n<p>Az idei adventben k\u00e9t id\u0151pontban, k\u00e9t helysz\u00ednen v\u00e1runk benneteket:<\/p>\n\n\n\n<p>2022. december 8. &#8211; Szeged<\/p>\n\n\n\n<figure class=\"wp-block-image size-full\"><img loading=\"lazy\" decoding=\"async\" width=\"1448\" height=\"2048\" src=\"https:\/\/ipcszeged.hu\/wp-content\/uploads\/2022\/12\/318568349_2095378943995266_605806405696989959_n.jpg\" alt=\"\" class=\"wp-image-18063\" srcset=\"https:\/\/ipcszeged.hu\/wp-content\/uploads\/2022\/12\/318568349_2095378943995266_605806405696989959_n.jpg 1448w, https:\/\/ipcszeged.hu\/wp-content\/uploads\/2022\/12\/318568349_2095378943995266_605806405696989959_n-212x300.jpg 212w, https:\/\/ipcszeged.hu\/wp-content\/uploads\/2022\/12\/318568349_2095378943995266_605806405696989959_n-106x150.jpg 106w, https:\/\/ipcszeged.hu\/wp-content\/uploads\/2022\/12\/318568349_2095378943995266_605806405696989959_n-768x1086.jpg 768w, https:\/\/ipcszeged.hu\/wp-content\/uploads\/2022\/12\/318568349_2095378943995266_605806405696989959_n-1086x1536.jpg 1086w, https:\/\/ipcszeged.hu\/wp-content\/uploads\/2022\/12\/318568349_2095378943995266_605806405696989959_n-1024x1448.jpg 1024w, https:\/\/ipcszeged.hu\/wp-content\/uploads\/2022\/12\/318568349_2095378943995266_605806405696989959_n-764x1080.jpg 764w\" sizes=\"auto, (max-width: 1448px) 100vw, 1448px\" \/><\/figure>\n\n\n\n<p>2022. december 15. &#8211; B\u00e9k\u00e9scsaba<\/p>\n ","protected":false},"excerpt":{"rendered":"<p>Az idei adventben k\u00e9t id\u0151pontban, k\u00e9t helysz\u00ednen v\u00e1runk benneteket: 2022. december 8. &#8211; Szeged 2022. december 15. &#8211; B\u00e9k\u00e9scsaba<\/p>\n","protected":false},"author":1,"featured_media":0,"parent":0,"menu_order":0,"comment_status":"closed","ping_status":"closed","template":"","meta":{"ngg_post_thumbnail":0,"footnotes":""},"class_list":["post-18008","page","type-page","status-publish","hentry"],"_links":{"self":[{"href":"https:\/\/ipcszeged.hu\/index.php\/wp-json\/wp\/v2\/pages\/18008","targetHints":{"allow":["GET"]}}],"collection":[{"href":"https:\/\/ipcszeged.hu\/index.php\/wp-json\/wp\/v2\/pages"}],"about":[{"href":"https:\/\/ipcszeged.hu\/index.php\/wp-json\/wp\/v2\/types\/page"}],"author":[{"embeddable":true,"href":"https:\/\/ipcszeged.hu\/index.php\/wp-json\/wp\/v2\/users\/1"}],"replies":[{"embeddable":true,"href":"https:\/\/ipcszeged.hu\/index.php\/wp-json\/wp\/v2\/comments?post=18008"}],"version-history":[{"count":3,"href":"https:\/\/ipcszeged.hu\/index.php\/wp-json\/wp\/v2\/pages\/18008\/revisions"}],"predecessor-version":[{"id":18064,"href":"https:\/\/ipcszeged.hu\/index.php\/wp-json\/wp\/v2\/pages\/18008\/revisions\/18064"}],"wp:attachment":[{"href":"https:\/\/ipcszeged.hu\/index.php\/wp-json\/wp\/v2\/media?parent=18008"}],"curies":[{"name":"wp","href":"https:\/\/api.w.org\/{rel}","templated":true}]}}