{"id":18006,"date":"2022-11-15T15:26:41","date_gmt":"2022-11-15T14:26:41","guid":{"rendered":"https:\/\/ipcszeged.hu\/?page_id=18006"},"modified":"2022-12-07T07:01:23","modified_gmt":"2022-12-07T06:01:23","slug":"adventi-fuzet-2022-beszeljunk-rola","status":"publish","type":"page","link":"https:\/\/ipcszeged.hu\/index.php\/adventi-fuzet-2022-beszeljunk-rola\/","title":{"rendered":"Adventi f\u00fczet 2022 &#8211; Besz\u00e9lj\u00fcnk r\u00f3la!"},"content":{"rendered":"\n<p>Fogadj\u00e1tok sok szeretettel ezt a mes\u00e9t.<\/p>\n\n\n\n<p><\/p>\n\n\n\n<figure class=\"wp-block-embed is-type-video is-provider-youtube wp-block-embed-youtube wp-embed-aspect-16-9 wp-has-aspect-ratio\"><div class=\"wp-block-embed__wrapper\">\n<div class='embed-container'><iframe loading=\"lazy\" title=\"Adventi f\u00fczet 2022 - Besz\u00e9lj\u00fcnk r\u00f3la\" width=\"1920\" height=\"1080\" src=\"https:\/\/www.youtube.com\/embed\/9sZEUuvpUQc?feature=oembed\" frameborder=\"0\" allow=\"accelerometer; autoplay; clipboard-write; encrypted-media; gyroscope; picture-in-picture\" allowfullscreen><\/iframe><\/div>\n<\/div><\/figure>\n ","protected":false},"excerpt":{"rendered":"<p>Fogadj\u00e1tok sok szeretettel ezt a mes\u00e9t.<\/p>\n","protected":false},"author":1,"featured_media":0,"parent":0,"menu_order":0,"comment_status":"closed","ping_status":"closed","template":"","meta":{"ngg_post_thumbnail":0,"footnotes":""},"class_list":["post-18006","page","type-page","status-publish","hentry"],"_links":{"self":[{"href":"https:\/\/ipcszeged.hu\/index.php\/wp-json\/wp\/v2\/pages\/18006","targetHints":{"allow":["GET"]}}],"collection":[{"href":"https:\/\/ipcszeged.hu\/index.php\/wp-json\/wp\/v2\/pages"}],"about":[{"href":"https:\/\/ipcszeged.hu\/index.php\/wp-json\/wp\/v2\/types\/page"}],"author":[{"embeddable":true,"href":"https:\/\/ipcszeged.hu\/index.php\/wp-json\/wp\/v2\/users\/1"}],"replies":[{"embeddable":true,"href":"https:\/\/ipcszeged.hu\/index.php\/wp-json\/wp\/v2\/comments?post=18006"}],"version-history":[{"count":5,"href":"https:\/\/ipcszeged.hu\/index.php\/wp-json\/wp\/v2\/pages\/18006\/revisions"}],"predecessor-version":[{"id":18062,"href":"https:\/\/ipcszeged.hu\/index.php\/wp-json\/wp\/v2\/pages\/18006\/revisions\/18062"}],"wp:attachment":[{"href":"https:\/\/ipcszeged.hu\/index.php\/wp-json\/wp\/v2\/media?parent=18006"}],"curies":[{"name":"wp","href":"https:\/\/api.w.org\/{rel}","templated":true}]}}