{"id":18004,"date":"2022-11-15T15:26:12","date_gmt":"2022-11-15T14:26:12","guid":{"rendered":"https:\/\/ipcszeged.hu\/?page_id=18004"},"modified":"2022-11-29T07:55:54","modified_gmt":"2022-11-29T06:55:54","slug":"adventi-fuzet-2022-rorate","status":"publish","type":"page","link":"https:\/\/ipcszeged.hu\/index.php\/adventi-fuzet-2022-rorate\/","title":{"rendered":"Adventi f\u00fczet 2022 &#8211; Rorate"},"content":{"rendered":"\n<p><\/p>\n\n\n\n<p>Szegeden ezekre a helyekre, ebben az id\u0151pontokban juthatsz el rorat\u00e9ra:<\/p>\n\n\n\n<figure class=\"wp-block-table\"><table><tbody><tr><td><strong>Szent J\u00f3zsef templom (jezsuita templom)<\/strong><\/td><td><strong>6.00<\/strong><\/td><\/tr><tr><td><strong>\u00dajszegedi \u00c1rp\u00e1d-h\u00e1zi Szent Erzs\u00e9bet Pl\u00e9b\u00e1nia<\/strong><\/td><td><strong>6.00<\/strong><\/td><\/tr><tr><td><strong>Szeged D\u00f3m<\/strong><\/td><td><strong>6.30<\/strong><\/td><\/tr><tr><td><strong>Als\u00f3v\u00e1rosi Havas Boldogasszony templom (ferences templom)<\/strong><\/td><td><strong>6.00<\/strong><\/td><\/tr><tr><td>F<strong>els\u0151v\u00e1rosi Szent Mikl\u00f3s templom<\/strong><\/td><td><strong>6.00<\/strong><\/td><\/tr><tr><td><strong>M\u00f3rav\u00e1rosi Szent Kereszt templom<\/strong><\/td><td><strong>7.00 (csak szerd\u00e1n \u00e9s p\u00e9nteken)<\/strong><\/td><\/tr><tr><td><strong>Szent Gell\u00e9rt Pl\u00e9b\u00e1nia<\/strong><\/td><td><strong>6.00 (H\u00e9tf\u0151, kedd, szerda)<\/strong><\/td><\/tr><\/tbody><\/table><\/figure>\n\n\n\n<p>A 2022.11.29. d\u00f3mi ror\u00e1t\u00e9 ut\u00e1n szeretettel v\u00e1runk egy te\u00e1ra is.<\/p>\n\n\n\n<p>Online k\u00f6vethet\u0151 rorate:<\/p>\n\n\n\n<figure class=\"wp-block-embed is-type-wp-embed is-provider-orszaguti-ferencesek wp-block-embed-orszaguti-ferencesek\"><div class=\"wp-block-embed__wrapper\">\n<div class='embed-container'><blockquote class=\"wp-embedded-content\" data-secret=\"ZwwE7Rq5pG\"><a href=\"https:\/\/orszagutiferencesek.hu\/online-kozvetites\/\">ONLINE misek\u00f6zvet\u00edt\u00e9s<\/a><\/blockquote><iframe loading=\"lazy\" class=\"wp-embedded-content\" sandbox=\"allow-scripts\" security=\"restricted\" style=\"position: absolute; clip: rect(1px, 1px, 1px, 1px);\" title=\"&#8220;ONLINE misek\u00f6zvet\u00edt\u00e9s&#8221; &#8212; Orsz\u00e1g\u00fati Ferencesek\" src=\"https:\/\/orszagutiferencesek.hu\/online-kozvetites\/embed\/#?secret=bfjWrMO1mH#?secret=ZwwE7Rq5pG\" data-secret=\"ZwwE7Rq5pG\" width=\"600\" height=\"338\" frameborder=\"0\" marginwidth=\"0\" marginheight=\"0\" scrolling=\"no\"><\/iframe><\/div>\n<\/div><\/figure>\n ","protected":false},"excerpt":{"rendered":"<p>Szegeden ezekre a helyekre, ebben az id\u0151pontokban juthatsz el rorat\u00e9ra: Szent J\u00f3zsef templom (jezsuita templom) 6.00 \u00dajszegedi \u00c1rp\u00e1d-h\u00e1zi Szent Erzs\u00e9bet Pl\u00e9b\u00e1nia 6.00 Szeged D\u00f3m 6.30 Als\u00f3v\u00e1rosi Havas Boldogasszony templom (ferences templom) 6.00 Fels\u0151v\u00e1rosi Szent Mikl\u00f3s templom 6.00 M\u00f3rav\u00e1rosi Szent Kereszt templom 7.00 (csak szerd\u00e1n \u00e9s p\u00e9nteken) Szent Gell\u00e9rt Pl\u00e9b\u00e1nia 6.00 (H\u00e9tf\u0151, kedd, szerda) A 2022.11.29.&hellip; <br \/> <a class=\"read-more\" href=\"https:\/\/ipcszeged.hu\/index.php\/adventi-fuzet-2022-rorate\/\">Read more<\/a><\/p>\n","protected":false},"author":1,"featured_media":0,"parent":0,"menu_order":0,"comment_status":"closed","ping_status":"closed","template":"","meta":{"ngg_post_thumbnail":0,"footnotes":""},"class_list":["post-18004","page","type-page","status-publish","hentry"],"_links":{"self":[{"href":"https:\/\/ipcszeged.hu\/index.php\/wp-json\/wp\/v2\/pages\/18004","targetHints":{"allow":["GET"]}}],"collection":[{"href":"https:\/\/ipcszeged.hu\/index.php\/wp-json\/wp\/v2\/pages"}],"about":[{"href":"https:\/\/ipcszeged.hu\/index.php\/wp-json\/wp\/v2\/types\/page"}],"author":[{"embeddable":true,"href":"https:\/\/ipcszeged.hu\/index.php\/wp-json\/wp\/v2\/users\/1"}],"replies":[{"embeddable":true,"href":"https:\/\/ipcszeged.hu\/index.php\/wp-json\/wp\/v2\/comments?post=18004"}],"version-history":[{"count":6,"href":"https:\/\/ipcszeged.hu\/index.php\/wp-json\/wp\/v2\/pages\/18004\/revisions"}],"predecessor-version":[{"id":18042,"href":"https:\/\/ipcszeged.hu\/index.php\/wp-json\/wp\/v2\/pages\/18004\/revisions\/18042"}],"wp:attachment":[{"href":"https:\/\/ipcszeged.hu\/index.php\/wp-json\/wp\/v2\/media?parent=18004"}],"curies":[{"name":"wp","href":"https:\/\/api.w.org\/{rel}","templated":true}]}}