{"id":17998,"date":"2022-11-15T15:25:30","date_gmt":"2022-11-15T14:25:30","guid":{"rendered":"https:\/\/ipcszeged.hu\/?page_id=17998"},"modified":"2022-12-27T14:40:27","modified_gmt":"2022-12-27T13:40:27","slug":"adventi-fuzet-2022-lasd-meg-es-nyisd-ki-szemed","status":"publish","type":"page","link":"https:\/\/ipcszeged.hu\/index.php\/adventi-fuzet-2022-lasd-meg-es-nyisd-ki-szemed\/","title":{"rendered":"Adventi f\u00fczet 2022 &#8211; L\u00e1sd meg \u00e9s nyisd ki szemed"},"content":{"rendered":"\n<p><\/p>\n\n\n\n<p>Elm\u00e9lked\u00e9s 2022.12.26.<\/p>\n\n\n\n<figure class=\"wp-block-embed is-type-video is-provider-youtube wp-block-embed-youtube wp-embed-aspect-16-9 wp-has-aspect-ratio\"><div class=\"wp-block-embed__wrapper\">\n<div class='embed-container'><iframe loading=\"lazy\" title=\"L\u00e1sd meg \u00e9s nyisd ki szemed! - 2022.12.26.\" width=\"1920\" height=\"1080\" src=\"https:\/\/www.youtube.com\/embed\/Oek2PNVcJ9g?feature=oembed\" frameborder=\"0\" allow=\"accelerometer; autoplay; clipboard-write; encrypted-media; gyroscope; picture-in-picture\" allowfullscreen><\/iframe><\/div>\n<\/div><\/figure>\n\n\n\n<p>Elm\u00e9lked\u00e9s 2022.12.20.<\/p>\n\n\n\n<figure class=\"wp-block-embed is-type-video is-provider-youtube wp-block-embed-youtube wp-embed-aspect-16-9 wp-has-aspect-ratio\"><div class=\"wp-block-embed__wrapper\">\n<div class='embed-container'><iframe loading=\"lazy\" title=\"L\u00e1sd meg \u00e9s nyisd ki szemed! - 2022.12.20.\" width=\"1920\" height=\"1080\" src=\"https:\/\/www.youtube.com\/embed\/KjcjLcDi7no?feature=oembed\" frameborder=\"0\" allow=\"accelerometer; autoplay; clipboard-write; encrypted-media; gyroscope; picture-in-picture\" allowfullscreen><\/iframe><\/div>\n<\/div><\/figure>\n\n\n\n<p>Elm\u00e9lked\u00e9s 2022.12.13.<\/p>\n\n\n\n<figure class=\"wp-block-embed is-type-video is-provider-youtube wp-block-embed-youtube wp-embed-aspect-16-9 wp-has-aspect-ratio\"><div class=\"wp-block-embed__wrapper\">\n<div class='embed-container'><iframe loading=\"lazy\" title=\"L\u00e1sd meg \u00e9s nyisd ki szemed! - 2022.12.13.\" width=\"1920\" height=\"1080\" src=\"https:\/\/www.youtube.com\/embed\/GpRSJ81AB8g?feature=oembed\" frameborder=\"0\" allow=\"accelerometer; autoplay; clipboard-write; encrypted-media; gyroscope; picture-in-picture\" allowfullscreen><\/iframe><\/div>\n<\/div><\/figure>\n\n\n\n<p>Elm\u00e9lked\u00e9s 2022.12.06.<\/p>\n\n\n\n<figure class=\"wp-block-embed is-type-video is-provider-youtube wp-block-embed-youtube wp-embed-aspect-16-9 wp-has-aspect-ratio\"><div class=\"wp-block-embed__wrapper\">\n<div class='embed-container'><iframe loading=\"lazy\" title=\"L\u00e1sd meg \u00e9s nyisd ki szemed! - 2022.12.06.\" width=\"1920\" height=\"1080\" src=\"https:\/\/www.youtube.com\/embed\/tvnfdtgORG8?feature=oembed\" frameborder=\"0\" allow=\"accelerometer; autoplay; clipboard-write; encrypted-media; gyroscope; picture-in-picture\" allowfullscreen><\/iframe><\/div>\n<\/div><\/figure>\n\n\n\n<p><\/p>\n ","protected":false},"excerpt":{"rendered":"<p>Elm\u00e9lked\u00e9s 2022.12.26. Elm\u00e9lked\u00e9s 2022.12.20. Elm\u00e9lked\u00e9s 2022.12.13. Elm\u00e9lked\u00e9s 2022.12.06.<\/p>\n","protected":false},"author":1,"featured_media":0,"parent":0,"menu_order":0,"comment_status":"closed","ping_status":"closed","template":"","meta":{"ngg_post_thumbnail":0,"footnotes":""},"class_list":["post-17998","page","type-page","status-publish","hentry"],"_links":{"self":[{"href":"https:\/\/ipcszeged.hu\/index.php\/wp-json\/wp\/v2\/pages\/17998","targetHints":{"allow":["GET"]}}],"collection":[{"href":"https:\/\/ipcszeged.hu\/index.php\/wp-json\/wp\/v2\/pages"}],"about":[{"href":"https:\/\/ipcszeged.hu\/index.php\/wp-json\/wp\/v2\/types\/page"}],"author":[{"embeddable":true,"href":"https:\/\/ipcszeged.hu\/index.php\/wp-json\/wp\/v2\/users\/1"}],"replies":[{"embeddable":true,"href":"https:\/\/ipcszeged.hu\/index.php\/wp-json\/wp\/v2\/comments?post=17998"}],"version-history":[{"count":8,"href":"https:\/\/ipcszeged.hu\/index.php\/wp-json\/wp\/v2\/pages\/17998\/revisions"}],"predecessor-version":[{"id":18079,"href":"https:\/\/ipcszeged.hu\/index.php\/wp-json\/wp\/v2\/pages\/17998\/revisions\/18079"}],"wp:attachment":[{"href":"https:\/\/ipcszeged.hu\/index.php\/wp-json\/wp\/v2\/media?parent=17998"}],"curies":[{"name":"wp","href":"https:\/\/api.w.org\/{rel}","templated":true}]}}