{"id":17996,"date":"2022-11-15T15:25:29","date_gmt":"2022-11-15T14:25:29","guid":{"rendered":"https:\/\/ipcszeged.hu\/?page_id=17996"},"modified":"2023-01-02T12:02:46","modified_gmt":"2023-01-02T11:02:46","slug":"adventi-fuzet-2022-nektek-soul","status":"publish","type":"page","link":"https:\/\/ipcszeged.hu\/index.php\/adventi-fuzet-2022-nektek-soul\/","title":{"rendered":"Adventi f\u00fczet 2022 &#8211; NEKTEK soul"},"content":{"rendered":"\n<p>A kar\u00e1csonyi \u00fcnnepk\u00f6r V\u00edzkeresztig tart. Ebben az id\u0151ben J\u00e9zus sz\u00fclet\u00e9s\u00e9t, a p\u00e1sztorok \u00e9s a kir\u00e1lyok l\u00e1togat\u00e1s\u00e1t \u00fcnnepelj\u00fck. Kar\u00e1csony csod\u00e1ja nem m\u00falik el, ma is \u00e9s mindig aktu\u00e1lis.<\/p>\n\n\n\n<figure class=\"wp-block-embed is-type-video is-provider-youtube wp-block-embed-youtube wp-embed-aspect-16-9 wp-has-aspect-ratio\"><div class=\"wp-block-embed__wrapper\">\n<div class='embed-container'><iframe loading=\"lazy\" title=\"AGAP\u00c9 - Kar\u00e1csony csod\u00e1ja (40. ad\u00e1s)\" width=\"1920\" height=\"1080\" src=\"https:\/\/www.youtube.com\/embed\/LQ9hSRqeraI?feature=oembed\" frameborder=\"0\" allow=\"accelerometer; autoplay; clipboard-write; encrypted-media; gyroscope; picture-in-picture\" allowfullscreen><\/iframe><\/div>\n<\/div><\/figure>\n\n\n\n<p>Nektek Soul 6. &#8211; \u00c1t\u00e9lni, meg\u00e9lni vagy t\u00fal\u00e9lni?<\/p>\n\n\n\n<figure class=\"wp-block-embed is-type-video is-provider-youtube wp-block-embed-youtube wp-embed-aspect-16-9 wp-has-aspect-ratio\"><div class=\"wp-block-embed__wrapper\">\n<div class='embed-container'><iframe loading=\"lazy\" title=\"\u00c1t\u00e9lni, meg\u00e9lni vagy t\u00fal\u00e9lni?\" width=\"1920\" height=\"1080\" src=\"https:\/\/www.youtube.com\/embed\/vnL9YpI3fHw?feature=oembed\" frameborder=\"0\" allow=\"accelerometer; autoplay; clipboard-write; encrypted-media; gyroscope; picture-in-picture\" allowfullscreen><\/iframe><\/div>\n<\/div><\/figure>\n\n\n\n<p>Nektek Soul 5. &#8211; Adventi utak<\/p>\n\n\n\n<figure class=\"wp-block-embed is-type-video is-provider-youtube wp-block-embed-youtube wp-embed-aspect-16-9 wp-has-aspect-ratio\"><div class=\"wp-block-embed__wrapper\">\n<div class='embed-container'><iframe loading=\"lazy\" title=\"Nektek Soul 5. Adventi utak\" width=\"1920\" height=\"1080\" src=\"https:\/\/www.youtube.com\/embed\/wE9ll6q8pAc?feature=oembed\" frameborder=\"0\" allow=\"accelerometer; autoplay; clipboard-write; encrypted-media; gyroscope; picture-in-picture\" allowfullscreen><\/iframe><\/div>\n<\/div><\/figure>\n ","protected":false},"excerpt":{"rendered":"<p>A kar\u00e1csonyi \u00fcnnepk\u00f6r V\u00edzkeresztig tart. Ebben az id\u0151ben J\u00e9zus sz\u00fclet\u00e9s\u00e9t, a p\u00e1sztorok \u00e9s a kir\u00e1lyok l\u00e1togat\u00e1s\u00e1t \u00fcnnepelj\u00fck. Kar\u00e1csony csod\u00e1ja nem m\u00falik el, ma is \u00e9s mindig aktu\u00e1lis. Nektek Soul 6. &#8211; \u00c1t\u00e9lni, meg\u00e9lni vagy t\u00fal\u00e9lni? Nektek Soul 5. &#8211; Adventi utak<\/p>\n","protected":false},"author":1,"featured_media":0,"parent":0,"menu_order":0,"comment_status":"closed","ping_status":"closed","template":"","meta":{"ngg_post_thumbnail":0,"footnotes":""},"class_list":["post-17996","page","type-page","status-publish","hentry"],"_links":{"self":[{"href":"https:\/\/ipcszeged.hu\/index.php\/wp-json\/wp\/v2\/pages\/17996","targetHints":{"allow":["GET"]}}],"collection":[{"href":"https:\/\/ipcszeged.hu\/index.php\/wp-json\/wp\/v2\/pages"}],"about":[{"href":"https:\/\/ipcszeged.hu\/index.php\/wp-json\/wp\/v2\/types\/page"}],"author":[{"embeddable":true,"href":"https:\/\/ipcszeged.hu\/index.php\/wp-json\/wp\/v2\/users\/1"}],"replies":[{"embeddable":true,"href":"https:\/\/ipcszeged.hu\/index.php\/wp-json\/wp\/v2\/comments?post=17996"}],"version-history":[{"count":9,"href":"https:\/\/ipcszeged.hu\/index.php\/wp-json\/wp\/v2\/pages\/17996\/revisions"}],"predecessor-version":[{"id":18082,"href":"https:\/\/ipcszeged.hu\/index.php\/wp-json\/wp\/v2\/pages\/17996\/revisions\/18082"}],"wp:attachment":[{"href":"https:\/\/ipcszeged.hu\/index.php\/wp-json\/wp\/v2\/media?parent=17996"}],"curies":[{"name":"wp","href":"https:\/\/api.w.org\/{rel}","templated":true}]}}