{"id":17965,"date":"2022-09-12T11:22:50","date_gmt":"2022-09-12T10:22:50","guid":{"rendered":"https:\/\/ipcszeged.hu\/?page_id=17965"},"modified":"2022-09-12T11:23:46","modified_gmt":"2022-09-12T10:23:46","slug":"kattanj-ra-gellert-nap22","status":"publish","type":"page","link":"https:\/\/ipcszeged.hu\/index.php\/kattanj-ra-gellert-nap22\/","title":{"rendered":"Kattanj r\u00e1! &#8211; Gell\u00e9rt Nap&#8217;22"},"content":{"rendered":"\n<p><\/p>\n\n\n\n<p>Szeretettel h\u00edvunk Benneteket \u00e9s k\u00f6z\u00f6ss\u00e9geiteket, hogy id\u00e9n a&nbsp;<strong>KATT\u00c1RS<\/strong>&nbsp;(Katolikus T\u00e1rsadalmi Napok &#8211; <a rel=\"noreferrer noopener\" href=\"https:\/\/kattars.hu\" target=\"_blank\">https:\/\/kattars.hu<\/a>) orsz\u00e1gos rendezv\u00e9nysorozat keretein bel\u00fcl t\u00f6lts\u00fcnk el egy j\u00f3 hangulat\u00fa, esem\u00e9nyekkel&nbsp;teli napot.&nbsp;<\/p>\n\n\n\n<p>Nagy \u00f6r\u00f6m sz\u00e1munkra, hogy ism\u00e9t k\u00f6zeledik az \u00e9vr\u0151l-\u00e9vre megrendez\u00e9sre ker\u00fcl\u0151&nbsp;<strong>Szent Gell\u00e9rt Ifj\u00fas\u00e1gi Tal\u00e1lkoz\u00f3,<\/strong>&nbsp;amely az egyik f\u0151 eleme lesz a szombati napnak.<\/p>\n\n\n\n<p>A Tal\u00e1lkoz\u00f3ra v\u00e1runk minden olyan&nbsp;<strong>13 \u00e9s 18 \u00e9v k\u00f6z\u00f6tti<\/strong>&nbsp;fiatalt, aki szeret t\u00e1ncolni, versenyezve j\u00e1tszani, \u00e9s \u00fagy \u00e9rzi, hogy el\u00e9g kitart\u00f3 ahhoz, hogy&nbsp;<em><strong>felfedje az elt\u0171nt&nbsp;Szent Gell\u00e9rt&nbsp;ereklye<\/strong>&nbsp;<strong>titk\u00e1t<\/strong><\/em>.<\/p>\n\n\n\n<p><strong>Mott\u00f3:&nbsp;Kattanj r\u00e1!<\/strong><\/p>\n\n\n\n<p><strong>Helysz\u00edn: Szeged, D\u00f3m t\u00e9r \u00e9s k\u00f6rny\u00e9ke<\/strong><\/p>\n\n\n\n<p><strong>A tal\u00e1lkoz\u00f3 id\u0151pontja: 2022. szeptember 24.<\/strong><\/p>\n\n\n\n<p><strong>Regisztr\u00e1ci\u00f3: 9 \u00f3r\u00e1t\u00f3l a Somogyi k\u00f6nyvt\u00e1r el\u0151tt<\/strong><\/p>\n\n\n\n<p>A program \u00fcnnepi szentmis\u00e9vel kezd\u0151dik, amit t\u00e1nc \u00e9s k\u00fcl\u00f6nb\u00f6z\u0151 izgalmas j\u00e1t\u00e9kok \u00e9s egy nyomoz\u00e1s fogja k\u00f6vetni.<\/p>\n\n\n\n<p>A&nbsp;<strong>Szent Gell\u00e9rt Ifj\u00fas\u00e1gi Tal\u00e1lkoz\u00f3t<\/strong>&nbsp;16 \u00f3rakor egy k\u00f6z\u00f6s,&nbsp;<strong>KATT\u00c1RS<\/strong>&nbsp;sz\u00f6vegki\u00edr\u00f3s flashmobbal z\u00e1rjuk.<\/p>\n\n\n\n<p>Hideg \u00e9telcsomaggal k\u00e9sz\u00fcl\u00fcnk a r\u00e9sztvev\u0151k sz\u00e1m\u00e1ra, de j\u00f3, ha mindenki tart mag\u00e1n\u00e1l pluszban \u00e9telt, \u00e9s legyen el\u00e9g innival\u00f3 is a r\u00e9sztvev\u0151 gyermekekn\u00e9l.<\/p>\n\n\n\n<p><strong>Regisztr\u00e1lni&nbsp;csoportosan az al\u00e1bbi linken lehet szeptember 18. 24.00-ig:<\/strong><\/p>\n\n\n\n<p><a rel=\"noreferrer noopener\" href=\"https:\/\/forms.gle\/qXP8JTgk4ByFvLMU6\" target=\"_blank\"><strong>https:\/\/forms.gle\/qXP8JTgk4ByFvLMU6<\/strong><\/a><\/p>\n\n\n\n<p><\/p>\n ","protected":false},"excerpt":{"rendered":"<p>Szeretettel h\u00edvunk Benneteket \u00e9s k\u00f6z\u00f6ss\u00e9geiteket, hogy id\u00e9n a&nbsp;KATT\u00c1RS&nbsp;(Katolikus T\u00e1rsadalmi Napok &#8211; https:\/\/kattars.hu) orsz\u00e1gos rendezv\u00e9nysorozat keretein bel\u00fcl t\u00f6lts\u00fcnk el egy j\u00f3 hangulat\u00fa, esem\u00e9nyekkel&nbsp;teli napot.&nbsp; Nagy \u00f6r\u00f6m sz\u00e1munkra, hogy ism\u00e9t k\u00f6zeledik az \u00e9vr\u0151l-\u00e9vre megrendez\u00e9sre ker\u00fcl\u0151&nbsp;Szent Gell\u00e9rt Ifj\u00fas\u00e1gi Tal\u00e1lkoz\u00f3,&nbsp;amely az egyik f\u0151 eleme lesz a szombati napnak. A Tal\u00e1lkoz\u00f3ra v\u00e1runk minden olyan&nbsp;13 \u00e9s 18 \u00e9v k\u00f6z\u00f6tti&nbsp;fiatalt, aki szeret&hellip; <br \/> <a class=\"read-more\" href=\"https:\/\/ipcszeged.hu\/index.php\/kattanj-ra-gellert-nap22\/\">Read more<\/a><\/p>\n","protected":false},"author":1,"featured_media":0,"parent":0,"menu_order":0,"comment_status":"closed","ping_status":"closed","template":"","meta":{"ngg_post_thumbnail":0,"footnotes":""},"class_list":["post-17965","page","type-page","status-publish","hentry"],"_links":{"self":[{"href":"https:\/\/ipcszeged.hu\/index.php\/wp-json\/wp\/v2\/pages\/17965","targetHints":{"allow":["GET"]}}],"collection":[{"href":"https:\/\/ipcszeged.hu\/index.php\/wp-json\/wp\/v2\/pages"}],"about":[{"href":"https:\/\/ipcszeged.hu\/index.php\/wp-json\/wp\/v2\/types\/page"}],"author":[{"embeddable":true,"href":"https:\/\/ipcszeged.hu\/index.php\/wp-json\/wp\/v2\/users\/1"}],"replies":[{"embeddable":true,"href":"https:\/\/ipcszeged.hu\/index.php\/wp-json\/wp\/v2\/comments?post=17965"}],"version-history":[{"count":2,"href":"https:\/\/ipcszeged.hu\/index.php\/wp-json\/wp\/v2\/pages\/17965\/revisions"}],"predecessor-version":[{"id":17967,"href":"https:\/\/ipcszeged.hu\/index.php\/wp-json\/wp\/v2\/pages\/17965\/revisions\/17967"}],"wp:attachment":[{"href":"https:\/\/ipcszeged.hu\/index.php\/wp-json\/wp\/v2\/media?parent=17965"}],"curies":[{"name":"wp","href":"https:\/\/api.w.org\/{rel}","templated":true}]}}