{"id":17925,"date":"2022-04-27T14:41:09","date_gmt":"2022-04-27T13:41:09","guid":{"rendered":"https:\/\/ipcszeged.hu\/?page_id=17925"},"modified":"2022-04-27T14:41:10","modified_gmt":"2022-04-27T13:41:10","slug":"2022-bevallalod","status":"publish","type":"page","link":"https:\/\/ipcszeged.hu\/index.php\/2022-bevallalod\/","title":{"rendered":"2022 &#8211; Bev\u00e1llalod?"},"content":{"rendered":"<p style=\"text-align: justify;\">Az id\u00e9i \u00e9vben ism\u00e9t megrendez\u00e9sre ker\u00fcl az Egyh\u00e1zmegyei Ifj\u00fas\u00e1gi T\u00e1bor, amely lehet\u0151s\u00e9get ad arra, hogy k\u00fcl\u00f6nb\u00f6z\u0151 pl\u00e9b\u00e1ni\u00e1k fiataljai megismerj\u00e9k egym\u00e1st, egy\u00fctt \u00f6r\u00fcljenek, im\u00e1dkozzanak \u00e9s er\u0151s\u00edts\u00e9k egym\u00e1sban az egyh\u00e1zmegyei identit\u00e1st. Ezt seg\u00edti majd a t\u00e1borvezet\u0151k \u00e1ltal \u00f6ssze\u00e1ll\u00edtott gazdag program k\u00edn\u00e1lat is.<\/p>\n<p style=\"text-align: justify;\">Id\u0151pont: <strong>2022. j\u00falius 4\u201310.<br><\/strong>Helysz\u00edn:&nbsp;<strong>Domasz\u00e9k-Z\u00f6ldf\u00e1s<br><\/strong>Az idei t\u00e1bor t\u00e9m\u00e1ja: <strong>\u201eBev\u00e1llalod\u201d<\/strong>, szeretn\u00e9nk, ha a t\u00e1boroz\u00f3k jobban megismern\u00e9k a saj\u00e1t \u00e9s k\u00f6r\u00fcl\u00f6tt\u00fck l\u00e9v\u0151 hat\u00e1rokat.<br>R\u00e9szv\u00e9teli d\u00edj:&nbsp;<strong>25.000 forint<\/strong> (Amennyiben a t\u00e1boroz\u00f3nak ez neh\u00e9zs\u00e9get okoz, arra szeretn\u00e9nk k\u00e9rni, hogy keresse meg pl\u00e9b\u00e1nos\u00e1t.)<br>Korhat\u00e1r: <strong>13-18 \u00e9v<\/strong><br><strong>Regisztr\u00e1ci\u00f3s hat\u00e1rid\u0151 2022. m\u00e1jus 25.<\/strong><\/p>\n<p style=\"text-align: justify;\"><strong>A jelentkez\u00e9s felt\u00e9tele a pl\u00e9b\u00e1nosi aj\u00e1nl\u00e1s nyomtatott form\u00e1ja vagy felt\u00f6lt\u00e9se a&nbsp;regisztr\u00e1ci\u00f3s rendszerbe!<\/strong>&nbsp;<\/p>\n<p><strong><a href=\"https:\/\/ipcszeged.hu\/wp-content\/uploads\/2022\/04\/plebanosi-ajanlas_2022.pdf\" target=\"_blank\" rel=\"noopener\">A pl\u00e9b\u00e1nosi aj\u00e1nl\u00e1s formanyomtatv\u00e1nya itt t\u00f6lthet\u0151 le<\/a><\/strong><\/p>\n<p><strong><a href=\"https:\/\/ipcszeged.hu\/wp-content\/uploads\/2022\/04\/eu-nyilatkozat_2022.pdf\">Az E\u00fc-nyilatkozat formanyomtatv\u00e1nya itt t\u00f6lthet\u0151 le<\/a><\/strong><\/p>\n<p style=\"text-align: justify;\">A t\u00e1borban val\u00f3 r\u00e9szv\u00e9tel regisztr\u00e1ci\u00f3hoz k\u00f6t\u00f6tt! A t\u00e1borhely adotts\u00e1gai miatt az id\u0151rendi jelentkez\u00e9st tudjuk elfogadni. A jelentkez\u00e9si lista mellett egy v\u00e1r\u00f3 list\u00e1t is kialak\u00edtunk, amelyr\u0151l abban az esetben lehet beker\u00fclni a t\u00e1boroz\u00f3k k\u00f6z\u00e9, ha valaki visszamondja az el\u0151zetes regisztr\u00e1ci\u00f3j\u00e1t.<\/p>\n<p>&nbsp;<\/p>\n\n\n<iframe loading=\"lazy\" src=\"https:\/\/docs.google.com\/forms\/d\/e\/1FAIpQLScCvDJCcUDZa2uLlVmRadEwmKMuqRZB2EwXGndcxbSxnbarXg\/viewform?embedded=true\" width=\"800\" height=\"1024\" frameborder=\"0\" marginheight=\"0\" marginwidth=\"0\">Bet\u00f6lt\u00e9s\u2026<\/iframe>\n ","protected":false},"excerpt":{"rendered":"<p>Az id\u00e9i \u00e9vben ism\u00e9t megrendez\u00e9sre ker\u00fcl az Egyh\u00e1zmegyei Ifj\u00fas\u00e1gi T\u00e1bor, amely lehet\u0151s\u00e9get ad arra, hogy k\u00fcl\u00f6nb\u00f6z\u0151 pl\u00e9b\u00e1ni\u00e1k fiataljai megismerj\u00e9k egym\u00e1st, egy\u00fctt \u00f6r\u00fcljenek, im\u00e1dkozzanak \u00e9s er\u0151s\u00edts\u00e9k egym\u00e1sban az egyh\u00e1zmegyei identit\u00e1st. Ezt seg\u00edti majd a t\u00e1borvezet\u0151k \u00e1ltal \u00f6ssze\u00e1ll\u00edtott gazdag program k\u00edn\u00e1lat is. Id\u0151pont: 2022. j\u00falius 4\u201310.Helysz\u00edn:&nbsp;Domasz\u00e9k-Z\u00f6ldf\u00e1sAz idei t\u00e1bor t\u00e9m\u00e1ja: \u201eBev\u00e1llalod\u201d, szeretn\u00e9nk, ha a t\u00e1boroz\u00f3k jobban megismern\u00e9k a&hellip; <br \/> <a class=\"read-more\" href=\"https:\/\/ipcszeged.hu\/index.php\/2022-bevallalod\/\">Read more<\/a><\/p>\n","protected":false},"author":1,"featured_media":17922,"parent":0,"menu_order":0,"comment_status":"closed","ping_status":"closed","template":"","meta":{"ngg_post_thumbnail":0,"footnotes":""},"class_list":["post-17925","page","type-page","status-publish","has-post-thumbnail","hentry"],"_links":{"self":[{"href":"https:\/\/ipcszeged.hu\/index.php\/wp-json\/wp\/v2\/pages\/17925","targetHints":{"allow":["GET"]}}],"collection":[{"href":"https:\/\/ipcszeged.hu\/index.php\/wp-json\/wp\/v2\/pages"}],"about":[{"href":"https:\/\/ipcszeged.hu\/index.php\/wp-json\/wp\/v2\/types\/page"}],"author":[{"embeddable":true,"href":"https:\/\/ipcszeged.hu\/index.php\/wp-json\/wp\/v2\/users\/1"}],"replies":[{"embeddable":true,"href":"https:\/\/ipcszeged.hu\/index.php\/wp-json\/wp\/v2\/comments?post=17925"}],"version-history":[{"count":2,"href":"https:\/\/ipcszeged.hu\/index.php\/wp-json\/wp\/v2\/pages\/17925\/revisions"}],"predecessor-version":[{"id":17929,"href":"https:\/\/ipcszeged.hu\/index.php\/wp-json\/wp\/v2\/pages\/17925\/revisions\/17929"}],"wp:featuredmedia":[{"embeddable":true,"href":"https:\/\/ipcszeged.hu\/index.php\/wp-json\/wp\/v2\/media\/17922"}],"wp:attachment":[{"href":"https:\/\/ipcszeged.hu\/index.php\/wp-json\/wp\/v2\/media?parent=17925"}],"curies":[{"name":"wp","href":"https:\/\/api.w.org\/{rel}","templated":true}]}}