{"id":1777,"date":"2016-09-06T10:39:21","date_gmt":"2016-09-06T10:39:21","guid":{"rendered":"http:\/\/www.ipcszeged.hu\/?page_id=1777"},"modified":"2016-09-06T10:39:21","modified_gmt":"2016-09-06T10:39:21","slug":"elkotelezett-program","status":"publish","type":"page","link":"https:\/\/ipcszeged.hu\/index.php\/programok-ahol-megtalalsz-bennunket\/szent-gellert-ifjusagi-talalkozo\/szent-gellert-ifjusagi-talalkozo-2016\/elkotelezett-program\/","title":{"rendered":"&#8220;Elk\u00f6telezett&#8221; Program"},"content":{"rendered":"<h5>8:30-9:00 Gy\u00fclekez\u0151<\/h5>\n<h5>9:00-9:15 K\u00f6z\u00f6s \u00e9nekl\u00e9s a Domasz\u00e9ki \u00e9nekkar \u00e9s a B\u00e1rka zenekar k\u00f6zrem\u0171k\u00f6d\u00e9s\u00e9vel<\/h5>\n<h5>9:15-9:30 Film<\/h5>\n<h5>9:30 &#8211; 9:45 Reggeli elm\u00e9lked\u00e9s Gyulay Endre p\u00fcsp\u00f6k aty\u00e1val<\/h5>\n<h5>10:00 &#8211; 10:30 Paffy atya el\u0151ad\u00e1sa az ELK\u00d6TELEZ\u0150D\u00c9SR\u0150L<\/h5>\n<h5>11:00-12:30<\/h5>\n<ul>\n<li>\n<h5>Csoportfoglalkoz\u00e1s a k\u00f6z\u00e9piskol\u00e1s gener\u00e1ci\u00f3nak<\/h5>\n<\/li>\n<li>\n<h5>M\u0171helyfoglalkoz\u00e1sok egyetemist\u00e1knak<\/h5>\n<ul>\n<li>\n<h5>Padl\u00f3k\u00e9p<\/h5>\n<\/li>\n<li>\n<h5>Bibliodr\u00e1ma<\/h5>\n<\/li>\n<li>\n<h5>Besz\u00e9lget\u00e9s az el\u0151ad\u00f3val<\/h5>\n<\/li>\n<li>\n<h5>Csendes szents\u00e9gim\u00e1d\u00e1s<\/h5>\n<\/li>\n<\/ul>\n<\/li>\n<\/ul>\n<h5>12:45 K\u00f6z\u00f6s eb\u00e9d a Quadrumban<\/h5>\n<h5>14:00 &#8211; 14:30 K\u00f6z\u00f6s \u00e9nekes Zar\u00e1ndoklat a D\u00f3mhoz<\/h5>\n<h5>14:30 \u00c9nek<\/h5>\n<h5>15:00 Szentmise a D\u00f3mban<\/h5>\n<p>&nbsp;<\/p>\n ","protected":false},"excerpt":{"rendered":"<p>8:30-9:00 Gy\u00fclekez\u0151 9:00-9:15 K\u00f6z\u00f6s \u00e9nekl\u00e9s a Domasz\u00e9ki \u00e9nekkar \u00e9s a B\u00e1rka zenekar k\u00f6zrem\u0171k\u00f6d\u00e9s\u00e9vel 9:15-9:30 Film 9:30 &#8211; 9:45 Reggeli elm\u00e9lked\u00e9s Gyulay Endre p\u00fcsp\u00f6k aty\u00e1val 10:00 &#8211; 10:30 Paffy atya el\u0151ad\u00e1sa az ELK\u00d6TELEZ\u0150D\u00c9SR\u0150L 11:00-12:30 Csoportfoglalkoz\u00e1s a k\u00f6z\u00e9piskol\u00e1s gener\u00e1ci\u00f3nak M\u0171helyfoglalkoz\u00e1sok egyetemist\u00e1knak Padl\u00f3k\u00e9p Bibliodr\u00e1ma Besz\u00e9lget\u00e9s az el\u0151ad\u00f3val Csendes szents\u00e9gim\u00e1d\u00e1s 12:45 K\u00f6z\u00f6s eb\u00e9d a Quadrumban 14:00 &#8211; 14:30 K\u00f6z\u00f6s&hellip; <br \/> <a class=\"read-more\" href=\"https:\/\/ipcszeged.hu\/index.php\/programok-ahol-megtalalsz-bennunket\/szent-gellert-ifjusagi-talalkozo\/szent-gellert-ifjusagi-talalkozo-2016\/elkotelezett-program\/\">Read more<\/a><\/p>\n","protected":false},"author":1,"featured_media":0,"parent":1767,"menu_order":0,"comment_status":"closed","ping_status":"closed","template":"","meta":{"ngg_post_thumbnail":0,"footnotes":""},"class_list":["post-1777","page","type-page","status-publish","hentry"],"_links":{"self":[{"href":"https:\/\/ipcszeged.hu\/index.php\/wp-json\/wp\/v2\/pages\/1777","targetHints":{"allow":["GET"]}}],"collection":[{"href":"https:\/\/ipcszeged.hu\/index.php\/wp-json\/wp\/v2\/pages"}],"about":[{"href":"https:\/\/ipcszeged.hu\/index.php\/wp-json\/wp\/v2\/types\/page"}],"author":[{"embeddable":true,"href":"https:\/\/ipcszeged.hu\/index.php\/wp-json\/wp\/v2\/users\/1"}],"replies":[{"embeddable":true,"href":"https:\/\/ipcszeged.hu\/index.php\/wp-json\/wp\/v2\/comments?post=1777"}],"version-history":[{"count":1,"href":"https:\/\/ipcszeged.hu\/index.php\/wp-json\/wp\/v2\/pages\/1777\/revisions"}],"predecessor-version":[{"id":1778,"href":"https:\/\/ipcszeged.hu\/index.php\/wp-json\/wp\/v2\/pages\/1777\/revisions\/1778"}],"up":[{"embeddable":true,"href":"https:\/\/ipcszeged.hu\/index.php\/wp-json\/wp\/v2\/pages\/1767"}],"wp:attachment":[{"href":"https:\/\/ipcszeged.hu\/index.php\/wp-json\/wp\/v2\/media?parent=1777"}],"curies":[{"name":"wp","href":"https:\/\/api.w.org\/{rel}","templated":true}]}}